{"id":42687,"date":"2024-09-09T13:20:06","date_gmt":"2024-09-09T11:20:06","guid":{"rendered":"https:\/\/villa-seligmann.de\/?post_type=product&#038;p=42687"},"modified":"2025-10-21T22:20:28","modified_gmt":"2025-10-21T20:20:28","slug":"%d1%81%d1%83%d0%ba%d0%ba%d0%be%d1%82-%d0%bd%d0%b0-%d0%b2%d0%b8%d0%bb%d0%bb%d0%b5-%d1%81%d0%b5%d0%bb%d0%b8%d0%b3%d0%bc%d0%b0%d0%bd%d0%bd-kopie-2","status":"publish","type":"product","link":"https:\/\/villa-seligmann.de\/ru\/product\/%d1%81%d1%83%d0%ba%d0%ba%d0%be%d1%82-%d0%bd%d0%b0-%d0%b2%d0%b8%d0%bb%d0%bb%d0%b5-%d1%81%d0%b5%d0%bb%d0%b8%d0%b3%d0%bc%d0%b0%d0%bd%d0%bd-kopie-2\/","title":{"rendered":"\u0421\u0443\u043a\u043a\u043e\u0442 \u0432 \u0441\u043a\u0438\u043d\u0438\u0438"},"content":{"rendered":"<div class=\"wpb-content-wrapper\"><p>[vc_row][vc_column][vc_column_text css=&#8221;&#8221;]<strong>Sukkot Kennenlernen \u2013 alle sind dabei!<\/strong><\/p>\n<p>Liebe Freundinnen und Freunde, Kinder, Eltern und Gro\u00dfeltern,<\/p>\n<p>am Sonntag, 20. Oktober feiern wir gemeinsam von 16 bis 18 Uhr den vierten Sukkot-Tag in der neu gebauten Laubh\u00fctte* im Garten der Villa Seligmann! So wie jedes Jahr zu den j\u00fcdischen Festen laden wir Sie und Euch alters- und generations\u00fcbergreifend zu einem entspannten und zugleich lehrreichen Programm bei freiem Eintritt ein. Wie immer spielt die Musik eine gro\u00dfe Rolle bei uns. Zu Gast haben wir dieses Mal den jungen Kantor aus Israel Menachem Guenoun. Mit ihm wollen die Symbole und Br\u00e4uche zu Sukkot erkunden und musikalisch in der j\u00fcdischen Tradition verorten.<\/p>\n<p>Um diese Veranstaltung zu besuchen braucht man keine Vorkenntnisse vorzuweisen. Spielerisch und intuitiv nehmen wir unsere G\u00e4ste auf eine Erkundungsreise, die wir mit Pr\u00e4sentationen, Erz\u00e4hlungen und situativen Gespr\u00e4chen gestalten. F\u00fcr die J\u00fcngsten im Publikum sind Erfrischungen und Bastelaktivit\u00e4ten vorgesehen.<\/p>\n<p>Bei schlechtem Wetter wird der Aufenthalt verk\u00fcrzte bzw. gestrichen und die Veranstaltung findet in den R\u00e4umen der Villa Seligmann. Wir empfehlen, wetterfeste Kleidung und Schuhe in Betracht zu ziehen.<\/p>\n<p>Die Veranstaltung wird moderiert von Villa Seligmann Direktor Eliah Sakakushev-von Bismarck und organisiert von Bildungsreferentin Ilona Altschuler Amiel.[\/vc_column_text][\/vc_column][\/vc_row][vc_row][vc_column][vc_single_image image=&#8221;42703&#8243; css=&#8221;&#8221;][vc_column_text css=&#8221;&#8221;]<em>\u041c\u0435\u043d\u0430\u0445\u0435\u043c \u0413\u0443\u0435\u043d\u0443\u043d &#8211; \u043a\u0430\u043d\u0442\u043e\u0440 \u0441\u0438\u043d\u0430\u0433\u043e\u0433\u0438 \u0425\u043e\u044d \u0412\u0430\u0439\u0434\u0435 \u0432 \u0413\u0430\u043c\u0431\u0443\u0440\u0433\u0435.<br \/>\n27-\u043b\u0435\u0442\u043d\u0438\u0439 \u0438\u0437\u0440\u0430\u0438\u043b\u044c\u0442\u044f\u043d\u0438\u043d \u0436\u0438\u0432\u0435\u0442 \u0432 \u0413\u0435\u0440\u043c\u0430\u043d\u0438\u0438 \u0443\u0436\u0435 \u043f\u043e\u043b\u0442\u043e\u0440\u0430 \u0433\u043e\u0434\u0430.<br \/>\n\u0411\u043b\u0430\u0433\u043e\u0434\u0430\u0440\u044f \u0441\u0432\u043e\u0435\u043c\u0443 \u043c\u0443\u0437\u044b\u043a\u0430\u043b\u044c\u043d\u043e\u043c\u0443 \u0442\u0430\u043b\u0430\u043d\u0442\u0443 \u0438 \u0433\u043b\u0443\u0431\u043e\u043a\u043e\u043c\u0443 \u043f\u043e\u043d\u0438\u043c\u0430\u043d\u0438\u044e \u0435\u0432\u0440\u0435\u0439\u0441\u043a\u043e\u0439 \u043b\u0438\u0442\u0443\u0440\u0433\u0438\u0438 \u0438 \u0440\u0435\u043b\u0438\u0433\u0438\u043e\u0437\u043d\u043e\u0439 \u0436\u0438\u0437\u043d\u0438, \u043e\u043d \u0432\u043d\u043e\u0441\u0438\u0442 \u0437\u043d\u0430\u0447\u0438\u0442\u0435\u043b\u044c\u043d\u044b\u0439 \u0432\u043a\u043b\u0430\u0434 \u0432 \u0441\u043e\u0445\u0440\u0430\u043d\u0435\u043d\u0438\u0435 \u0438 \u043f\u0435\u0440\u0435\u0434\u0430\u0447\u0443 \u0435\u0432\u0440\u0435\u0439\u0441\u043a\u0438\u0445 \u0442\u0440\u0430\u0434\u0438\u0446\u0438\u0439 \u0447\u0435\u0440\u0435\u0437 \u043f\u0435\u0441\u043d\u0438 \u0438 \u043c\u043e\u043b\u0438\u0442\u0432\u044b.  <\/em>[\/vc_column_text][\/vc_column][\/vc_row][vc_row][vc_column][vc_column_text css=&#8221;&#8221;]<strong>\u0412\u0445\u043e\u0434 \u0441\u0432\u043e\u0431\u043e\u0434\u043d\u044b\u0439. \u041f\u0440\u043e\u0441\u044c\u0431\u0430 \u043e \u043f\u043e\u0436\u0435\u0440\u0442\u0432\u043e\u0432\u0430\u043d\u0438\u044f\u0445.<\/strong><\/p>\n<p>Anmeldungen im Webshop, telefonisch unter 0511 844887-200 oder per E-Mail an: <a href=\"mailto:karten@villa-seligmann.de\" rel=\"noopener\">karten@villa-seligmann.de<\/a><\/p>\n<p>*) Die Laubh\u00fctte der Villa Seligmann wurde mit der freundlichen Unterst\u00fctzung der <em>Freunde der Villa Seligmann e. V.<\/em> erm\u00f6glicht.[\/vc_column_text][\/vc_column][\/vc_row]<\/p>\n<\/div>","protected":false},"excerpt":{"rendered":"<p>\u0420\u0430\u0434\u043e\u0441\u0442\u043d\u044b\u0439 \u043f\u0440\u0430\u0437\u0434\u043d\u0438\u043a \u0421\u0443\u043a\u043a\u043e\u0442 \u0434\u043b\u044f \u0432\u0441\u0435\u0439 \u0441\u0435\u043c\u044c\u0438 \u0432 \u0441\u043e\u043f\u0440\u043e\u0432\u043e\u0436\u0434\u0435\u043d\u0438\u0438 \u043a\u0430\u043d\u0442\u043e\u0440\u0430 \u041c\u0435\u043d\u0430\u0445\u0435\u043c\u0430 \u0413\u0443\u0435\u043d\u0443\u043d\u0430 \u043f\u0440\u0438\u0433\u043b\u0430\u0448\u0430\u0435\u0442 \u0412\u0430\u0441 \u043f\u043e\u0437\u043d\u0430\u043a\u043e\u043c\u0438\u0442\u044c\u0441\u044f \u0441 \u043e\u0431\u044b\u0447\u0430\u044f\u043c\u0438 \u0438 \u0441\u0438\u043c\u0432\u043e\u043b\u0438\u0437\u043c\u043e\u043c \u0435\u0432\u0440\u0435\u0439\u0441\u043a\u043e\u0433\u043e \u043f\u0440\u0430\u0437\u0434\u043d\u0438\u043a\u0430 \u0432 \u0421\u0443\u043a\u043a\u0435 \u043d\u0430 \u0432\u0438\u043b\u043b\u0435 \u0421\u0435\u043b\u0438\u0433\u043c\u0430\u043d\u043d.<\/p>\n","protected":false},"featured_media":0,"comment_status":"open","ping_status":"closed","template":"","meta":{"_acf_changed":false},"product_brand":[],"product_cat":[273,276,277],"product_tag":[634,511,560,561,562,625,626,629,631,314,632,347],"class_list":{"0":"post-42687","1":"product","2":"type-product","3":"status-publish","5":"product_cat-273","6":"product_cat-276","7":"product_cat-277","8":"product_tag-634","9":"product_tag-511","10":"product_tag-560","11":"product_tag-561","12":"product_tag-562","13":"product_tag-625","14":"product_tag-626","15":"product_tag-629","16":"product_tag-631","17":"product_tag-314","18":"product_tag-632","19":"product_tag-347","21":"first","22":"instock","23":"taxable","24":"shipping-taxable","25":"purchasable","26":"product-type-variable"},"acf":[],"yoast_head":"<!-- This site is optimized with the Yoast SEO plugin v27.2 - https:\/\/yoast.com\/product\/yoast-seo-wordpress\/ -->\n<title>\u0421\u0443\u043a\u043a\u043e\u0442 \u0432 \u0441\u043a\u0438\u043d\u0438\u0438 - Villa Seligmann<\/title>\n<meta name=\"description\" content=\"\u042d\u0442\u043e \u0441\u043e\u0431\u044b\u0442\u0438\u0435 \u0431\u0443\u0434\u0435\u0442 \u0442\u0440\u0430\u043d\u0441\u043b\u0438\u0440\u043e\u0432\u0430\u0442\u044c\u0441\u044f \u0432 \u043f\u0440\u044f\u043c\u043e\u043c \u044d\u0444\u0438\u0440\u0435 \u043d\u0430 Instagram \u0438 Facebook.\" \/>\n<meta name=\"robots\" content=\"index, follow, max-snippet:-1, max-image-preview:large, max-video-preview:-1\" \/>\n<link rel=\"canonical\" href=\"https:\/\/villa-seligmann.de\/ru\/product\/%d1%81%d1%83%d0%ba%d0%ba%d0%be%d1%82-%d0%bd%d0%b0-%d0%b2%d0%b8%d0%bb%d0%bb%d0%b5-%d1%81%d0%b5%d0%bb%d0%b8%d0%b3%d0%bc%d0%b0%d0%bd%d0%bd-kopie-2\/\" \/>\n<meta property=\"og:locale\" content=\"ru_RU\" \/>\n<meta property=\"og:type\" content=\"article\" \/>\n<meta property=\"og:title\" content=\"\u0421\u0443\u043a\u043a\u043e\u0442 \u0432 \u0441\u043a\u0438\u043d\u0438\u0438 - Villa Seligmann\" \/>\n<meta property=\"og:description\" content=\"\u042d\u0442\u043e \u0441\u043e\u0431\u044b\u0442\u0438\u0435 \u0431\u0443\u0434\u0435\u0442 \u0442\u0440\u0430\u043d\u0441\u043b\u0438\u0440\u043e\u0432\u0430\u0442\u044c\u0441\u044f \u0432 \u043f\u0440\u044f\u043c\u043e\u043c \u044d\u0444\u0438\u0440\u0435 \u043d\u0430 Instagram \u0438 Facebook.\" \/>\n<meta property=\"og:url\" content=\"https:\/\/villa-seligmann.de\/ru\/product\/%d1%81%d1%83%d0%ba%d0%ba%d0%be%d1%82-%d0%bd%d0%b0-%d0%b2%d0%b8%d0%bb%d0%bb%d0%b5-%d1%81%d0%b5%d0%bb%d0%b8%d0%b3%d0%bc%d0%b0%d0%bd%d0%bd-kopie-2\/\" \/>\n<meta property=\"og:site_name\" content=\"Villa Seligmann\" \/>\n<meta property=\"article:publisher\" content=\"https:\/\/www.facebook.com\/villa.seligmann\/\" \/>\n<meta property=\"article:modified_time\" content=\"2025-10-21T20:20:28+00:00\" \/>\n<meta property=\"og:image\" content=\"https:\/\/villa-seligmann.de\/wp-content\/uploads\/2024\/09\/Das-Laubhuettenfest-Sukkot-.jpg\" \/>\n\t<meta property=\"og:image:width\" content=\"1200\" \/>\n\t<meta property=\"og:image:height\" content=\"802\" \/>\n\t<meta property=\"og:image:type\" content=\"image\/jpeg\" \/>\n<meta name=\"twitter:card\" content=\"summary_large_image\" \/>\n<meta name=\"twitter:label1\" content=\"\u041f\u0440\u0438\u043c\u0435\u0440\u043d\u043e\u0435 \u0432\u0440\u0435\u043c\u044f \u0434\u043b\u044f \u0447\u0442\u0435\u043d\u0438\u044f\" \/>\n\t<meta name=\"twitter:data1\" content=\"2 \u043c\u0438\u043d\u0443\u0442\u044b\" \/>\n<script type=\"application\/ld+json\" class=\"yoast-schema-graph\">{\"@context\":\"https:\/\/schema.org\",\"@graph\":[{\"@type\":\"WebPage\",\"@id\":\"https:\/\/villa-seligmann.de\/ru\/product\/%d1%81%d1%83%d0%ba%d0%ba%d0%be%d1%82-%d0%bd%d0%b0-%d0%b2%d0%b8%d0%bb%d0%bb%d0%b5-%d1%81%d0%b5%d0%bb%d0%b8%d0%b3%d0%bc%d0%b0%d0%bd%d0%bd-kopie-2\/\",\"url\":\"https:\/\/villa-seligmann.de\/ru\/product\/%d1%81%d1%83%d0%ba%d0%ba%d0%be%d1%82-%d0%bd%d0%b0-%d0%b2%d0%b8%d0%bb%d0%bb%d0%b5-%d1%81%d0%b5%d0%bb%d0%b8%d0%b3%d0%bc%d0%b0%d0%bd%d0%bd-kopie-2\/\",\"name\":\"\u0421\u0443\u043a\u043a\u043e\u0442 \u0432 \u0441\u043a\u0438\u043d\u0438\u0438 - Villa Seligmann\",\"isPartOf\":{\"@id\":\"https:\/\/villa-seligmann.de\/ru\/#website\"},\"datePublished\":\"2024-09-09T11:20:06+00:00\",\"dateModified\":\"2025-10-21T20:20:28+00:00\",\"description\":\"\u042d\u0442\u043e \u0441\u043e\u0431\u044b\u0442\u0438\u0435 \u0431\u0443\u0434\u0435\u0442 \u0442\u0440\u0430\u043d\u0441\u043b\u0438\u0440\u043e\u0432\u0430\u0442\u044c\u0441\u044f \u0432 \u043f\u0440\u044f\u043c\u043e\u043c \u044d\u0444\u0438\u0440\u0435 \u043d\u0430 Instagram \u0438 Facebook.\",\"breadcrumb\":{\"@id\":\"https:\/\/villa-seligmann.de\/ru\/product\/%d1%81%d1%83%d0%ba%d0%ba%d0%be%d1%82-%d0%bd%d0%b0-%d0%b2%d0%b8%d0%bb%d0%bb%d0%b5-%d1%81%d0%b5%d0%bb%d0%b8%d0%b3%d0%bc%d0%b0%d0%bd%d0%bd-kopie-2\/#breadcrumb\"},\"inLanguage\":\"ru-RU\",\"potentialAction\":[{\"@type\":\"ReadAction\",\"target\":[\"https:\/\/villa-seligmann.de\/ru\/product\/%d1%81%d1%83%d0%ba%d0%ba%d0%be%d1%82-%d0%bd%d0%b0-%d0%b2%d0%b8%d0%bb%d0%bb%d0%b5-%d1%81%d0%b5%d0%bb%d0%b8%d0%b3%d0%bc%d0%b0%d0%bd%d0%bd-kopie-2\/\"]}]},{\"@type\":\"BreadcrumbList\",\"@id\":\"https:\/\/villa-seligmann.de\/ru\/product\/%d1%81%d1%83%d0%ba%d0%ba%d0%be%d1%82-%d0%bd%d0%b0-%d0%b2%d0%b8%d0%bb%d0%bb%d0%b5-%d1%81%d0%b5%d0%bb%d0%b8%d0%b3%d0%bc%d0%b0%d0%bd%d0%bd-kopie-2\/#breadcrumb\",\"itemListElement\":[{\"@type\":\"ListItem\",\"position\":1,\"name\":\"Startseite\",\"item\":\"https:\/\/villa-seligmann.de\/ru\/%d0%b2%d0%b0%d1%88-%d0%b0%d0%b4%d1%80%d0%b5%d1%81-%d0%b4%d0%bb%d1%8f-%d0%b6%d0%b8%d0%b2%d0%be%d0%b9-%d0%b5%d0%b2%d1%80%d0%b5%d0%b9%d1%81%d0%ba%d0%be%d0%b9-%d0%ba%d1%83%d0%bb%d1%8c%d1%82%d1%83%d1%80\/\"},{\"@type\":\"ListItem\",\"position\":2,\"name\":\"\u041c\u0430\u0433\u0430\u0437\u0438\u043d\",\"item\":\"https:\/\/villa-seligmann.de\/ru\/%d0%bc%d0%b0%d0%b3%d0%b0%d0%b7%d0%b8%d0%bd\/\"},{\"@type\":\"ListItem\",\"position\":3,\"name\":\"\u0421\u0443\u043a\u043a\u043e\u0442 \u0432 \u0441\u043a\u0438\u043d\u0438\u0438\"}]},{\"@type\":\"WebSite\",\"@id\":\"https:\/\/villa-seligmann.de\/ru\/#website\",\"url\":\"https:\/\/villa-seligmann.de\/ru\/\",\"name\":\"Villa Seligmann\",\"description\":\"\",\"publisher\":{\"@id\":\"https:\/\/villa-seligmann.de\/ru\/#organization\"},\"potentialAction\":[{\"@type\":\"SearchAction\",\"target\":{\"@type\":\"EntryPoint\",\"urlTemplate\":\"https:\/\/villa-seligmann.de\/ru\/?s={search_term_string}\"},\"query-input\":{\"@type\":\"PropertyValueSpecification\",\"valueRequired\":true,\"valueName\":\"search_term_string\"}}],\"inLanguage\":\"ru-RU\"},{\"@type\":\"Organization\",\"@id\":\"https:\/\/villa-seligmann.de\/ru\/#organization\",\"name\":\"Siegmund Seligmann Gesellschaft e.V.\",\"url\":\"https:\/\/villa-seligmann.de\/ru\/\",\"logo\":{\"@type\":\"ImageObject\",\"inLanguage\":\"ru-RU\",\"@id\":\"https:\/\/villa-seligmann.de\/ru\/#\/schema\/logo\/image\/\",\"url\":\"http:\/\/villa-seligmann.com\/wp-content\/uploads\/2023\/09\/Logo-Villa-Seligmann.svg\",\"contentUrl\":\"http:\/\/villa-seligmann.com\/wp-content\/uploads\/2023\/09\/Logo-Villa-Seligmann.svg\",\"width\":1278,\"height\":902,\"caption\":\"Siegmund Seligmann Gesellschaft e.V.\"},\"image\":{\"@id\":\"https:\/\/villa-seligmann.de\/ru\/#\/schema\/logo\/image\/\"},\"sameAs\":[\"https:\/\/www.facebook.com\/villa.seligmann\/\",\"https:\/\/www.youtube.com\/channel\/UCv0CtyCbwPHMOb-cmdsXcjw\",\"https:\/\/www.instagram.com\/villaseligmann\/\"]}]}<\/script>\n<!-- \/ Yoast SEO plugin. -->","yoast_head_json":{"title":"\u0421\u0443\u043a\u043a\u043e\u0442 \u0432 \u0441\u043a\u0438\u043d\u0438\u0438 - Villa Seligmann","description":"\u042d\u0442\u043e \u0441\u043e\u0431\u044b\u0442\u0438\u0435 \u0431\u0443\u0434\u0435\u0442 \u0442\u0440\u0430\u043d\u0441\u043b\u0438\u0440\u043e\u0432\u0430\u0442\u044c\u0441\u044f \u0432 \u043f\u0440\u044f\u043c\u043e\u043c \u044d\u0444\u0438\u0440\u0435 \u043d\u0430 Instagram \u0438 Facebook.","robots":{"index":"index","follow":"follow","max-snippet":"max-snippet:-1","max-image-preview":"max-image-preview:large","max-video-preview":"max-video-preview:-1"},"canonical":"https:\/\/villa-seligmann.de\/ru\/product\/%d1%81%d1%83%d0%ba%d0%ba%d0%be%d1%82-%d0%bd%d0%b0-%d0%b2%d0%b8%d0%bb%d0%bb%d0%b5-%d1%81%d0%b5%d0%bb%d0%b8%d0%b3%d0%bc%d0%b0%d0%bd%d0%bd-kopie-2\/","og_locale":"ru_RU","og_type":"article","og_title":"\u0421\u0443\u043a\u043a\u043e\u0442 \u0432 \u0441\u043a\u0438\u043d\u0438\u0438 - Villa Seligmann","og_description":"\u042d\u0442\u043e \u0441\u043e\u0431\u044b\u0442\u0438\u0435 \u0431\u0443\u0434\u0435\u0442 \u0442\u0440\u0430\u043d\u0441\u043b\u0438\u0440\u043e\u0432\u0430\u0442\u044c\u0441\u044f \u0432 \u043f\u0440\u044f\u043c\u043e\u043c \u044d\u0444\u0438\u0440\u0435 \u043d\u0430 Instagram \u0438 Facebook.","og_url":"https:\/\/villa-seligmann.de\/ru\/product\/%d1%81%d1%83%d0%ba%d0%ba%d0%be%d1%82-%d0%bd%d0%b0-%d0%b2%d0%b8%d0%bb%d0%bb%d0%b5-%d1%81%d0%b5%d0%bb%d0%b8%d0%b3%d0%bc%d0%b0%d0%bd%d0%bd-kopie-2\/","og_site_name":"Villa Seligmann","article_publisher":"https:\/\/www.facebook.com\/villa.seligmann\/","article_modified_time":"2025-10-21T20:20:28+00:00","og_image":[{"width":1200,"height":802,"url":"https:\/\/villa-seligmann.de\/wp-content\/uploads\/2024\/09\/Das-Laubhuettenfest-Sukkot-.jpg","type":"image\/jpeg"}],"twitter_card":"summary_large_image","twitter_misc":{"\u041f\u0440\u0438\u043c\u0435\u0440\u043d\u043e\u0435 \u0432\u0440\u0435\u043c\u044f \u0434\u043b\u044f \u0447\u0442\u0435\u043d\u0438\u044f":"2 \u043c\u0438\u043d\u0443\u0442\u044b"},"schema":{"@context":"https:\/\/schema.org","@graph":[{"@type":"WebPage","@id":"https:\/\/villa-seligmann.de\/ru\/product\/%d1%81%d1%83%d0%ba%d0%ba%d0%be%d1%82-%d0%bd%d0%b0-%d0%b2%d0%b8%d0%bb%d0%bb%d0%b5-%d1%81%d0%b5%d0%bb%d0%b8%d0%b3%d0%bc%d0%b0%d0%bd%d0%bd-kopie-2\/","url":"https:\/\/villa-seligmann.de\/ru\/product\/%d1%81%d1%83%d0%ba%d0%ba%d0%be%d1%82-%d0%bd%d0%b0-%d0%b2%d0%b8%d0%bb%d0%bb%d0%b5-%d1%81%d0%b5%d0%bb%d0%b8%d0%b3%d0%bc%d0%b0%d0%bd%d0%bd-kopie-2\/","name":"\u0421\u0443\u043a\u043a\u043e\u0442 \u0432 \u0441\u043a\u0438\u043d\u0438\u0438 - Villa Seligmann","isPartOf":{"@id":"https:\/\/villa-seligmann.de\/ru\/#website"},"datePublished":"2024-09-09T11:20:06+00:00","dateModified":"2025-10-21T20:20:28+00:00","description":"\u042d\u0442\u043e \u0441\u043e\u0431\u044b\u0442\u0438\u0435 \u0431\u0443\u0434\u0435\u0442 \u0442\u0440\u0430\u043d\u0441\u043b\u0438\u0440\u043e\u0432\u0430\u0442\u044c\u0441\u044f \u0432 \u043f\u0440\u044f\u043c\u043e\u043c \u044d\u0444\u0438\u0440\u0435 \u043d\u0430 Instagram \u0438 Facebook.","breadcrumb":{"@id":"https:\/\/villa-seligmann.de\/ru\/product\/%d1%81%d1%83%d0%ba%d0%ba%d0%be%d1%82-%d0%bd%d0%b0-%d0%b2%d0%b8%d0%bb%d0%bb%d0%b5-%d1%81%d0%b5%d0%bb%d0%b8%d0%b3%d0%bc%d0%b0%d0%bd%d0%bd-kopie-2\/#breadcrumb"},"inLanguage":"ru-RU","potentialAction":[{"@type":"ReadAction","target":["https:\/\/villa-seligmann.de\/ru\/product\/%d1%81%d1%83%d0%ba%d0%ba%d0%be%d1%82-%d0%bd%d0%b0-%d0%b2%d0%b8%d0%bb%d0%bb%d0%b5-%d1%81%d0%b5%d0%bb%d0%b8%d0%b3%d0%bc%d0%b0%d0%bd%d0%bd-kopie-2\/"]}]},{"@type":"BreadcrumbList","@id":"https:\/\/villa-seligmann.de\/ru\/product\/%d1%81%d1%83%d0%ba%d0%ba%d0%be%d1%82-%d0%bd%d0%b0-%d0%b2%d0%b8%d0%bb%d0%bb%d0%b5-%d1%81%d0%b5%d0%bb%d0%b8%d0%b3%d0%bc%d0%b0%d0%bd%d0%bd-kopie-2\/#breadcrumb","itemListElement":[{"@type":"ListItem","position":1,"name":"Startseite","item":"https:\/\/villa-seligmann.de\/ru\/%d0%b2%d0%b0%d1%88-%d0%b0%d0%b4%d1%80%d0%b5%d1%81-%d0%b4%d0%bb%d1%8f-%d0%b6%d0%b8%d0%b2%d0%be%d0%b9-%d0%b5%d0%b2%d1%80%d0%b5%d0%b9%d1%81%d0%ba%d0%be%d0%b9-%d0%ba%d1%83%d0%bb%d1%8c%d1%82%d1%83%d1%80\/"},{"@type":"ListItem","position":2,"name":"\u041c\u0430\u0433\u0430\u0437\u0438\u043d","item":"https:\/\/villa-seligmann.de\/ru\/%d0%bc%d0%b0%d0%b3%d0%b0%d0%b7%d0%b8%d0%bd\/"},{"@type":"ListItem","position":3,"name":"\u0421\u0443\u043a\u043a\u043e\u0442 \u0432 \u0441\u043a\u0438\u043d\u0438\u0438"}]},{"@type":"WebSite","@id":"https:\/\/villa-seligmann.de\/ru\/#website","url":"https:\/\/villa-seligmann.de\/ru\/","name":"Villa Seligmann","description":"","publisher":{"@id":"https:\/\/villa-seligmann.de\/ru\/#organization"},"potentialAction":[{"@type":"SearchAction","target":{"@type":"EntryPoint","urlTemplate":"https:\/\/villa-seligmann.de\/ru\/?s={search_term_string}"},"query-input":{"@type":"PropertyValueSpecification","valueRequired":true,"valueName":"search_term_string"}}],"inLanguage":"ru-RU"},{"@type":"Organization","@id":"https:\/\/villa-seligmann.de\/ru\/#organization","name":"Siegmund Seligmann Gesellschaft e.V.","url":"https:\/\/villa-seligmann.de\/ru\/","logo":{"@type":"ImageObject","inLanguage":"ru-RU","@id":"https:\/\/villa-seligmann.de\/ru\/#\/schema\/logo\/image\/","url":"http:\/\/villa-seligmann.com\/wp-content\/uploads\/2023\/09\/Logo-Villa-Seligmann.svg","contentUrl":"http:\/\/villa-seligmann.com\/wp-content\/uploads\/2023\/09\/Logo-Villa-Seligmann.svg","width":1278,"height":902,"caption":"Siegmund Seligmann Gesellschaft e.V."},"image":{"@id":"https:\/\/villa-seligmann.de\/ru\/#\/schema\/logo\/image\/"},"sameAs":["https:\/\/www.facebook.com\/villa.seligmann\/","https:\/\/www.youtube.com\/channel\/UCv0CtyCbwPHMOb-cmdsXcjw","https:\/\/www.instagram.com\/villaseligmann\/"]}]}},"_links":{"self":[{"href":"https:\/\/villa-seligmann.de\/ru\/wp-json\/wp\/v2\/product\/42687","targetHints":{"allow":["GET"]}}],"collection":[{"href":"https:\/\/villa-seligmann.de\/ru\/wp-json\/wp\/v2\/product"}],"about":[{"href":"https:\/\/villa-seligmann.de\/ru\/wp-json\/wp\/v2\/types\/product"}],"replies":[{"embeddable":true,"href":"https:\/\/villa-seligmann.de\/ru\/wp-json\/wp\/v2\/comments?post=42687"}],"wp:attachment":[{"href":"https:\/\/villa-seligmann.de\/ru\/wp-json\/wp\/v2\/media?parent=42687"}],"wp:term":[{"taxonomy":"product_brand","embeddable":true,"href":"https:\/\/villa-seligmann.de\/ru\/wp-json\/wp\/v2\/product_brand?post=42687"},{"taxonomy":"product_cat","embeddable":true,"href":"https:\/\/villa-seligmann.de\/ru\/wp-json\/wp\/v2\/product_cat?post=42687"},{"taxonomy":"product_tag","embeddable":true,"href":"https:\/\/villa-seligmann.de\/ru\/wp-json\/wp\/v2\/product_tag?post=42687"}],"curies":[{"name":"wp","href":"https:\/\/api.w.org\/{rel}","templated":true}]}}