{"id":49155,"date":"2026-01-27T11:35:50","date_gmt":"2026-01-27T10:35:50","guid":{"rendered":"https:\/\/villa-seligmann.de\/?post_type=product&#038;p=49155"},"modified":"2026-02-03T12:15:39","modified_gmt":"2026-02-03T11:15:39","slug":"culture-and-dictatorship","status":"publish","type":"product","link":"https:\/\/villa-seligmann.de\/en\/product\/culture-and-dictatorship\/","title":{"rendered":"Culture and dictatorship"},"content":{"rendered":"<div class=\"wpb-content-wrapper\"><p>[vc_row][vc_column][vc_column_text css=&#8221;&#8221;]The Soviet dictatorship of Josef Stalin had a decisive influence on the 20th century and &#8211; judging by the current political situation in the East &#8211; unfortunately continues to have a major impact to this day. The concert and lecture &#8220;Culture and Dictatorship &#8211; Ways of Coexistence&#8221; provides a reflective insight into that time from the perspective of the resistance of intellectuals using artistic means &#8211; above all literature and music. <\/p>\n<p>The literary basis is provided by texts by great Russian-language writers who dealt with the effects of the destructive violence of the dictatorship on their own society. Through their art, they were able to provide spiritual support to their fellow human beings and at the same time strengthen the will to resist. <\/p>\n<p>Musically, works by Sergei Prokofiev, Dmitri Shostakovich and Joseph Achron provide direct emotional access to the topic and illustrate how the non-verbal art genre of music is able to convey the most difficult things and enable lasting reflection.<\/p>\n<hr>\n<p><strong>PROGRAMME<\/strong><br \/>\nSergei Prokofiev &#8211; Sonata No. 1 in F minor op. 80<br \/>\nDmitri Shostakovich &#8211; Sonata op. 134<br \/>\nJoseph Achron &#8211; Two Hebrew Pieces Op. 35 &#8211; Dance &amp; Lullaby<\/p>\n<hr>\n<p><strong>Tickets<\/strong> at 23\/18\/erm. 8 euros are available in the webshop, at <a href=\"mailto:karten@villa-seligmann.de\" target=\"_blank\" rel=\"noopener\">karten@villa-seligmann.de<\/a> or Tel.  0511 844887-200.[\/vc_column_text][\/vc_column][\/vc_row][vc_row][vc_column]        <div class=\"accordion-holder\">\r\n            <div class=\"accordion gap\"\r\n                 id=\"accordion-69d43abb821f6\">\r\n                        <div class=\"card \">\r\n            <div class=\"card-header\" id=\"heading-69d43abb821f60\" data-toggle=\"collapse\"\r\n                 data-target=\"#collapse-69d43abb821f60\" aria-expanded=\"false\"\r\n                 aria-controls=\"collapse-69d43abb821f60\">\r\n                <h4>K\u00fcnstler<\/h4>\r\n                <div class=\"arrow\"><\/div>\r\n            <\/div>\r\n            <div id=\"collapse-69d43abb821f60\" class=\"collapse\" aria-labelledby=\"heading-69d43abb821f60\"\r\n                 data-parent=\"#accordion-69d43abb821f6\">\r\n                <div class=\"card-body\"><p><strong>Alexander Lifland<\/strong> (Violine)<\/p>\n<p>Der vielseitige Violinist ist als Kammermusiker, Solist und Orchestermusiker t\u00e4tig. Seit 2010 ist Alexander Lifland festes Mitglied des Beethoven Orchester Bonn. Er ist Preistr\u00e4ger mehrerer internationaler Wettbewerbe. Sein beruflicher Werdegang f\u00fchrte Alexander Lifland u. a. zu den M\u00fcnchner Philharmonikern und dem Gewandhausorchester Leipzig. Im Jahr 2009 wurde er 1. Konzertmeister des Orchesters des Landestheaters Coburg. In dieser Funktion trat er mehrfach solistisch in Erscheinung. Alexander Lifland wurde 1982 in Irkutsk geboren. Sein Musikstudium absolvierte Alexander Lifland an der Musikakademie Tel Aviv sowie an der Hochschule f\u00fcr Musik und Theater Hannover. Ein Highlight der letzten Jahre bildete u. a. der Soloauftritt mit dem Brahms Violinkonzert mit dem Symphonieorchester Bergisch Gladbach unter der Leitung von Roman Salyutov. Als Pianist und Moderator gestaltet dieser gemeinsam mit Alexander Lifland viele besondere Projekte, z. B. die Geschichte der Geige von Itzhak Orloff, der im Holocaust ums Leben kam. Neue Formate wie die Verbindung zwischen Musik, Literatur und Geschichte haben ebenfalls gro\u00dfe Resonanz bei Publikum und Presse gefunden.<\/p>\n<p><strong>Roman Salyutov<\/strong> (Klavier)<\/p>\n<p>Roman Salyutov studierte Klavier und Dirigieren in Sankt Petersburg und K\u00f6ln und wurde als Musikwissenschaftler zum Dr. phil. in Paderborn promoviert. Seine Auftritte f\u00fchren ihn neben vielen Engagements in Europa auch in die USA, nach Japan, Australien, Neuseeland und Israel. Meisterkurse und musikwissenschaftliche Vortr\u00e4ge an Universit\u00e4ten und im Rahmen von Festivals sind ebenso Teil seiner T\u00e4tigkeit. Er ist Leiter des Sinfonieorchesters Bergisch Gladbach und Organisator mehrerer nationaler wie auch internationaler Projekte. Neben seinen rein k\u00fcnstlerischen Auftritten besch\u00e4ftigt sich Roman Salyutov mit Bildungs- und Aufkl\u00e4rungsarbeit durch Kultur wie auch multidisziplin\u00e4ren Projekten, die verschiedene Kunstarten und Darbietungsformen verbinden \u2013 beispielsweise Ausstellungen, Vortr\u00e4ge, Lesungen und Gespr\u00e4chsrunden mit Musik. Ende 2024 hat er die erste \u201eInternationale Erich Wolfgang Korngold Gesellschaft e. V.\u201c gegr\u00fcndet, die sich schwerpunktm\u00e4\u00dfig dem Schaffen verbannter, vergessener, verbotener und ermordeter Komponisten in der NS-Zeit widmet. F\u00fcr sein Engagement im Bereich Kultur wurde Roman Salyutov mit der Ehrennadel der Stadt Bergisch Gladbach ausgezeichnet.<\/p>\n                <\/div>\r\n            <\/div>\r\n        <\/div>\r\n                    <\/div>\r\n                    <\/div>\r\n        [vc_column_text css=&#8221;&#8221;]<\/p>\n<div class=\"woocommerce-tabs wc-tabs-wrapper\">\n<div class=\"wpb-content-wrapper\">\n<div class=\"vc_row wpb_row vc_row-fluid\">\n<div class=\"wpb_column vc_column_container vc_col-sm-12\">\n<div class=\"vc_column-inner\">\n<div class=\"wpb_wrapper\">\n<div class=\"wpb_text_column wpb_content_element\">\n<div class=\"wpb_wrapper\">\n<div class=\"vc_row wpb_row vc_row-fluid\">\n<div class=\"wpb_column vc_column_container vc_col-sm-12\">\n<div class=\"vc_column-inner\">\n<div class=\"wpb_wrapper\">\n<div class=\"wpb_text_column wpb_content_element\">\n<div class=\"wpb_wrapper\">\n<hr>\n<p>The event is being held in cooperation with the Konrad Adenauer Foundation.<\/p>\n<p><img loading=\"lazy\" decoding=\"async\" class=\"alignnone wp-image-44869\" src=\"https:\/\/villa-seligmann.de\/wp-content\/uploads\/2025\/03\/Bildschirmfoto-2025-03-04-um-11.06.53.png\" sizes=\"auto, (max-width: 277px) 100vw, 277px\" srcset=\"https:\/\/villa-seligmann.de\/wp-content\/uploads\/2025\/03\/Bildschirmfoto-2025-03-04-um-11.06.53.png 608w, https:\/\/villa-seligmann.de\/wp-content\/uploads\/2025\/03\/Bildschirmfoto-2025-03-04-um-11.06.53-400x192.png 400w, https:\/\/villa-seligmann.de\/wp-content\/uploads\/2025\/03\/Bildschirmfoto-2025-03-04-um-11.06.53-46x22.png 46w, https:\/\/villa-seligmann.de\/wp-content\/uploads\/2025\/03\/Bildschirmfoto-2025-03-04-um-11.06.53-250x120.png 250w, https:\/\/villa-seligmann.de\/wp-content\/uploads\/2025\/03\/Bildschirmfoto-2025-03-04-um-11.06.53-550x264.png 550w, https:\/\/villa-seligmann.de\/wp-content\/uploads\/2025\/03\/Bildschirmfoto-2025-03-04-um-11.06.53-600x288.png 600w\" alt=\"\" width=\"277\" height=\"133\"><\/p>\n<hr>\n<p><span style=\"color: #999999;\"><em>Please note that we will be taking photos and videos during this event. The image material will be published on our website and\/or social media channels and used for press work. By participating, visitors to this event agree to this.<\/em><\/span><\/p>\n<p>[\/vc_column_text][\/vc_column][\/vc_row][vc_row][vc_column][vc_column_text]<\/p>\n<\/div>\n<\/div>\n<\/div>\n<\/div>\n<\/div>\n<\/div>\n<\/div>\n<\/div>\n<\/div>\n<\/div>\n<\/div>\n<\/div>\n<\/div>\n<\/div>\n<p>[\/vc_column_text][\/vc_column][\/vc_row][vc_row][vc_column width=&#8221;1\/2&#8243;]        <div class=\"row\">\r\n            <div class=\"col-12 \">\r\n                                <a\r\n                                            href=\"https:\/\/villa-seligmann.de\/en\/product\/improvision-iii-music-meets-chocolate\/\"\r\n                        target=\"_blank\"\r\n                        rel=\"\"\r\n                        aria-label=\"Link zu https:\/\/villa-seligmann.de\/en\/product\/improvision-iii-music-meets-chocolate\/ \u00f6ffnen\"\r\n                        class=\"btn btn-default btn-  btn-69d43abb82296\"\r\n                >\r\n                    Vorherige Veranstaltung                <\/a>\r\n            <\/div>\r\n        <\/div>\r\n        [\/vc_column][vc_column width=&#8221;1\/2&#8243;]        <div class=\"row\">\r\n            <div class=\"col-12 text-right\">\r\n                                <a\r\n                                            href=\"https:\/\/villa-seligmann.de\/en\/product\/searching-for-traces-120-years-of-villa-seligmann-kopie-kopie\/\"\r\n                        target=\"_blank\"\r\n                        rel=\"\"\r\n                        aria-label=\"Link zu https:\/\/villa-seligmann.de\/en\/product\/searching-for-traces-120-years-of-villa-seligmann-kopie-kopie\/ \u00f6ffnen\"\r\n                        class=\"btn btn-default btn-  btn-69d43abb822ba\"\r\n                >\r\n                    N\u00e4chste Veranstaltung                <\/a>\r\n            <\/div>\r\n        <\/div>\r\n        [\/vc_column][\/vc_row]<\/p>\n<\/div>","protected":false},"excerpt":{"rendered":"<p><strong>Ways of coexistence<\/strong><\/p>\n<p>Concert and lecture with works by Prokofiev, Shostakovich &amp; Achron<\/p>\n","protected":false},"featured_media":49160,"comment_status":"open","ping_status":"closed","template":"","meta":{"_acf_changed":false},"product_brand":[],"product_cat":[197,178,186],"product_tag":[193,332,187,188],"class_list":{"0":"post-49155","1":"product","2":"type-product","3":"status-publish","4":"has-post-thumbnail","6":"product_cat-readings-lectures","7":"product_cat-events","8":"product_cat-concerts","9":"product_tag-history","10":"product_tag-lecture","11":"product_tag-concert","12":"product_tag-culture","14":"first","15":"instock","16":"taxable","17":"shipping-taxable","18":"purchasable","19":"product-type-variable"},"acf":[],"yoast_head":"<!-- This site is optimized with the Yoast SEO plugin v27.2 - https:\/\/yoast.com\/product\/yoast-seo-wordpress\/ -->\n<title>Culture and dictatorship - Villa Seligmann<\/title>\n<meta name=\"description\" content=\"Culture and Dictatorship: Ways of Coexistence (concert and lecture with Roman Salyutov, piano, and Alexander Lifland, violin)\" \/>\n<meta name=\"robots\" content=\"index, follow, max-snippet:-1, max-image-preview:large, max-video-preview:-1\" \/>\n<link rel=\"canonical\" href=\"https:\/\/villa-seligmann.de\/en\/product\/culture-and-dictatorship\/\" \/>\n<meta property=\"og:locale\" content=\"en_US\" \/>\n<meta property=\"og:type\" content=\"article\" \/>\n<meta property=\"og:title\" content=\"Culture and dictatorship - Villa Seligmann\" \/>\n<meta property=\"og:description\" content=\"Culture and Dictatorship: Ways of Coexistence (concert and lecture with Roman Salyutov, piano, and Alexander Lifland, violin)\" \/>\n<meta property=\"og:url\" content=\"https:\/\/villa-seligmann.de\/en\/product\/culture-and-dictatorship\/\" \/>\n<meta property=\"og:site_name\" content=\"Villa Seligmann\" \/>\n<meta property=\"article:publisher\" content=\"https:\/\/www.facebook.com\/villa.seligmann\/\" \/>\n<meta property=\"article:modified_time\" content=\"2026-02-03T11:15:39+00:00\" \/>\n<meta property=\"og:image\" content=\"https:\/\/villa-seligmann.de\/wp-content\/uploads\/2026\/01\/271-1200x675.png\" \/>\n\t<meta property=\"og:image:width\" content=\"1200\" \/>\n\t<meta property=\"og:image:height\" content=\"675\" \/>\n\t<meta property=\"og:image:type\" content=\"image\/png\" \/>\n<meta name=\"twitter:card\" content=\"summary_large_image\" \/>\n<meta name=\"twitter:label1\" content=\"Est. reading time\" \/>\n\t<meta name=\"twitter:data1\" content=\"4 minutes\" \/>\n<script type=\"application\/ld+json\" class=\"yoast-schema-graph\">{\"@context\":\"https:\/\/schema.org\",\"@graph\":[{\"@type\":\"WebPage\",\"@id\":\"https:\/\/villa-seligmann.de\/en\/product\/culture-and-dictatorship\/\",\"url\":\"https:\/\/villa-seligmann.de\/en\/product\/culture-and-dictatorship\/\",\"name\":\"Culture and dictatorship - Villa Seligmann\",\"isPartOf\":{\"@id\":\"https:\/\/villa-seligmann.de\/en\/#website\"},\"primaryImageOfPage\":{\"@id\":\"https:\/\/villa-seligmann.de\/en\/product\/culture-and-dictatorship\/#primaryimage\"},\"image\":{\"@id\":\"https:\/\/villa-seligmann.de\/en\/product\/culture-and-dictatorship\/#primaryimage\"},\"thumbnailUrl\":\"https:\/\/villa-seligmann.de\/wp-content\/uploads\/2026\/01\/271.png\",\"datePublished\":\"2026-01-27T10:35:50+00:00\",\"dateModified\":\"2026-02-03T11:15:39+00:00\",\"description\":\"Culture and Dictatorship: Ways of Coexistence (concert and lecture with Roman Salyutov, piano, and Alexander Lifland, violin)\",\"breadcrumb\":{\"@id\":\"https:\/\/villa-seligmann.de\/en\/product\/culture-and-dictatorship\/#breadcrumb\"},\"inLanguage\":\"en-US\",\"potentialAction\":[{\"@type\":\"ReadAction\",\"target\":[\"https:\/\/villa-seligmann.de\/en\/product\/culture-and-dictatorship\/\"]}]},{\"@type\":\"ImageObject\",\"inLanguage\":\"en-US\",\"@id\":\"https:\/\/villa-seligmann.de\/en\/product\/culture-and-dictatorship\/#primaryimage\",\"url\":\"https:\/\/villa-seligmann.de\/wp-content\/uploads\/2026\/01\/271.png\",\"contentUrl\":\"https:\/\/villa-seligmann.de\/wp-content\/uploads\/2026\/01\/271.png\",\"width\":4400,\"height\":2475},{\"@type\":\"BreadcrumbList\",\"@id\":\"https:\/\/villa-seligmann.de\/en\/product\/culture-and-dictatorship\/#breadcrumb\",\"itemListElement\":[{\"@type\":\"ListItem\",\"position\":1,\"name\":\"Startseite\",\"item\":\"https:\/\/villa-seligmann.de\/en\/your-address-for-living-jewish-culture-in-hanover\/\"},{\"@type\":\"ListItem\",\"position\":2,\"name\":\"Store\",\"item\":\"https:\/\/villa-seligmann.de\/en\/store\/\"},{\"@type\":\"ListItem\",\"position\":3,\"name\":\"Culture and dictatorship\"}]},{\"@type\":\"WebSite\",\"@id\":\"https:\/\/villa-seligmann.de\/en\/#website\",\"url\":\"https:\/\/villa-seligmann.de\/en\/\",\"name\":\"Villa Seligmann\",\"description\":\"\",\"publisher\":{\"@id\":\"https:\/\/villa-seligmann.de\/en\/#organization\"},\"potentialAction\":[{\"@type\":\"SearchAction\",\"target\":{\"@type\":\"EntryPoint\",\"urlTemplate\":\"https:\/\/villa-seligmann.de\/en\/?s={search_term_string}\"},\"query-input\":{\"@type\":\"PropertyValueSpecification\",\"valueRequired\":true,\"valueName\":\"search_term_string\"}}],\"inLanguage\":\"en-US\"},{\"@type\":\"Organization\",\"@id\":\"https:\/\/villa-seligmann.de\/en\/#organization\",\"name\":\"Siegmund Seligmann Gesellschaft e.V.\",\"url\":\"https:\/\/villa-seligmann.de\/en\/\",\"logo\":{\"@type\":\"ImageObject\",\"inLanguage\":\"en-US\",\"@id\":\"https:\/\/villa-seligmann.de\/en\/#\/schema\/logo\/image\/\",\"url\":\"http:\/\/villa-seligmann.com\/wp-content\/uploads\/2023\/09\/Logo-Villa-Seligmann.svg\",\"contentUrl\":\"http:\/\/villa-seligmann.com\/wp-content\/uploads\/2023\/09\/Logo-Villa-Seligmann.svg\",\"width\":1278,\"height\":902,\"caption\":\"Siegmund Seligmann Gesellschaft e.V.\"},\"image\":{\"@id\":\"https:\/\/villa-seligmann.de\/en\/#\/schema\/logo\/image\/\"},\"sameAs\":[\"https:\/\/www.facebook.com\/villa.seligmann\/\",\"https:\/\/www.youtube.com\/channel\/UCv0CtyCbwPHMOb-cmdsXcjw\",\"https:\/\/www.instagram.com\/villaseligmann\/\"]}]}<\/script>\n<!-- \/ Yoast SEO plugin. -->","yoast_head_json":{"title":"Culture and dictatorship - Villa Seligmann","description":"Culture and Dictatorship: Ways of Coexistence (concert and lecture with Roman Salyutov, piano, and Alexander Lifland, violin)","robots":{"index":"index","follow":"follow","max-snippet":"max-snippet:-1","max-image-preview":"max-image-preview:large","max-video-preview":"max-video-preview:-1"},"canonical":"https:\/\/villa-seligmann.de\/en\/product\/culture-and-dictatorship\/","og_locale":"en_US","og_type":"article","og_title":"Culture and dictatorship - Villa Seligmann","og_description":"Culture and Dictatorship: Ways of Coexistence (concert and lecture with Roman Salyutov, piano, and Alexander Lifland, violin)","og_url":"https:\/\/villa-seligmann.de\/en\/product\/culture-and-dictatorship\/","og_site_name":"Villa Seligmann","article_publisher":"https:\/\/www.facebook.com\/villa.seligmann\/","article_modified_time":"2026-02-03T11:15:39+00:00","og_image":[{"width":1200,"height":675,"url":"https:\/\/villa-seligmann.de\/wp-content\/uploads\/2026\/01\/271-1200x675.png","type":"image\/png"}],"twitter_card":"summary_large_image","twitter_misc":{"Est. reading time":"4 minutes"},"schema":{"@context":"https:\/\/schema.org","@graph":[{"@type":"WebPage","@id":"https:\/\/villa-seligmann.de\/en\/product\/culture-and-dictatorship\/","url":"https:\/\/villa-seligmann.de\/en\/product\/culture-and-dictatorship\/","name":"Culture and dictatorship - Villa Seligmann","isPartOf":{"@id":"https:\/\/villa-seligmann.de\/en\/#website"},"primaryImageOfPage":{"@id":"https:\/\/villa-seligmann.de\/en\/product\/culture-and-dictatorship\/#primaryimage"},"image":{"@id":"https:\/\/villa-seligmann.de\/en\/product\/culture-and-dictatorship\/#primaryimage"},"thumbnailUrl":"https:\/\/villa-seligmann.de\/wp-content\/uploads\/2026\/01\/271.png","datePublished":"2026-01-27T10:35:50+00:00","dateModified":"2026-02-03T11:15:39+00:00","description":"Culture and Dictatorship: Ways of Coexistence (concert and lecture with Roman Salyutov, piano, and Alexander Lifland, violin)","breadcrumb":{"@id":"https:\/\/villa-seligmann.de\/en\/product\/culture-and-dictatorship\/#breadcrumb"},"inLanguage":"en-US","potentialAction":[{"@type":"ReadAction","target":["https:\/\/villa-seligmann.de\/en\/product\/culture-and-dictatorship\/"]}]},{"@type":"ImageObject","inLanguage":"en-US","@id":"https:\/\/villa-seligmann.de\/en\/product\/culture-and-dictatorship\/#primaryimage","url":"https:\/\/villa-seligmann.de\/wp-content\/uploads\/2026\/01\/271.png","contentUrl":"https:\/\/villa-seligmann.de\/wp-content\/uploads\/2026\/01\/271.png","width":4400,"height":2475},{"@type":"BreadcrumbList","@id":"https:\/\/villa-seligmann.de\/en\/product\/culture-and-dictatorship\/#breadcrumb","itemListElement":[{"@type":"ListItem","position":1,"name":"Startseite","item":"https:\/\/villa-seligmann.de\/en\/your-address-for-living-jewish-culture-in-hanover\/"},{"@type":"ListItem","position":2,"name":"Store","item":"https:\/\/villa-seligmann.de\/en\/store\/"},{"@type":"ListItem","position":3,"name":"Culture and dictatorship"}]},{"@type":"WebSite","@id":"https:\/\/villa-seligmann.de\/en\/#website","url":"https:\/\/villa-seligmann.de\/en\/","name":"Villa Seligmann","description":"","publisher":{"@id":"https:\/\/villa-seligmann.de\/en\/#organization"},"potentialAction":[{"@type":"SearchAction","target":{"@type":"EntryPoint","urlTemplate":"https:\/\/villa-seligmann.de\/en\/?s={search_term_string}"},"query-input":{"@type":"PropertyValueSpecification","valueRequired":true,"valueName":"search_term_string"}}],"inLanguage":"en-US"},{"@type":"Organization","@id":"https:\/\/villa-seligmann.de\/en\/#organization","name":"Siegmund Seligmann Gesellschaft e.V.","url":"https:\/\/villa-seligmann.de\/en\/","logo":{"@type":"ImageObject","inLanguage":"en-US","@id":"https:\/\/villa-seligmann.de\/en\/#\/schema\/logo\/image\/","url":"http:\/\/villa-seligmann.com\/wp-content\/uploads\/2023\/09\/Logo-Villa-Seligmann.svg","contentUrl":"http:\/\/villa-seligmann.com\/wp-content\/uploads\/2023\/09\/Logo-Villa-Seligmann.svg","width":1278,"height":902,"caption":"Siegmund Seligmann Gesellschaft e.V."},"image":{"@id":"https:\/\/villa-seligmann.de\/en\/#\/schema\/logo\/image\/"},"sameAs":["https:\/\/www.facebook.com\/villa.seligmann\/","https:\/\/www.youtube.com\/channel\/UCv0CtyCbwPHMOb-cmdsXcjw","https:\/\/www.instagram.com\/villaseligmann\/"]}]}},"_links":{"self":[{"href":"https:\/\/villa-seligmann.de\/en\/wp-json\/wp\/v2\/product\/49155","targetHints":{"allow":["GET"]}}],"collection":[{"href":"https:\/\/villa-seligmann.de\/en\/wp-json\/wp\/v2\/product"}],"about":[{"href":"https:\/\/villa-seligmann.de\/en\/wp-json\/wp\/v2\/types\/product"}],"replies":[{"embeddable":true,"href":"https:\/\/villa-seligmann.de\/en\/wp-json\/wp\/v2\/comments?post=49155"}],"wp:featuredmedia":[{"embeddable":true,"href":"https:\/\/villa-seligmann.de\/en\/wp-json\/wp\/v2\/media\/49160"}],"wp:attachment":[{"href":"https:\/\/villa-seligmann.de\/en\/wp-json\/wp\/v2\/media?parent=49155"}],"wp:term":[{"taxonomy":"product_brand","embeddable":true,"href":"https:\/\/villa-seligmann.de\/en\/wp-json\/wp\/v2\/product_brand?post=49155"},{"taxonomy":"product_cat","embeddable":true,"href":"https:\/\/villa-seligmann.de\/en\/wp-json\/wp\/v2\/product_cat?post=49155"},{"taxonomy":"product_tag","embeddable":true,"href":"https:\/\/villa-seligmann.de\/en\/wp-json\/wp\/v2\/product_tag?post=49155"}],"curies":[{"name":"wp","href":"https:\/\/api.w.org\/{rel}","templated":true}]}}