{"id":47144,"date":"2025-09-26T11:19:08","date_gmt":"2025-09-26T09:19:08","guid":{"rendered":"https:\/\/villa-seligmann.de\/product\/sharon-kam-chen-reiss-yarel-kareth\/"},"modified":"2026-03-26T16:01:49","modified_gmt":"2026-03-26T15:01:49","slug":"sharon-kam-chen-reiss-yarel-kareth","status":"publish","type":"product","link":"https:\/\/villa-seligmann.de\/en\/product\/sharon-kam-chen-reiss-yarel-kareth\/","title":{"rendered":"Sharon Kam, Chen Reiss &amp; Yael Kareth"},"content":{"rendered":"<div class=\"wpb-content-wrapper\"><p>[vc_row][vc_column][vc_column_text css=&#8221;&#8221;]<\/p>\n<div class=\"vc_row wpb_row vc_row-fluid\">\n<div class=\"wpb_column vc_column_container vc_col-sm-12\">\n<div class=\"vc_column-inner\">\n<div class=\"wpb_wrapper\">\n<div class=\"wpb_text_column wpb_content_element\">\n<div class=\"wpb_wrapper\">\n<p><span style=\"color: #008080;\"><strong>Chen Reiss<\/strong><\/span>, soprano<br \/>\n<span style=\"color: #008080;\"><strong>Sharon Kam<\/strong><\/span>, clarinet<br \/>\n<strong><span style=\"color: #008080;\">Yael Kareth<\/span><\/strong>, piano<\/p>\n<h4><strong>Program<\/strong><\/h4>\n<p><strong>Robert Schumann<\/strong><br \/>\nThree Fantasy Pieces for Clarinet and Piano op. 73<\/p>\n<p><strong>Clara Schumann<\/strong><br \/>\nThey both loved each other \/ from: Sechs Lieder op. 13<br \/>\nLiebst du um Sch\u00f6nheit \/ from: Twelve songs from F. R\u00fcckert&#8217;s Liebesfr\u00fchling op. 12<\/p>\n<p><strong>Robert Schumann<\/strong><br \/>\nMyrthen op. 25 (selection)<\/p>\n<p><strong>Gustav Mahler<\/strong><br \/>\nDas himmlische Leben \/ from: Des Knaben Wunderhorn (arrangement for soprano, clarinet and piano)<\/p>\n<p><strong>Clara Schumann<\/strong><br \/>\nThree Romances for violin and piano op. 22 \/ arrangement for clarinet and piano<\/p>\n<p><strong>Louis Spohr<\/strong><br \/>\nSix German songs op. 103 (selection)<\/p>\n<p><strong>Elisabeth of Saxe-Meiningen<\/strong><br \/>\nRomance<\/p>\n<p><strong>Franz Schubert<\/strong><br \/>\nThe Shepherd on the Rock D 965<\/p>\n<\/div>\n<\/div>\n<\/div>\n<\/div>\n<\/div>\n<\/div>\n<div class=\"vc_row wpb_row vc_row-fluid\">\n<div class=\"wpb_column vc_column_container vc_col-sm-12\">\n<div class=\"vc_column-inner\">\n<div class=\"wpb_wrapper\">\n<div class=\"wpb_text_column wpb_content_element\">\n<div class=\"wpb_wrapper\">\n<hr>\n<p><em>Tickets 35\/20 (reduced 8) euros, available in the webshop, at <a href=\"mailto:karten@villa-seligmann.de\">karten@villa-seligmann.de<\/a> or <a href=\"tel:0511%20844887-200\">0511 844887-200<\/a>. Admission from 6 pm.  <\/em><\/p>\n<\/div>\n<\/div>\n<\/div>\n<\/div>\n<\/div>\n<\/div>\n<p>[\/vc_column_text][\/vc_column][\/vc_row][vc_row][vc_column][vc_column_text css=&#8221;&#8221;]<span style=\"color: #808080;\"><em>We kindly point out that photos and videos will be taken during this event. The image material will be published on our website and\/or social media channels and used for press work. By participating, visitors to this event agree to this.<\/em><\/span>[\/vc_column_text][\/vc_column][\/vc_row][vc_row][vc_column]        <div class=\"accordion-holder\">\r\n            <div class=\"accordion gap\"\r\n                 id=\"accordion-69d424ea536f7\">\r\n                        <div class=\"card \">\r\n            <div class=\"card-header\" id=\"heading-69d424ea536f70\" data-toggle=\"collapse\"\r\n                 data-target=\"#collapse-69d424ea536f70\" aria-expanded=\"false\"\r\n                 aria-controls=\"collapse-69d424ea536f70\">\r\n                <h4>K\u00fcnstlerinnen<\/h4>\r\n                <div class=\"arrow\"><\/div>\r\n            <\/div>\r\n            <div id=\"collapse-69d424ea536f70\" class=\"collapse\" aria-labelledby=\"heading-69d424ea536f70\"\r\n                 data-parent=\"#accordion-69d424ea536f7\">\r\n                <div class=\"card-body\"><p><strong>Sharon Kam<\/strong> geh\u00f6rt seit \u00fcber 20 Jahren zu den weltweit f\u00fchrenden Klarinettistinnen und arbeitet mit den bedeutendsten Orchestern in den USA, Europa und Japan. Vom Anbeginn ihrer Karriere sind die Mozartschen Meisterwerke f\u00fcr die Klarinette ein wesentlichen Bestandteil der k\u00fcnstlerischen Arbeit von Sharon Kam: Im Alter von nur 16 Jahren spielte sie Mozarts Klarinettenkonzert in ihrem Orchesterdeb\u00fct mit dem Israel Philharmonic Orchestra. Ihr Engagement f\u00fcr zeitgen\u00f6ssische Musik l\u00e4sst sich an zahlreichen Urauff\u00fchrungen ablesen. Sie wurde bereits zweimal mit dem ECHO Klassik als \u201eInstrumentalistin des Jahres\u201c ausgezeichnet\u200b. Seit 2022 ist Sharon Kam, an der Hochschule f\u00fcr Musik, Theater und Medien Hannover, als Professorin f\u00fcr Klarinette t\u00e4tig. Sharon Kam ist ein Buffet Crampon Artist und spielt das Modell R13.<\/p>\n<p><strong>Yael Kareth<\/strong> ist Professorin f\u00fcr Transkulturelle Musikvermittlung und Musikp\u00e4dagogik an der Barenboim-Said Akademie in Berlin. Vor ihrem Umzug nach Berlin war sie Leiterin der Musikabteilung an der Israelischen Oper, wo sie auch als Korrepetitorin, musikalische Leiterin, Dozentin und Content-Autorin t\u00e4tig war. Sie ist Gr\u00fcndungsmitglied des Israeli Chamber Project, eines Kammermusikensembles, mit dem sie regelm\u00e4\u00dfig in Israel auftrat und unterrichtete. Yael hat sich auf Vortragskonzerte spezialisiert, bei denen sie interkulturelle Verbindungen zwischen verschiedenen k\u00fcnstlerischen Medien schafft, sowie umfangreiche Erfahrung in der Vermittlung von klassischem Musikinhalt durch schriftliche und digitale Medien.<span class=\"Apple-converted-space\">\u00a0<\/span><\/p>\n<p>Die israelische Sopranistin <strong>Chen Reiss<\/strong> erlangte als Ensemblemitglied der Bayerischen Staatsoper und als Residenzk\u00fcnstlerin der Wiener Staatsoper Bekanntheit. Zu den H\u00f6hepunkten der Saison 2025\/26 z\u00e4hlen ihr Deb\u00fct als zweiter Sopran in Mahlers 8. Sinfonie mit Tarmo Peltokoski, Mahlers 2. Sinfonie mit dem Los Angeles Philharmonic unter Gustavo Dudamel, einschlie\u00dflich einer Asientournee, Carmina Burana mit dem Detroit Symphony Orchestra, Beethovens Missa Solemnis mit dem Orchestre de Paris unter Klaus M\u00e4kel\u00e4, Brahms\u2019 Deutsches Requiem mit dem London Symphony Orchestra unter Manfred Honeck und Vaughan Williams\u2019 A Sea Symphony mit dem Hall\u00e9 und dem Hong Kong Philharmonic. Dar\u00fcber hinaus wird Chen in der Saison 2025\/26 als Artist in Residence beim Real Orquesta Sinf\u00f3nica de Sevilla t\u00e4tig sein. Ihr Repertoire reicht von Konzertarien Mozarts und Beethovens bis hin zu Orchesterliedern von Strauss, Schreker und Korngold.<\/p>\n                <\/div>\r\n            <\/div>\r\n        <\/div>\r\n                    <\/div>\r\n                    <\/div>\r\n        [vc_column_text]With friendly support:<\/p>\n<p><img loading=\"lazy\" decoding=\"async\" class=\"alignnone wp-image-46738\" src=\"https:\/\/villa-seligmann.de\/wp-content\/uploads\/2025\/09\/Bildschirmfoto-2025-09-11-um-14.03.50-768x1024.png\" alt=\"\" width=\"159\" height=\"212\">[\/vc_column_text][\/vc_column][\/vc_row][vc_row][vc_column width=&#8221;1\/2&#8243;]        <div class=\"row\">\r\n            <div class=\"col-12 \">\r\n                                <a\r\n                                            href=\"https:\/\/villa-seligmann.de\/en\/product\/improvision-iii-music-meets-chocolate-kopie-kopie-2\/\"\r\n                        target=\"_blank\"\r\n                        rel=\"\"\r\n                        aria-label=\"Link zu https:\/\/villa-seligmann.de\/en\/product\/improvision-iii-music-meets-chocolate-kopie-kopie-2\/ \u00f6ffnen\"\r\n                        class=\"btn btn-default btn-  btn-69d424ea53794\"\r\n                >\r\n                    Vorherige Veranstaltung                <\/a>\r\n            <\/div>\r\n        <\/div>\r\n        [\/vc_column][vc_column width=&#8221;1\/2&#8243;]        <div class=\"row\">\r\n            <div class=\"col-12 text-right\">\r\n                                <a\r\n                                            href=\"https:\/\/villa-seligmann.de\/en\/product\/searching-for-traces-120-years-of-villa-seligmann-kopie\/\"\r\n                        target=\"_blank\"\r\n                        rel=\"\"\r\n                        aria-label=\"Link zu https:\/\/villa-seligmann.de\/en\/product\/searching-for-traces-120-years-of-villa-seligmann-kopie\/ \u00f6ffnen\"\r\n                        class=\"btn btn-default btn-  btn-69d424ea537b8\"\r\n                >\r\n                    N\u00e4chste Veranstaltung                <\/a>\r\n            <\/div>\r\n        <\/div>\r\n        [\/vc_column][\/vc_row]<\/p>\n<\/div>","protected":false},"excerpt":{"rendered":"<p><strong>Chamber music evening<\/strong><\/p>\n<p>Works by Schumann, Mahler and Spohr<\/p>\n<p><span style=\"color: #ff0000;\"><strong>The concert is fully booked. <\/strong><\/span> <\/p>\n","protected":false},"featured_media":48447,"comment_status":"open","ping_status":"closed","template":"","meta":{"_acf_changed":false},"product_brand":[],"product_cat":[186,178],"product_tag":[187,232,797,976,977],"class_list":{"0":"post-47144","1":"product","2":"type-product","3":"status-publish","4":"has-post-thumbnail","6":"product_cat-concerts","7":"product_cat-events","8":"product_tag-concert","9":"product_tag-chamber-music","10":"product_tag-singing","11":"product_tag-clarinet","12":"product_tag-israeli-musicians","14":"first","15":"outofstock","16":"taxable","17":"shipping-taxable","18":"purchasable","19":"product-type-variable"},"acf":[],"yoast_head":"<!-- This site is optimized with the Yoast SEO plugin v27.2 - https:\/\/yoast.com\/product\/yoast-seo-wordpress\/ -->\n<title>Sharon Kam, Chen Reiss &amp; Yael Kareth - Villa Seligmann<\/title>\n<meta name=\"description\" content=\"Sharon Kam, Chan Reiss and Yael Kareth will play chamber music at Villa Seligmann on March 26, 2026. The program includes works by\" \/>\n<meta name=\"robots\" content=\"index, follow, max-snippet:-1, max-image-preview:large, max-video-preview:-1\" \/>\n<link rel=\"canonical\" href=\"https:\/\/villa-seligmann.de\/en\/product\/sharon-kam-chen-reiss-yarel-kareth\/\" \/>\n<meta property=\"og:locale\" content=\"en_US\" \/>\n<meta property=\"og:type\" content=\"article\" \/>\n<meta property=\"og:title\" content=\"Sharon Kam, Chen Reiss &amp; Yael Kareth - Villa Seligmann\" \/>\n<meta property=\"og:description\" content=\"Sharon Kam, Chan Reiss and Yael Kareth will play chamber music at Villa Seligmann on March 26, 2026. The program includes works by\" \/>\n<meta property=\"og:url\" content=\"https:\/\/villa-seligmann.de\/en\/product\/sharon-kam-chen-reiss-yarel-kareth\/\" \/>\n<meta property=\"og:site_name\" content=\"Villa Seligmann\" \/>\n<meta property=\"article:publisher\" content=\"https:\/\/www.facebook.com\/villa.seligmann\/\" \/>\n<meta property=\"article:modified_time\" content=\"2026-03-26T15:01:49+00:00\" \/>\n<meta property=\"og:image\" content=\"https:\/\/villa-seligmann.de\/wp-content\/uploads\/2025\/09\/229-1200x675.png\" \/>\n\t<meta property=\"og:image:width\" content=\"1200\" \/>\n\t<meta property=\"og:image:height\" content=\"675\" \/>\n\t<meta property=\"og:image:type\" content=\"image\/png\" \/>\n<meta name=\"twitter:card\" content=\"summary_large_image\" \/>\n<meta name=\"twitter:label1\" content=\"Est. reading time\" \/>\n\t<meta name=\"twitter:data1\" content=\"3 minutes\" \/>\n<script type=\"application\/ld+json\" class=\"yoast-schema-graph\">{\"@context\":\"https:\/\/schema.org\",\"@graph\":[{\"@type\":\"WebPage\",\"@id\":\"https:\/\/villa-seligmann.de\/en\/product\/sharon-kam-chen-reiss-yarel-kareth\/\",\"url\":\"https:\/\/villa-seligmann.de\/en\/product\/sharon-kam-chen-reiss-yarel-kareth\/\",\"name\":\"Sharon Kam, Chen Reiss &amp; Yael Kareth - Villa Seligmann\",\"isPartOf\":{\"@id\":\"https:\/\/villa-seligmann.de\/en\/#website\"},\"primaryImageOfPage\":{\"@id\":\"https:\/\/villa-seligmann.de\/en\/product\/sharon-kam-chen-reiss-yarel-kareth\/#primaryimage\"},\"image\":{\"@id\":\"https:\/\/villa-seligmann.de\/en\/product\/sharon-kam-chen-reiss-yarel-kareth\/#primaryimage\"},\"thumbnailUrl\":\"https:\/\/villa-seligmann.de\/wp-content\/uploads\/2025\/09\/229.png\",\"datePublished\":\"2025-09-26T09:19:08+00:00\",\"dateModified\":\"2026-03-26T15:01:49+00:00\",\"description\":\"Sharon Kam, Chan Reiss and Yael Kareth will play chamber music at Villa Seligmann on March 26, 2026. The program includes works by\",\"breadcrumb\":{\"@id\":\"https:\/\/villa-seligmann.de\/en\/product\/sharon-kam-chen-reiss-yarel-kareth\/#breadcrumb\"},\"inLanguage\":\"en-US\",\"potentialAction\":[{\"@type\":\"ReadAction\",\"target\":[\"https:\/\/villa-seligmann.de\/en\/product\/sharon-kam-chen-reiss-yarel-kareth\/\"]}]},{\"@type\":\"ImageObject\",\"inLanguage\":\"en-US\",\"@id\":\"https:\/\/villa-seligmann.de\/en\/product\/sharon-kam-chen-reiss-yarel-kareth\/#primaryimage\",\"url\":\"https:\/\/villa-seligmann.de\/wp-content\/uploads\/2025\/09\/229.png\",\"contentUrl\":\"https:\/\/villa-seligmann.de\/wp-content\/uploads\/2025\/09\/229.png\",\"width\":4800,\"height\":2700},{\"@type\":\"BreadcrumbList\",\"@id\":\"https:\/\/villa-seligmann.de\/en\/product\/sharon-kam-chen-reiss-yarel-kareth\/#breadcrumb\",\"itemListElement\":[{\"@type\":\"ListItem\",\"position\":1,\"name\":\"Startseite\",\"item\":\"https:\/\/villa-seligmann.de\/en\/your-address-for-living-jewish-culture-in-hanover\/\"},{\"@type\":\"ListItem\",\"position\":2,\"name\":\"Store\",\"item\":\"https:\/\/villa-seligmann.de\/en\/store\/\"},{\"@type\":\"ListItem\",\"position\":3,\"name\":\"Sharon Kam, Chen Reiss &amp; Yael Kareth\"}]},{\"@type\":\"WebSite\",\"@id\":\"https:\/\/villa-seligmann.de\/en\/#website\",\"url\":\"https:\/\/villa-seligmann.de\/en\/\",\"name\":\"Villa Seligmann\",\"description\":\"\",\"publisher\":{\"@id\":\"https:\/\/villa-seligmann.de\/en\/#organization\"},\"potentialAction\":[{\"@type\":\"SearchAction\",\"target\":{\"@type\":\"EntryPoint\",\"urlTemplate\":\"https:\/\/villa-seligmann.de\/en\/?s={search_term_string}\"},\"query-input\":{\"@type\":\"PropertyValueSpecification\",\"valueRequired\":true,\"valueName\":\"search_term_string\"}}],\"inLanguage\":\"en-US\"},{\"@type\":\"Organization\",\"@id\":\"https:\/\/villa-seligmann.de\/en\/#organization\",\"name\":\"Siegmund Seligmann Gesellschaft e.V.\",\"url\":\"https:\/\/villa-seligmann.de\/en\/\",\"logo\":{\"@type\":\"ImageObject\",\"inLanguage\":\"en-US\",\"@id\":\"https:\/\/villa-seligmann.de\/en\/#\/schema\/logo\/image\/\",\"url\":\"http:\/\/villa-seligmann.com\/wp-content\/uploads\/2023\/09\/Logo-Villa-Seligmann.svg\",\"contentUrl\":\"http:\/\/villa-seligmann.com\/wp-content\/uploads\/2023\/09\/Logo-Villa-Seligmann.svg\",\"width\":1278,\"height\":902,\"caption\":\"Siegmund Seligmann Gesellschaft e.V.\"},\"image\":{\"@id\":\"https:\/\/villa-seligmann.de\/en\/#\/schema\/logo\/image\/\"},\"sameAs\":[\"https:\/\/www.facebook.com\/villa.seligmann\/\",\"https:\/\/www.youtube.com\/channel\/UCv0CtyCbwPHMOb-cmdsXcjw\",\"https:\/\/www.instagram.com\/villaseligmann\/\"]}]}<\/script>\n<!-- \/ Yoast SEO plugin. -->","yoast_head_json":{"title":"Sharon Kam, Chen Reiss &amp; Yael Kareth - Villa Seligmann","description":"Sharon Kam, Chan Reiss and Yael Kareth will play chamber music at Villa Seligmann on March 26, 2026. The program includes works by","robots":{"index":"index","follow":"follow","max-snippet":"max-snippet:-1","max-image-preview":"max-image-preview:large","max-video-preview":"max-video-preview:-1"},"canonical":"https:\/\/villa-seligmann.de\/en\/product\/sharon-kam-chen-reiss-yarel-kareth\/","og_locale":"en_US","og_type":"article","og_title":"Sharon Kam, Chen Reiss &amp; Yael Kareth - Villa Seligmann","og_description":"Sharon Kam, Chan Reiss and Yael Kareth will play chamber music at Villa Seligmann on March 26, 2026. The program includes works by","og_url":"https:\/\/villa-seligmann.de\/en\/product\/sharon-kam-chen-reiss-yarel-kareth\/","og_site_name":"Villa Seligmann","article_publisher":"https:\/\/www.facebook.com\/villa.seligmann\/","article_modified_time":"2026-03-26T15:01:49+00:00","og_image":[{"width":1200,"height":675,"url":"https:\/\/villa-seligmann.de\/wp-content\/uploads\/2025\/09\/229-1200x675.png","type":"image\/png"}],"twitter_card":"summary_large_image","twitter_misc":{"Est. reading time":"3 minutes"},"schema":{"@context":"https:\/\/schema.org","@graph":[{"@type":"WebPage","@id":"https:\/\/villa-seligmann.de\/en\/product\/sharon-kam-chen-reiss-yarel-kareth\/","url":"https:\/\/villa-seligmann.de\/en\/product\/sharon-kam-chen-reiss-yarel-kareth\/","name":"Sharon Kam, Chen Reiss &amp; Yael Kareth - Villa Seligmann","isPartOf":{"@id":"https:\/\/villa-seligmann.de\/en\/#website"},"primaryImageOfPage":{"@id":"https:\/\/villa-seligmann.de\/en\/product\/sharon-kam-chen-reiss-yarel-kareth\/#primaryimage"},"image":{"@id":"https:\/\/villa-seligmann.de\/en\/product\/sharon-kam-chen-reiss-yarel-kareth\/#primaryimage"},"thumbnailUrl":"https:\/\/villa-seligmann.de\/wp-content\/uploads\/2025\/09\/229.png","datePublished":"2025-09-26T09:19:08+00:00","dateModified":"2026-03-26T15:01:49+00:00","description":"Sharon Kam, Chan Reiss and Yael Kareth will play chamber music at Villa Seligmann on March 26, 2026. The program includes works by","breadcrumb":{"@id":"https:\/\/villa-seligmann.de\/en\/product\/sharon-kam-chen-reiss-yarel-kareth\/#breadcrumb"},"inLanguage":"en-US","potentialAction":[{"@type":"ReadAction","target":["https:\/\/villa-seligmann.de\/en\/product\/sharon-kam-chen-reiss-yarel-kareth\/"]}]},{"@type":"ImageObject","inLanguage":"en-US","@id":"https:\/\/villa-seligmann.de\/en\/product\/sharon-kam-chen-reiss-yarel-kareth\/#primaryimage","url":"https:\/\/villa-seligmann.de\/wp-content\/uploads\/2025\/09\/229.png","contentUrl":"https:\/\/villa-seligmann.de\/wp-content\/uploads\/2025\/09\/229.png","width":4800,"height":2700},{"@type":"BreadcrumbList","@id":"https:\/\/villa-seligmann.de\/en\/product\/sharon-kam-chen-reiss-yarel-kareth\/#breadcrumb","itemListElement":[{"@type":"ListItem","position":1,"name":"Startseite","item":"https:\/\/villa-seligmann.de\/en\/your-address-for-living-jewish-culture-in-hanover\/"},{"@type":"ListItem","position":2,"name":"Store","item":"https:\/\/villa-seligmann.de\/en\/store\/"},{"@type":"ListItem","position":3,"name":"Sharon Kam, Chen Reiss &amp; Yael Kareth"}]},{"@type":"WebSite","@id":"https:\/\/villa-seligmann.de\/en\/#website","url":"https:\/\/villa-seligmann.de\/en\/","name":"Villa Seligmann","description":"","publisher":{"@id":"https:\/\/villa-seligmann.de\/en\/#organization"},"potentialAction":[{"@type":"SearchAction","target":{"@type":"EntryPoint","urlTemplate":"https:\/\/villa-seligmann.de\/en\/?s={search_term_string}"},"query-input":{"@type":"PropertyValueSpecification","valueRequired":true,"valueName":"search_term_string"}}],"inLanguage":"en-US"},{"@type":"Organization","@id":"https:\/\/villa-seligmann.de\/en\/#organization","name":"Siegmund Seligmann Gesellschaft e.V.","url":"https:\/\/villa-seligmann.de\/en\/","logo":{"@type":"ImageObject","inLanguage":"en-US","@id":"https:\/\/villa-seligmann.de\/en\/#\/schema\/logo\/image\/","url":"http:\/\/villa-seligmann.com\/wp-content\/uploads\/2023\/09\/Logo-Villa-Seligmann.svg","contentUrl":"http:\/\/villa-seligmann.com\/wp-content\/uploads\/2023\/09\/Logo-Villa-Seligmann.svg","width":1278,"height":902,"caption":"Siegmund Seligmann Gesellschaft e.V."},"image":{"@id":"https:\/\/villa-seligmann.de\/en\/#\/schema\/logo\/image\/"},"sameAs":["https:\/\/www.facebook.com\/villa.seligmann\/","https:\/\/www.youtube.com\/channel\/UCv0CtyCbwPHMOb-cmdsXcjw","https:\/\/www.instagram.com\/villaseligmann\/"]}]}},"_links":{"self":[{"href":"https:\/\/villa-seligmann.de\/en\/wp-json\/wp\/v2\/product\/47144","targetHints":{"allow":["GET"]}}],"collection":[{"href":"https:\/\/villa-seligmann.de\/en\/wp-json\/wp\/v2\/product"}],"about":[{"href":"https:\/\/villa-seligmann.de\/en\/wp-json\/wp\/v2\/types\/product"}],"replies":[{"embeddable":true,"href":"https:\/\/villa-seligmann.de\/en\/wp-json\/wp\/v2\/comments?post=47144"}],"wp:featuredmedia":[{"embeddable":true,"href":"https:\/\/villa-seligmann.de\/en\/wp-json\/wp\/v2\/media\/48447"}],"wp:attachment":[{"href":"https:\/\/villa-seligmann.de\/en\/wp-json\/wp\/v2\/media?parent=47144"}],"wp:term":[{"taxonomy":"product_brand","embeddable":true,"href":"https:\/\/villa-seligmann.de\/en\/wp-json\/wp\/v2\/product_brand?post=47144"},{"taxonomy":"product_cat","embeddable":true,"href":"https:\/\/villa-seligmann.de\/en\/wp-json\/wp\/v2\/product_cat?post=47144"},{"taxonomy":"product_tag","embeddable":true,"href":"https:\/\/villa-seligmann.de\/en\/wp-json\/wp\/v2\/product_tag?post=47144"}],"curies":[{"name":"wp","href":"https:\/\/api.w.org\/{rel}","templated":true}]}}