{"id":45808,"date":"2025-06-11T12:26:56","date_gmt":"2025-06-11T10:26:56","guid":{"rendered":"https:\/\/villa-seligmann.de\/product\/yiddish-songs-of-change\/"},"modified":"2025-11-19T13:52:21","modified_gmt":"2025-11-19T12:52:21","slug":"yiddish-songs-of-change","status":"publish","type":"product","link":"https:\/\/villa-seligmann.de\/en\/product\/yiddish-songs-of-change\/","title":{"rendered":"Yiddish songs of change"},"content":{"rendered":"<div class=\"wpb-content-wrapper\"><p>[vc_row][vc_column][vc_column_text css=&#8221;&#8221;]<strong>The Golden Thread Ensemble<br \/>\n<\/strong><\/p>\n<div>Lorin Sklamberg &#8211; vocals, accordion<\/div>\n<div>Sasha Lurje &#8211; Vocals<\/div>\n<div>Craig Judelman &#8211; violin, vocals, composition<\/div>\n<div>Antti Korhola &#8211; Violin<\/div>\n<div>Shasta Ellenbogen &#8211; Viola<\/div>\n<div>Yulia Vendeland &#8211; Cello<\/div>\n<div>Lisa Hoppe &#8211; double bass<\/div>\n<p>&nbsp;<\/p>\n<p>The Golden Thread Ensemble is a septet of top-notch musicians from Europe and North America led by Grammy Award-winning New York vocalist <a href=\"https:\/\/www.klezmatics.com\/lorin-sklamberg\" target=\"_blank\" rel=\"noopener\">Lorin Sklamberg<\/a> (The Klezmatics) and acclaimed Latvian Yiddish singer <a href=\"https:\/\/www.craigjudelman.com\/about\" target=\"_blank\" rel=\"noopener\">Sasha Lurje.<\/a><br \/>\nWith arrangements by violinist Craig Judelman, the Golden Thread Ensemble presents the program &#8220;Yiddish Songs of Change and Resilience&#8221; &#8211; a compelling narrative about the role of music in the struggle for justice and equality.<br \/>\nFrom intimate folk ballads to rousing theatrical melodies and hymns, traditional and contemporary, the song collection traces the complex relationship between community, identity and social change.<br \/>\nThe Golden Thread Ensemble promises an unforgettable experience for both committed klezmer lovers and newcomers to Yiddish music, combining past and present, tradition and innovation, as well as generations and cultures.<\/p>\n<hr>\n<p>[\/vc_column_text]        <div class=\"accordion-holder\">\r\n            <div class=\"accordion gap\"\r\n                 id=\"accordion-69e237a5e8160\">\r\n                        <div class=\"card \">\r\n            <div class=\"card-header\" id=\"heading-69e237a5e81600\" data-toggle=\"collapse\"\r\n                 data-target=\"#collapse-69e237a5e81600\" aria-expanded=\"false\"\r\n                 aria-controls=\"collapse-69e237a5e81600\">\r\n                <h4>K\u00fcnstler:innen<\/h4>\r\n                <div class=\"arrow\"><\/div>\r\n            <\/div>\r\n            <div id=\"collapse-69e237a5e81600\" class=\"collapse\" aria-labelledby=\"heading-69e237a5e81600\"\r\n                 data-parent=\"#accordion-69e237a5e8160\">\r\n                <div class=\"card-body\"><\/p>\n<p><strong>Lorin Sklamberg<\/strong> ist S\u00e4nger der Grammy-pr\u00e4mierten Klezmatics, eine Gruppe die zu den f\u00fchrenden Vertretern des jiddischen Liedes und traditioneller j\u00fcdischer Gesangstechniken z\u00e4hlt. Der legend\u00e4re Musikkritiker Robert Christgau hat Lorin Sklambergs Stimme als \u00bbtranszendent, \u00e4therisch und sinnlich\u00ab beschrieben. Seit der Gr\u00fcndung der Klezmatics suchte Sklamberg in verschiedenen Disziplinen nach seiner eigenen Stimme. Er arbeitet seit fast 25 Jahren f\u00fcr das YIVO Institut f\u00fcr j\u00fcdische Forschung, derzeit als Sound Archivist. W\u00e4hrend 14 Jahren war er Koordinator von KlezKamp: The Yiddish Folk Arts Program und Mitbegr\u00fcnder von Living Traditions. Lorin ist auf rund 50 CDs zu h\u00f6ren, komponiert und performt f\u00fcr Film, Tanz, B\u00fchne und Zirkus, produziert Aufnahmen und unterrichtet und h\u00e4lt Vortr\u00e4ge von Sao Paulo bis London, von Paris bis Kiew und St. Petersburg.<\/p>\n<p>Quelle: <a href=\"https:\/\/www.gorki.de\/de\/ensemble\/lorin-sklamberg\" target=\"_blank\" rel=\"noopener\">https:\/\/www.gorki.de\/de\/ensemble\/lorin-sklamberg\u00a0<\/a><\/p>\n<p><a href=\"https:\/\/www.craigjudelman.com\/about\" target=\"_blank\" rel=\"noopener\"><strong>Sasha Lurje<\/strong><\/a> gilt als eine der f\u00fchrenden Jiddisch-S\u00e4ngerinnen weltweit. Sie taucht tief in traditionelle jiddische Stilrichtungen ein, haucht den alten Melodien Leben ein und leitet gleichzeitig zeitgen\u00f6ssische Projekte. \u00dcber den rockigen Beats von \u201eForshpil\u201c, mit eindringlichen Melodien des Semer Ensembles oder in Projekten wie \u201eBlack Rooster Sings\u201c und \u201eGoyfriend\u201c, sind Sashas Stimme und Leidenschaft unverkennbar. In Zusammenarbeit mit ihren Kolleg:innen, dem Fortunoff-Archiv der Yale University aber auch in Projekten wie \u201eSongs from Testimonies\u201c, dem \u201eHelsinki Yiddish Cabaret\u201c bis hin zu Theaterauff\u00fchrungen mit Michael Wex\u2019 \u201eLast Night in Cabaret Yitesh\u201c und Josh Waletzkys \u201ePleytem Tsuzamen\u201c schafft Sasha Lurje unvergessliche und nachhallende Erlebnisse. Sie ist aktive St\u00fctze der Berliner Klezmer-Community, regelm\u00e4\u00dfiger Gast bei Festivals wie dem Yiddish Summer Weimar, Shtetl Berlin und dem Seattle Yiddish Festival.<\/p>\n<p><strong><a href=\"https:\/\/www.craigjudelman.com\/about\" target=\"_blank\" rel=\"noopener\">Craig Judelman<\/a><\/strong> ist als Geiger, Komponist und P\u00e4dagoge auf beiden Seiten des Atlantiks hoch angesehen. In den 1990er Jahren begann er, Klezmer zu spielen und entwickelte im Laufe der Jahre durch seinen Hintergrund in klassischer Musik, Jazz, Komposition und amerikanischer Folkmusik in Kombination mit einem intensiven Studium der jiddischen Musik und Geschichte eine einzigartige Perspektive auf das aschkenasische Violinspiel. Seit seinem Umzug nach Berlin im Jahr 2017 hat er eine unverwechselbare Stimme in der Klezmer-Szene entwickelt. Er ist regelm\u00e4\u00dfig mit bekannten Musiker*innen wie Lorin Sklamberg und Michael Alpert im Studio und auf Tournee. Mit Michael Alpert hat er 2023 das hochgelobte Duo-Album In Der Heym ver\u00f6ffentlicht.Craig widmet sich nicht nur dem Spielen von Musik, sondern auch der Erforschung von Kultur, dem Organisieren von Veranstaltungen und dem Br\u00fcckenschlag zu anderen europ\u00e4ischen Traditionen. Zusammen mit Musiker*innen aus Lettland, Polen und der Ukraine hat er gemeinsames musikalisches Erbe erforscht. Er unterrichtet und tritt weltweit auf und ist einer der Hauptorganisator*innen von Shtetl Berlin und Mitbegr\u00fcnder des Seattle Yiddish Fest.<\/p>\n<p>Quelle: <a href=\"https:\/\/yiddishsummer.eu\/de\/haupt\/ueber-den-ysw\/kuenstlerinnen_bios\/craig-judelman.html\" target=\"_blank\" rel=\"noopener\">https:\/\/yiddishsummer.eu\/de\/haupt\/ueber-den-ysw\/kuenstlerinnen_bios\/craig-judelman.html<\/a><\/p>\n                <\/div>\r\n            <\/div>\r\n        <\/div>\r\n                    <\/div>\r\n                    <\/div>\r\n        [vc_column_text css=&#8221;&#8221;]<\/p>\n<hr>\n<h4><strong>Ticketing<\/strong><\/h4>\n<p>Tickets are available in three categories:<\/p>\n<p><strong>Premium<\/strong>: 30 Euro (seat in the first rows in front of the stage)<\/p>\n<p><strong>Normal price<\/strong>: 20 euros (free choice of seats behind the premium category)<\/p>\n<p><strong>BYO Chair \/ Reduced<\/strong>: 10 euros (free choice of seats behind the Premium category, for pupils, students or people with a disabled pass or Hannover AktivPass as well as for guests who want to bring their own seating or picnic blanket)<\/p>\n<hr>\n<p><span style=\"color: #999999;\"><em>Please note that we will be taking photos and videos during this event. The image material will be published on our website and\/or social media channels and used for press work. By participating, visitors to this event agree to this.<\/em><\/span>[\/vc_column_text][\/vc_column][\/vc_row][vc_row][vc_column width=&#8221;1\/3&#8243;][vc_single_image image=&#8221;45644&#8243; css=&#8221;&#8221;][\/vc_column][vc_column width=&#8221;1\/3&#8243;][\/vc_column][vc_column width=&#8221;1\/3&#8243;][\/vc_column][\/vc_row][vc_row][vc_column][vc_gallery interval=&#8221;3&#8243; images=&#8221;47698,47701,47704,47707,47710&#8243;][vc_column_text]Photos: \u00a9 Heiner Schlote[\/vc_column_text][\/vc_column][\/vc_row]<\/p>\n<\/div>","protected":false},"excerpt":{"rendered":"<p><strong>Garden concert<\/strong><\/p>\n<p>OPEN AIR<\/p>\n","protected":false},"featured_media":45735,"comment_status":"open","ping_status":"closed","template":"","meta":{"_acf_changed":false},"product_brand":[],"product_cat":[178,186],"product_tag":[],"class_list":{"0":"post-45808","1":"product","2":"type-product","3":"status-publish","4":"has-post-thumbnail","6":"product_cat-events","7":"product_cat-concerts","9":"first","10":"instock","11":"taxable","12":"shipping-taxable","13":"purchasable","14":"product-type-variable"},"acf":[],"yoast_head":"<!-- This site is optimized with the Yoast SEO plugin v27.2 - https:\/\/yoast.com\/product\/yoast-seo-wordpress\/ -->\n<title>Yiddish songs of change - Villa Seligmann<\/title>\n<meta name=\"description\" content=\"Yiddish songs with Sasha Lurje, Lorin Sklamberg, Craig Judelman and the Golden Thread Ensemble open-air in the garden of Villa Seligmann\" \/>\n<meta name=\"robots\" content=\"index, follow, max-snippet:-1, max-image-preview:large, max-video-preview:-1\" \/>\n<link rel=\"canonical\" href=\"https:\/\/villa-seligmann.de\/en\/product\/yiddish-songs-of-change\/\" \/>\n<meta property=\"og:locale\" content=\"en_US\" \/>\n<meta property=\"og:type\" content=\"article\" \/>\n<meta property=\"og:title\" content=\"Yiddish songs of change - Villa Seligmann\" \/>\n<meta property=\"og:description\" content=\"Yiddish songs with Sasha Lurje, Lorin Sklamberg, Craig Judelman and the Golden Thread Ensemble open-air in the garden of Villa Seligmann\" \/>\n<meta property=\"og:url\" content=\"https:\/\/villa-seligmann.de\/en\/product\/yiddish-songs-of-change\/\" \/>\n<meta property=\"og:site_name\" content=\"Villa Seligmann\" \/>\n<meta property=\"article:publisher\" content=\"https:\/\/www.facebook.com\/villa.seligmann\/\" \/>\n<meta property=\"article:modified_time\" content=\"2025-11-19T12:52:21+00:00\" \/>\n<meta property=\"og:image\" content=\"https:\/\/villa-seligmann.de\/wp-content\/uploads\/2025\/06\/Header-Startseite-neue-Website-5.jpg\" \/>\n\t<meta property=\"og:image:width\" content=\"1600\" \/>\n\t<meta property=\"og:image:height\" content=\"900\" \/>\n\t<meta property=\"og:image:type\" content=\"image\/jpeg\" \/>\n<meta name=\"twitter:card\" content=\"summary_large_image\" \/>\n<meta name=\"twitter:label1\" content=\"Est. reading time\" \/>\n\t<meta name=\"twitter:data1\" content=\"4 minutes\" \/>\n<script type=\"application\/ld+json\" class=\"yoast-schema-graph\">{\"@context\":\"https:\/\/schema.org\",\"@graph\":[{\"@type\":\"WebPage\",\"@id\":\"https:\/\/villa-seligmann.de\/en\/product\/yiddish-songs-of-change\/\",\"url\":\"https:\/\/villa-seligmann.de\/en\/product\/yiddish-songs-of-change\/\",\"name\":\"Yiddish songs of change - Villa Seligmann\",\"isPartOf\":{\"@id\":\"https:\/\/villa-seligmann.de\/en\/#website\"},\"primaryImageOfPage\":{\"@id\":\"https:\/\/villa-seligmann.de\/en\/product\/yiddish-songs-of-change\/#primaryimage\"},\"image\":{\"@id\":\"https:\/\/villa-seligmann.de\/en\/product\/yiddish-songs-of-change\/#primaryimage\"},\"thumbnailUrl\":\"https:\/\/villa-seligmann.de\/wp-content\/uploads\/2025\/06\/Header-Startseite-neue-Website-5.jpg\",\"datePublished\":\"2025-06-11T10:26:56+00:00\",\"dateModified\":\"2025-11-19T12:52:21+00:00\",\"description\":\"Yiddish songs with Sasha Lurje, Lorin Sklamberg, Craig Judelman and the Golden Thread Ensemble open-air in the garden of Villa Seligmann\",\"breadcrumb\":{\"@id\":\"https:\/\/villa-seligmann.de\/en\/product\/yiddish-songs-of-change\/#breadcrumb\"},\"inLanguage\":\"en-US\",\"potentialAction\":[{\"@type\":\"ReadAction\",\"target\":[\"https:\/\/villa-seligmann.de\/en\/product\/yiddish-songs-of-change\/\"]}]},{\"@type\":\"ImageObject\",\"inLanguage\":\"en-US\",\"@id\":\"https:\/\/villa-seligmann.de\/en\/product\/yiddish-songs-of-change\/#primaryimage\",\"url\":\"https:\/\/villa-seligmann.de\/wp-content\/uploads\/2025\/06\/Header-Startseite-neue-Website-5.jpg\",\"contentUrl\":\"https:\/\/villa-seligmann.de\/wp-content\/uploads\/2025\/06\/Header-Startseite-neue-Website-5.jpg\",\"width\":1600,\"height\":900},{\"@type\":\"BreadcrumbList\",\"@id\":\"https:\/\/villa-seligmann.de\/en\/product\/yiddish-songs-of-change\/#breadcrumb\",\"itemListElement\":[{\"@type\":\"ListItem\",\"position\":1,\"name\":\"Startseite\",\"item\":\"https:\/\/villa-seligmann.de\/en\/your-address-for-living-jewish-culture-in-hanover\/\"},{\"@type\":\"ListItem\",\"position\":2,\"name\":\"Store\",\"item\":\"https:\/\/villa-seligmann.de\/en\/store\/\"},{\"@type\":\"ListItem\",\"position\":3,\"name\":\"Yiddish songs of change\"}]},{\"@type\":\"WebSite\",\"@id\":\"https:\/\/villa-seligmann.de\/en\/#website\",\"url\":\"https:\/\/villa-seligmann.de\/en\/\",\"name\":\"Villa Seligmann\",\"description\":\"\",\"publisher\":{\"@id\":\"https:\/\/villa-seligmann.de\/en\/#organization\"},\"potentialAction\":[{\"@type\":\"SearchAction\",\"target\":{\"@type\":\"EntryPoint\",\"urlTemplate\":\"https:\/\/villa-seligmann.de\/en\/?s={search_term_string}\"},\"query-input\":{\"@type\":\"PropertyValueSpecification\",\"valueRequired\":true,\"valueName\":\"search_term_string\"}}],\"inLanguage\":\"en-US\"},{\"@type\":\"Organization\",\"@id\":\"https:\/\/villa-seligmann.de\/en\/#organization\",\"name\":\"Siegmund Seligmann Gesellschaft e.V.\",\"url\":\"https:\/\/villa-seligmann.de\/en\/\",\"logo\":{\"@type\":\"ImageObject\",\"inLanguage\":\"en-US\",\"@id\":\"https:\/\/villa-seligmann.de\/en\/#\/schema\/logo\/image\/\",\"url\":\"http:\/\/villa-seligmann.com\/wp-content\/uploads\/2023\/09\/Logo-Villa-Seligmann.svg\",\"contentUrl\":\"http:\/\/villa-seligmann.com\/wp-content\/uploads\/2023\/09\/Logo-Villa-Seligmann.svg\",\"width\":1278,\"height\":902,\"caption\":\"Siegmund Seligmann Gesellschaft e.V.\"},\"image\":{\"@id\":\"https:\/\/villa-seligmann.de\/en\/#\/schema\/logo\/image\/\"},\"sameAs\":[\"https:\/\/www.facebook.com\/villa.seligmann\/\",\"https:\/\/www.youtube.com\/channel\/UCv0CtyCbwPHMOb-cmdsXcjw\",\"https:\/\/www.instagram.com\/villaseligmann\/\"]}]}<\/script>\n<!-- \/ Yoast SEO plugin. -->","yoast_head_json":{"title":"Yiddish songs of change - Villa Seligmann","description":"Yiddish songs with Sasha Lurje, Lorin Sklamberg, Craig Judelman and the Golden Thread Ensemble open-air in the garden of Villa Seligmann","robots":{"index":"index","follow":"follow","max-snippet":"max-snippet:-1","max-image-preview":"max-image-preview:large","max-video-preview":"max-video-preview:-1"},"canonical":"https:\/\/villa-seligmann.de\/en\/product\/yiddish-songs-of-change\/","og_locale":"en_US","og_type":"article","og_title":"Yiddish songs of change - Villa Seligmann","og_description":"Yiddish songs with Sasha Lurje, Lorin Sklamberg, Craig Judelman and the Golden Thread Ensemble open-air in the garden of Villa Seligmann","og_url":"https:\/\/villa-seligmann.de\/en\/product\/yiddish-songs-of-change\/","og_site_name":"Villa Seligmann","article_publisher":"https:\/\/www.facebook.com\/villa.seligmann\/","article_modified_time":"2025-11-19T12:52:21+00:00","og_image":[{"width":1600,"height":900,"url":"https:\/\/villa-seligmann.de\/wp-content\/uploads\/2025\/06\/Header-Startseite-neue-Website-5.jpg","type":"image\/jpeg"}],"twitter_card":"summary_large_image","twitter_misc":{"Est. reading time":"4 minutes"},"schema":{"@context":"https:\/\/schema.org","@graph":[{"@type":"WebPage","@id":"https:\/\/villa-seligmann.de\/en\/product\/yiddish-songs-of-change\/","url":"https:\/\/villa-seligmann.de\/en\/product\/yiddish-songs-of-change\/","name":"Yiddish songs of change - Villa Seligmann","isPartOf":{"@id":"https:\/\/villa-seligmann.de\/en\/#website"},"primaryImageOfPage":{"@id":"https:\/\/villa-seligmann.de\/en\/product\/yiddish-songs-of-change\/#primaryimage"},"image":{"@id":"https:\/\/villa-seligmann.de\/en\/product\/yiddish-songs-of-change\/#primaryimage"},"thumbnailUrl":"https:\/\/villa-seligmann.de\/wp-content\/uploads\/2025\/06\/Header-Startseite-neue-Website-5.jpg","datePublished":"2025-06-11T10:26:56+00:00","dateModified":"2025-11-19T12:52:21+00:00","description":"Yiddish songs with Sasha Lurje, Lorin Sklamberg, Craig Judelman and the Golden Thread Ensemble open-air in the garden of Villa Seligmann","breadcrumb":{"@id":"https:\/\/villa-seligmann.de\/en\/product\/yiddish-songs-of-change\/#breadcrumb"},"inLanguage":"en-US","potentialAction":[{"@type":"ReadAction","target":["https:\/\/villa-seligmann.de\/en\/product\/yiddish-songs-of-change\/"]}]},{"@type":"ImageObject","inLanguage":"en-US","@id":"https:\/\/villa-seligmann.de\/en\/product\/yiddish-songs-of-change\/#primaryimage","url":"https:\/\/villa-seligmann.de\/wp-content\/uploads\/2025\/06\/Header-Startseite-neue-Website-5.jpg","contentUrl":"https:\/\/villa-seligmann.de\/wp-content\/uploads\/2025\/06\/Header-Startseite-neue-Website-5.jpg","width":1600,"height":900},{"@type":"BreadcrumbList","@id":"https:\/\/villa-seligmann.de\/en\/product\/yiddish-songs-of-change\/#breadcrumb","itemListElement":[{"@type":"ListItem","position":1,"name":"Startseite","item":"https:\/\/villa-seligmann.de\/en\/your-address-for-living-jewish-culture-in-hanover\/"},{"@type":"ListItem","position":2,"name":"Store","item":"https:\/\/villa-seligmann.de\/en\/store\/"},{"@type":"ListItem","position":3,"name":"Yiddish songs of change"}]},{"@type":"WebSite","@id":"https:\/\/villa-seligmann.de\/en\/#website","url":"https:\/\/villa-seligmann.de\/en\/","name":"Villa Seligmann","description":"","publisher":{"@id":"https:\/\/villa-seligmann.de\/en\/#organization"},"potentialAction":[{"@type":"SearchAction","target":{"@type":"EntryPoint","urlTemplate":"https:\/\/villa-seligmann.de\/en\/?s={search_term_string}"},"query-input":{"@type":"PropertyValueSpecification","valueRequired":true,"valueName":"search_term_string"}}],"inLanguage":"en-US"},{"@type":"Organization","@id":"https:\/\/villa-seligmann.de\/en\/#organization","name":"Siegmund Seligmann Gesellschaft e.V.","url":"https:\/\/villa-seligmann.de\/en\/","logo":{"@type":"ImageObject","inLanguage":"en-US","@id":"https:\/\/villa-seligmann.de\/en\/#\/schema\/logo\/image\/","url":"http:\/\/villa-seligmann.com\/wp-content\/uploads\/2023\/09\/Logo-Villa-Seligmann.svg","contentUrl":"http:\/\/villa-seligmann.com\/wp-content\/uploads\/2023\/09\/Logo-Villa-Seligmann.svg","width":1278,"height":902,"caption":"Siegmund Seligmann Gesellschaft e.V."},"image":{"@id":"https:\/\/villa-seligmann.de\/en\/#\/schema\/logo\/image\/"},"sameAs":["https:\/\/www.facebook.com\/villa.seligmann\/","https:\/\/www.youtube.com\/channel\/UCv0CtyCbwPHMOb-cmdsXcjw","https:\/\/www.instagram.com\/villaseligmann\/"]}]}},"_links":{"self":[{"href":"https:\/\/villa-seligmann.de\/en\/wp-json\/wp\/v2\/product\/45808","targetHints":{"allow":["GET"]}}],"collection":[{"href":"https:\/\/villa-seligmann.de\/en\/wp-json\/wp\/v2\/product"}],"about":[{"href":"https:\/\/villa-seligmann.de\/en\/wp-json\/wp\/v2\/types\/product"}],"replies":[{"embeddable":true,"href":"https:\/\/villa-seligmann.de\/en\/wp-json\/wp\/v2\/comments?post=45808"}],"wp:featuredmedia":[{"embeddable":true,"href":"https:\/\/villa-seligmann.de\/en\/wp-json\/wp\/v2\/media\/45735"}],"wp:attachment":[{"href":"https:\/\/villa-seligmann.de\/en\/wp-json\/wp\/v2\/media?parent=45808"}],"wp:term":[{"taxonomy":"product_brand","embeddable":true,"href":"https:\/\/villa-seligmann.de\/en\/wp-json\/wp\/v2\/product_brand?post=45808"},{"taxonomy":"product_cat","embeddable":true,"href":"https:\/\/villa-seligmann.de\/en\/wp-json\/wp\/v2\/product_cat?post=45808"},{"taxonomy":"product_tag","embeddable":true,"href":"https:\/\/villa-seligmann.de\/en\/wp-json\/wp\/v2\/product_tag?post=45808"}],"curies":[{"name":"wp","href":"https:\/\/api.w.org\/{rel}","templated":true}]}}