{"id":45327,"date":"2025-05-14T11:59:53","date_gmt":"2025-05-14T09:59:53","guid":{"rendered":"https:\/\/villa-seligmann.de\/?post_type=product&#038;p=45327"},"modified":"2025-10-20T10:58:45","modified_gmt":"2025-10-20T08:58:45","slug":"paul-brody-poetry-electric","status":"publish","type":"product","link":"https:\/\/villa-seligmann.de\/en\/product\/paul-brody-poetry-electric\/","title":{"rendered":"Paul Brody: Poetry Electric"},"content":{"rendered":"<div class=\"wpb-content-wrapper\"><p>[vc_row][vc_column][vc_column_text css=&#8221;&#8221;]The American sound artist <a href=\"https:\/\/de.wikipedia.org\/wiki\/Paul_Brody\" target=\"_blank\" rel=\"noopener\">Paul Brody<\/a> will be performing his <strong>Poetry<\/strong> <strong>Electric<\/strong> project as part of the Night of Museums Hanover 2025. Poetry Electric is a project that integrates spoken word and everyday sounds into an electro-acoustic performance. <\/p>\n<p><em>What sounds, melodies and words do you associate with everyday Jewish life?<\/em><\/p>\n<p>Brody asked Jewish people from the Ashkenazi cultural area this question. The resulting interviews, melodies and sounds are used in part to create an ambient music composition. Acoustic sounds are mixed with electronic elements and occasionally accompanied by Brody&#8217;s live trumpet solo.  <\/p>\n<h4><strong>BACKGROUNDS<\/strong><\/h4>\n<p><em>The Jewish Museum Berlin once invited me to an event where artists were asked to talk about their cultural heritage based on an object they associated with being Jewish. I grew up secular and didn&#8217;t start integrating religious practices into my life until I had young children. Bringing a menorah or prayer shawl didn&#8217;t feel right to me, so instead I tore a sheet of notebook paper out of my notebook and sketched a crude question mark. Questions played a central role in my experience of Jewish culture; from my early Torah studies to my enjoyment of Jewish comedians: Are you right? Am I wrong? And, I recalled at the time, Hillel the Elder used questions to lead us from one humanistic lesson to the next:     <\/em><\/p>\n<p style=\"padding-left: 40px;\"><em>If I am only for myself, what am I?<\/em><br \/>\n<em>If I am only for others, who will be for me?<\/em><br \/>\n<em>And if not now, then when?<\/em><\/p>\n<p><em>It&#8217;s fascinating to see how my answers to these questions have changed over the years. As a sound artist, I find solace in the realm of questions. With the smallest melodic nuance, music can embody the question without demanding a concrete answer. Like the rondo or the concerto, Hillel&#8217;s teaching, this architecture of questions, has become a musical form that gives me a sense of freedom.   <\/em><\/p>\n<p><strong>Paul Brody (May 2025)<\/strong>[\/vc_column_text][\/vc_column][\/vc_row][vc_row][vc_column]        <div class=\"accordion-holder\">\r\n            <div class=\"accordion gap\"\r\n                 id=\"accordion-69e73083bc397\">\r\n                        <div class=\"card \">\r\n            <div class=\"card-header\" id=\"heading-69e73083bc3970\" data-toggle=\"collapse\"\r\n                 data-target=\"#collapse-69e73083bc3970\" aria-expanded=\"false\"\r\n                 aria-controls=\"collapse-69e73083bc3970\">\r\n                <h4>More about the artist<\/h4>\r\n                <div class=\"arrow\"><\/div>\r\n            <\/div>\r\n            <div id=\"collapse-69e73083bc3970\" class=\"collapse\" aria-labelledby=\"heading-69e73083bc3970\"\r\n                 data-parent=\"#accordion-69e73083bc397\">\r\n                <div class=\"card-body\"><p>Paul Brody is a California-born sound artist, composer and trumpeter. He studied at the New England Conservatory in Boston and has composed and performed for the Th\u00e9\u00e2tre de Vidy in Lausanne, the M\u00fcnchner Kammerspiele, the Berliner Schaub\u00fchne, the MC93 Paris, the Badisches Staatstheater and the Vienna Burgtheater. He has worked closely with the music producer John Zorn and the directors David Marton, Hans-Werner Kroesinger and Kevin Barz.  <\/p>\n<p>His album &#8220;Behind All Words&#8221;, which is based on the poems of Rose Ausl\u00e4nder, features Clueso, Meret Becker and Jelena Kulji\u0107. It was included in the best list of the German Record Critics&#8217; Award. Brody was nominated for the Europe Broadcasting Festival Award and the International Feature Festival Vienna for his sound art. His works have been heard on WDR, Deutschlandradio, the Jewish Museum Berlin, the Canadian Language Museum and at Transmediale Berlin, among others.   <\/p>\n<p>Brody recently composed the opera \u00cates-vous amoureux for the Op\u00e9ra National de Lorraine. He was Artist in Residence at the MuseumsQuartier in Vienna and in the opera department of the M\u00fcnchner Kammerspiele. He has also worked as a guest artist and composer at the University of Chicago, the University of Virginia, the University of Rhode Island and as a lecturer in trumpet and improvisation at the Hanns Eisler School of Music in Berlin.  <\/p>\n<p>Two permanent sound installations by Brody will open in 2025: The City of Berlin commissioned him to create a documentary soundwalk on the history and nature of the park at Gleisdreieck (Storywalk Gleisdreieck), while the Humboldt Forum commissioned him to compose archive and sound recordings for the exhibition Tausend Welten. He also currently curates art projects for people with special needs and composes for Germany&#8217;s first inclusive orchestra, the Utopia Orchestra in Berlin. <\/p>\n<p>More at: paulbrody.net<\/p>\n                <\/div>\r\n            <\/div>\r\n        <\/div>\r\n                    <\/div>\r\n                    <\/div>\r\n        [\/vc_column][\/vc_row][vc_row][vc_column][vc_column_text css=&#8221;&#8221;]<\/p>\n<div class=\"vc_row wpb_row vc_row-fluid\">\n<div class=\"wpb_column vc_column_container vc_col-sm-12\">\n<div class=\"vc_column-inner\">\n<div class=\"wpb_wrapper\">\n<div class=\"wpb_text_column wpb_content_element\">\n<div class=\"wpb_wrapper\">\n<hr>\n<p>You can find more information about the Night of the Museums at Villa Seligmann <a href=\"https:\/\/villa-seligmann.de\/en\/product\/night-of-the-museums-hanover-2024-kopie\/\" target=\"_blank\" rel=\"noopener\">here.<\/a><\/p>\n<hr>\n<p><span style=\"color: #999999;\"><em>Please note that we will be taking photos and videos during this event. The image material will be published on our website and\/or social media channels and used for press work. By participating, visitors to this event agree to this.<\/em><\/span><\/p>\n<\/div>\n<\/div>\n<\/div>\n<\/div>\n<\/div>\n<\/div>\n<p>[\/vc_column_text][\/vc_column][\/vc_row]<\/p>\n<\/div>","protected":false},"excerpt":{"rendered":"<p><strong>Sound images of everyday Ashkenazi life<\/strong><\/p>\n<p>As part of the Night of the Museums Hanover 2025<\/p>\n","protected":false},"featured_media":45339,"comment_status":"open","ping_status":"closed","template":"","meta":{"_acf_changed":false},"product_brand":[],"product_cat":[178,186],"product_tag":[],"class_list":{"0":"post-45327","1":"product","2":"type-product","3":"status-publish","4":"has-post-thumbnail","6":"product_cat-events","7":"product_cat-concerts","9":"first","10":"instock","11":"taxable","12":"shipping-taxable","13":"product-type-simple"},"acf":[],"yoast_head":"<!-- This site is optimized with the Yoast SEO plugin v27.2 - https:\/\/yoast.com\/product\/yoast-seo-wordpress\/ -->\n<title>Paul Brody: Poetry Electric - Villa Seligmann<\/title>\n<meta name=\"description\" content=\"The American sound artist Paul Brody will be performing his &quot;Poetry Electric&quot; project as part of the Night of Museums Hanover 2025.\" \/>\n<meta name=\"robots\" content=\"index, follow, max-snippet:-1, max-image-preview:large, max-video-preview:-1\" \/>\n<link rel=\"canonical\" href=\"https:\/\/villa-seligmann.de\/en\/product\/paul-brody-poetry-electric\/\" \/>\n<meta property=\"og:locale\" content=\"en_US\" \/>\n<meta property=\"og:type\" content=\"article\" \/>\n<meta property=\"og:title\" content=\"Paul Brody: Poetry Electric - Villa Seligmann\" \/>\n<meta property=\"og:description\" content=\"The American sound artist Paul Brody will be performing his &quot;Poetry Electric&quot; project as part of the Night of Museums Hanover 2025.\" \/>\n<meta property=\"og:url\" content=\"https:\/\/villa-seligmann.de\/en\/product\/paul-brody-poetry-electric\/\" \/>\n<meta property=\"og:site_name\" content=\"Villa Seligmann\" \/>\n<meta property=\"article:publisher\" content=\"https:\/\/www.facebook.com\/villa.seligmann\/\" \/>\n<meta property=\"article:modified_time\" content=\"2025-10-20T08:58:45+00:00\" \/>\n<meta property=\"og:image\" content=\"https:\/\/villa-seligmann.de\/wp-content\/uploads\/2025\/05\/185-1.jpg\" \/>\n\t<meta property=\"og:image:width\" content=\"1920\" \/>\n\t<meta property=\"og:image:height\" content=\"1080\" \/>\n\t<meta property=\"og:image:type\" content=\"image\/jpeg\" \/>\n<meta name=\"twitter:card\" content=\"summary_large_image\" \/>\n<meta name=\"twitter:label1\" content=\"Est. reading time\" \/>\n\t<meta name=\"twitter:data1\" content=\"4 minutes\" \/>\n<script type=\"application\/ld+json\" class=\"yoast-schema-graph\">{\"@context\":\"https:\/\/schema.org\",\"@graph\":[{\"@type\":\"WebPage\",\"@id\":\"https:\/\/villa-seligmann.de\/en\/product\/paul-brody-poetry-electric\/\",\"url\":\"https:\/\/villa-seligmann.de\/en\/product\/paul-brody-poetry-electric\/\",\"name\":\"Paul Brody: Poetry Electric - Villa Seligmann\",\"isPartOf\":{\"@id\":\"https:\/\/villa-seligmann.de\/en\/#website\"},\"primaryImageOfPage\":{\"@id\":\"https:\/\/villa-seligmann.de\/en\/product\/paul-brody-poetry-electric\/#primaryimage\"},\"image\":{\"@id\":\"https:\/\/villa-seligmann.de\/en\/product\/paul-brody-poetry-electric\/#primaryimage\"},\"thumbnailUrl\":\"https:\/\/villa-seligmann.de\/wp-content\/uploads\/2025\/05\/185-1.jpg\",\"datePublished\":\"2025-05-14T09:59:53+00:00\",\"dateModified\":\"2025-10-20T08:58:45+00:00\",\"description\":\"The American sound artist Paul Brody will be performing his \\\"Poetry Electric\\\" project as part of the Night of Museums Hanover 2025.\",\"breadcrumb\":{\"@id\":\"https:\/\/villa-seligmann.de\/en\/product\/paul-brody-poetry-electric\/#breadcrumb\"},\"inLanguage\":\"en-US\",\"potentialAction\":[{\"@type\":\"ReadAction\",\"target\":[\"https:\/\/villa-seligmann.de\/en\/product\/paul-brody-poetry-electric\/\"]}]},{\"@type\":\"ImageObject\",\"inLanguage\":\"en-US\",\"@id\":\"https:\/\/villa-seligmann.de\/en\/product\/paul-brody-poetry-electric\/#primaryimage\",\"url\":\"https:\/\/villa-seligmann.de\/wp-content\/uploads\/2025\/05\/185-1.jpg\",\"contentUrl\":\"https:\/\/villa-seligmann.de\/wp-content\/uploads\/2025\/05\/185-1.jpg\",\"width\":1920,\"height\":1080},{\"@type\":\"BreadcrumbList\",\"@id\":\"https:\/\/villa-seligmann.de\/en\/product\/paul-brody-poetry-electric\/#breadcrumb\",\"itemListElement\":[{\"@type\":\"ListItem\",\"position\":1,\"name\":\"Startseite\",\"item\":\"https:\/\/villa-seligmann.de\/en\/your-address-for-living-jewish-culture-in-hanover\/\"},{\"@type\":\"ListItem\",\"position\":2,\"name\":\"Store\",\"item\":\"https:\/\/villa-seligmann.de\/en\/store\/\"},{\"@type\":\"ListItem\",\"position\":3,\"name\":\"Paul Brody: Poetry Electric\"}]},{\"@type\":\"WebSite\",\"@id\":\"https:\/\/villa-seligmann.de\/en\/#website\",\"url\":\"https:\/\/villa-seligmann.de\/en\/\",\"name\":\"Villa Seligmann\",\"description\":\"\",\"publisher\":{\"@id\":\"https:\/\/villa-seligmann.de\/en\/#organization\"},\"potentialAction\":[{\"@type\":\"SearchAction\",\"target\":{\"@type\":\"EntryPoint\",\"urlTemplate\":\"https:\/\/villa-seligmann.de\/en\/?s={search_term_string}\"},\"query-input\":{\"@type\":\"PropertyValueSpecification\",\"valueRequired\":true,\"valueName\":\"search_term_string\"}}],\"inLanguage\":\"en-US\"},{\"@type\":\"Organization\",\"@id\":\"https:\/\/villa-seligmann.de\/en\/#organization\",\"name\":\"Siegmund Seligmann Gesellschaft e.V.\",\"url\":\"https:\/\/villa-seligmann.de\/en\/\",\"logo\":{\"@type\":\"ImageObject\",\"inLanguage\":\"en-US\",\"@id\":\"https:\/\/villa-seligmann.de\/en\/#\/schema\/logo\/image\/\",\"url\":\"http:\/\/villa-seligmann.com\/wp-content\/uploads\/2023\/09\/Logo-Villa-Seligmann.svg\",\"contentUrl\":\"http:\/\/villa-seligmann.com\/wp-content\/uploads\/2023\/09\/Logo-Villa-Seligmann.svg\",\"width\":1278,\"height\":902,\"caption\":\"Siegmund Seligmann Gesellschaft e.V.\"},\"image\":{\"@id\":\"https:\/\/villa-seligmann.de\/en\/#\/schema\/logo\/image\/\"},\"sameAs\":[\"https:\/\/www.facebook.com\/villa.seligmann\/\",\"https:\/\/www.youtube.com\/channel\/UCv0CtyCbwPHMOb-cmdsXcjw\",\"https:\/\/www.instagram.com\/villaseligmann\/\"]}]}<\/script>\n<!-- \/ Yoast SEO plugin. -->","yoast_head_json":{"title":"Paul Brody: Poetry Electric - Villa Seligmann","description":"The American sound artist Paul Brody will be performing his \"Poetry Electric\" project as part of the Night of Museums Hanover 2025.","robots":{"index":"index","follow":"follow","max-snippet":"max-snippet:-1","max-image-preview":"max-image-preview:large","max-video-preview":"max-video-preview:-1"},"canonical":"https:\/\/villa-seligmann.de\/en\/product\/paul-brody-poetry-electric\/","og_locale":"en_US","og_type":"article","og_title":"Paul Brody: Poetry Electric - Villa Seligmann","og_description":"The American sound artist Paul Brody will be performing his \"Poetry Electric\" project as part of the Night of Museums Hanover 2025.","og_url":"https:\/\/villa-seligmann.de\/en\/product\/paul-brody-poetry-electric\/","og_site_name":"Villa Seligmann","article_publisher":"https:\/\/www.facebook.com\/villa.seligmann\/","article_modified_time":"2025-10-20T08:58:45+00:00","og_image":[{"width":1920,"height":1080,"url":"https:\/\/villa-seligmann.de\/wp-content\/uploads\/2025\/05\/185-1.jpg","type":"image\/jpeg"}],"twitter_card":"summary_large_image","twitter_misc":{"Est. reading time":"4 minutes"},"schema":{"@context":"https:\/\/schema.org","@graph":[{"@type":"WebPage","@id":"https:\/\/villa-seligmann.de\/en\/product\/paul-brody-poetry-electric\/","url":"https:\/\/villa-seligmann.de\/en\/product\/paul-brody-poetry-electric\/","name":"Paul Brody: Poetry Electric - Villa Seligmann","isPartOf":{"@id":"https:\/\/villa-seligmann.de\/en\/#website"},"primaryImageOfPage":{"@id":"https:\/\/villa-seligmann.de\/en\/product\/paul-brody-poetry-electric\/#primaryimage"},"image":{"@id":"https:\/\/villa-seligmann.de\/en\/product\/paul-brody-poetry-electric\/#primaryimage"},"thumbnailUrl":"https:\/\/villa-seligmann.de\/wp-content\/uploads\/2025\/05\/185-1.jpg","datePublished":"2025-05-14T09:59:53+00:00","dateModified":"2025-10-20T08:58:45+00:00","description":"The American sound artist Paul Brody will be performing his \"Poetry Electric\" project as part of the Night of Museums Hanover 2025.","breadcrumb":{"@id":"https:\/\/villa-seligmann.de\/en\/product\/paul-brody-poetry-electric\/#breadcrumb"},"inLanguage":"en-US","potentialAction":[{"@type":"ReadAction","target":["https:\/\/villa-seligmann.de\/en\/product\/paul-brody-poetry-electric\/"]}]},{"@type":"ImageObject","inLanguage":"en-US","@id":"https:\/\/villa-seligmann.de\/en\/product\/paul-brody-poetry-electric\/#primaryimage","url":"https:\/\/villa-seligmann.de\/wp-content\/uploads\/2025\/05\/185-1.jpg","contentUrl":"https:\/\/villa-seligmann.de\/wp-content\/uploads\/2025\/05\/185-1.jpg","width":1920,"height":1080},{"@type":"BreadcrumbList","@id":"https:\/\/villa-seligmann.de\/en\/product\/paul-brody-poetry-electric\/#breadcrumb","itemListElement":[{"@type":"ListItem","position":1,"name":"Startseite","item":"https:\/\/villa-seligmann.de\/en\/your-address-for-living-jewish-culture-in-hanover\/"},{"@type":"ListItem","position":2,"name":"Store","item":"https:\/\/villa-seligmann.de\/en\/store\/"},{"@type":"ListItem","position":3,"name":"Paul Brody: Poetry Electric"}]},{"@type":"WebSite","@id":"https:\/\/villa-seligmann.de\/en\/#website","url":"https:\/\/villa-seligmann.de\/en\/","name":"Villa Seligmann","description":"","publisher":{"@id":"https:\/\/villa-seligmann.de\/en\/#organization"},"potentialAction":[{"@type":"SearchAction","target":{"@type":"EntryPoint","urlTemplate":"https:\/\/villa-seligmann.de\/en\/?s={search_term_string}"},"query-input":{"@type":"PropertyValueSpecification","valueRequired":true,"valueName":"search_term_string"}}],"inLanguage":"en-US"},{"@type":"Organization","@id":"https:\/\/villa-seligmann.de\/en\/#organization","name":"Siegmund Seligmann Gesellschaft e.V.","url":"https:\/\/villa-seligmann.de\/en\/","logo":{"@type":"ImageObject","inLanguage":"en-US","@id":"https:\/\/villa-seligmann.de\/en\/#\/schema\/logo\/image\/","url":"http:\/\/villa-seligmann.com\/wp-content\/uploads\/2023\/09\/Logo-Villa-Seligmann.svg","contentUrl":"http:\/\/villa-seligmann.com\/wp-content\/uploads\/2023\/09\/Logo-Villa-Seligmann.svg","width":1278,"height":902,"caption":"Siegmund Seligmann Gesellschaft e.V."},"image":{"@id":"https:\/\/villa-seligmann.de\/en\/#\/schema\/logo\/image\/"},"sameAs":["https:\/\/www.facebook.com\/villa.seligmann\/","https:\/\/www.youtube.com\/channel\/UCv0CtyCbwPHMOb-cmdsXcjw","https:\/\/www.instagram.com\/villaseligmann\/"]}]}},"_links":{"self":[{"href":"https:\/\/villa-seligmann.de\/en\/wp-json\/wp\/v2\/product\/45327","targetHints":{"allow":["GET"]}}],"collection":[{"href":"https:\/\/villa-seligmann.de\/en\/wp-json\/wp\/v2\/product"}],"about":[{"href":"https:\/\/villa-seligmann.de\/en\/wp-json\/wp\/v2\/types\/product"}],"replies":[{"embeddable":true,"href":"https:\/\/villa-seligmann.de\/en\/wp-json\/wp\/v2\/comments?post=45327"}],"wp:featuredmedia":[{"embeddable":true,"href":"https:\/\/villa-seligmann.de\/en\/wp-json\/wp\/v2\/media\/45339"}],"wp:attachment":[{"href":"https:\/\/villa-seligmann.de\/en\/wp-json\/wp\/v2\/media?parent=45327"}],"wp:term":[{"taxonomy":"product_brand","embeddable":true,"href":"https:\/\/villa-seligmann.de\/en\/wp-json\/wp\/v2\/product_brand?post=45327"},{"taxonomy":"product_cat","embeddable":true,"href":"https:\/\/villa-seligmann.de\/en\/wp-json\/wp\/v2\/product_cat?post=45327"},{"taxonomy":"product_tag","embeddable":true,"href":"https:\/\/villa-seligmann.de\/en\/wp-json\/wp\/v2\/product_tag?post=45327"}],"curies":[{"name":"wp","href":"https:\/\/api.w.org\/{rel}","templated":true}]}}