{"id":44938,"date":"2025-03-18T10:34:15","date_gmt":"2025-03-18T09:34:15","guid":{"rendered":"https:\/\/villa-seligmann.de\/?post_type=product&#038;p=44938"},"modified":"2025-11-19T12:53:12","modified_gmt":"2025-11-19T11:53:12","slug":"the-music-of-david-eisenstadt","status":"publish","type":"product","link":"https:\/\/villa-seligmann.de\/en\/product\/the-music-of-david-eisenstadt\/","title":{"rendered":"Revived heritage of synagogal music"},"content":{"rendered":"<div class=\"wpb-content-wrapper\"><p>[vc_row][vc_column][vc_column_text css=&#8221;&#8221;]<a href=\"https:\/\/villa-seligmann.de\/wp-content\/uploads\/2025\/03\/Eisenstadt_catalogue_light_version.pdf\" target=\"_blank\" rel=\"noopener\">All information as a compact download<\/a><\/p>\n<p>If you enquire about the &#8220;Blue Tower Plaza&#8221; in Warsaw, you will be unmistakably drawn to this striking building, whose fa\u00e7ade reflects the sky and the passing clouds. It is located in the heart of the city, surrounded by the hustle and bustle of a central and popular transportation hub. Here you can hear the roar of engines, the honking of car horns, the babble of voices and advertising announcements. You stop for a moment at the exact spot where the Great Synagogue on T\u0142omackie Street &#8211; once the most magnificent synagogue in this region of Europe &#8211; once stood. It hasn&#8217;t been there for 80 years.    <\/p>\n<p>The <strong>Great Synagogue in T\u0142omackie Street<\/strong> was completed in 1878 and blown up by the SS at the end of the Warsaw Ghetto Uprising on May 16, 1943. It was not only a place of prayer, but also a lively cultural center. In addition to the excellent choir, the most famous cantors in Europe sang there. Concerts and festive events were organized. Pre-war travel guides described the synagogue as an indispensable item on the program of every city tour.    <\/p>\n<p><strong>Polish artists<\/strong>, including the vocal ensemble Match Match, conductor Lilianna Krych, tenor Wojciech Parchem and organist Jakub Stefek, have collected the sheet music of <strong>David Eisenstadt<\/strong>, the most famous musician and choirmaster of the synagogue in T\u0142omackie Street, from archives in New York, Paris, Berlin and Jerusalem. Between 1921 and 1942, he composed works for liturgical use that were widely used in the repertoires of many choirs and later became famous as outstanding examples of this style of music. Some of these pieces, reconstructed from handwritten manuscripts, can now be heard again for the first time in many decades. Eisenstadt and his family were murdered in 1942.   <\/p>\n<p><strong><a href=\"https:\/\/matchmatch.pl\" target=\"_blank\" rel=\"noopener\">Match Match Ensemble<\/a><br \/>\n<\/strong><strong>Soprano: <\/strong>Aleksandra Drogosz-Szyma\u0144ska &#8211; Konstancja Molewska &#8211; Maria Z\u0142otek &#8211; Adrianna \u017bo\u0142nierczuk-Malec<br \/>\n<strong>Alto: <\/strong>Ma\u0142gorzata Bartkowska &#8211; Ewa Kijewska &#8211; Marta Schnura<br \/>\n<strong>Tenor: <\/strong>Marcin Kuci\u0144ski &#8211; Andrzej Klepacki &#8211; Pawe\u0142 Kowalewski &#8211; Jakub Prasa\u0142<br \/>\n<strong>Bass: <\/strong>Tymoteusz Cyrkun &#8211; Micha\u0142 Kijewski &#8211; Micha\u0142 Malec<\/p>\n<hr>\n<p>The event &#8220;Reawakened Heritage&#8221; will take place in the <strong>Kulturkirche Markuskirche<\/strong> Hannover.<br \/>\nAdmission is free. Registration is not required.<br \/>\nAn introductory event will take place at 6.30 pm. <\/p>\n<hr>\n<div class=\"woocommerce-tabs wc-tabs-wrapper\">\n<div class=\"wpb-content-wrapper\">\n<div class=\"vc_row wpb_row vc_row-fluid\">\n<div class=\"wpb_column vc_column_container vc_col-sm-12\">\n<div class=\"vc_column-inner\">\n<div class=\"wpb_wrapper\">\n<div class=\"wpb_text_column wpb_content_element\">\n<div class=\"wpb_wrapper\">\n<p><span style=\"color: #999999;\"><em>Please note that we will be taking photos and videos during this event. The image material will be published on our website and\/or social media channels and used for press work. By participating, visitors to this event agree to this.<\/em><\/span><\/p>\n<\/div>\n<\/div>\n<\/div>\n<\/div>\n<\/div>\n<\/div>\n<\/div>\n<p>&nbsp;<\/p>\n<\/div>\n<p>[\/vc_column_text][\/vc_column][\/vc_row][vc_row][vc_column][vc_column_text css=&#8221;&#8221;]<strong>Organizer<\/strong>[\/vc_column_text][vc_single_image image=&#8221;45297&#8243; img_size=&#8221;large&#8221; css=&#8221;&#8221;][\/vc_column][\/vc_row][vc_row][vc_column][vc_column_text css=&#8221;&#8221;]<strong>Sponsor<\/strong>[\/vc_column_text][vc_single_image image=&#8221;45306&#8243; img_size=&#8221;large&#8221; css=&#8221;&#8221;][\/vc_column][\/vc_row][vc_row][vc_column][vc_column_text css=&#8221;&#8221;]<strong>Partner<\/strong>[\/vc_column_text][vc_single_image image=&#8221;45294&#8243; img_size=&#8221;large&#8221; css=&#8221;&#8221;][\/vc_column][\/vc_row][vc_row][vc_column][vc_gallery interval=&#8221;3&#8243; images=&#8221;47622,47625,47628,47631,47634&#8243;][vc_column_text]Photos: \u00a9 Heiner Schlote[\/vc_column_text][\/vc_column][\/vc_row]<\/p>\n<\/div>","protected":false},"excerpt":{"rendered":"<p style=\"font-weight: 400;\"><strong>Choir concert<\/strong><\/p>\n<p>The music of David Eisenstadt from the former Great Synagogue in Warsaw <\/p>\n","protected":false},"featured_media":45169,"comment_status":"open","ping_status":"closed","template":"","meta":{"_acf_changed":false},"product_brand":[],"product_cat":[178,186],"product_tag":[187,223,333,826,827],"class_list":{"0":"post-44938","1":"product","2":"type-product","3":"status-publish","4":"has-post-thumbnail","6":"product_cat-events","7":"product_cat-concerts","8":"product_tag-concert","9":"product_tag-reminder","10":"product_tag-synagogue-music","11":"product_tag-david-eisenstadt-en","12":"product_tag-warsaw","14":"first","15":"instock","16":"taxable","17":"shipping-taxable","18":"product-type-simple"},"acf":[],"yoast_head":"<!-- This site is optimized with the Yoast SEO plugin v27.2 - https:\/\/yoast.com\/product\/yoast-seo-wordpress\/ -->\n<title>Revived heritage of synagogal music - Villa Seligmann<\/title>\n<meta name=\"description\" content=\"Heritage reawakened: Warsaw artists present the rediscovered music of Dawid Eisenstadt from the Great Synagogue in Warsaw\" \/>\n<meta name=\"robots\" content=\"index, follow, max-snippet:-1, max-image-preview:large, max-video-preview:-1\" \/>\n<link rel=\"canonical\" href=\"https:\/\/villa-seligmann.de\/en\/product\/the-music-of-david-eisenstadt\/\" \/>\n<meta property=\"og:locale\" content=\"en_US\" \/>\n<meta property=\"og:type\" content=\"article\" \/>\n<meta property=\"og:title\" content=\"Revived heritage of synagogal music - Villa Seligmann\" \/>\n<meta property=\"og:description\" content=\"Heritage reawakened: Warsaw artists present the rediscovered music of Dawid Eisenstadt from the Great Synagogue in Warsaw\" \/>\n<meta property=\"og:url\" content=\"https:\/\/villa-seligmann.de\/en\/product\/the-music-of-david-eisenstadt\/\" \/>\n<meta property=\"og:site_name\" content=\"Villa Seligmann\" \/>\n<meta property=\"article:publisher\" content=\"https:\/\/www.facebook.com\/villa.seligmann\/\" \/>\n<meta property=\"article:modified_time\" content=\"2025-11-19T11:53:12+00:00\" \/>\n<meta property=\"og:image\" content=\"https:\/\/villa-seligmann.de\/wp-content\/uploads\/2025\/03\/Konzert_1200x628_hannover.png\" \/>\n\t<meta property=\"og:image:width\" content=\"1920\" \/>\n\t<meta property=\"og:image:height\" content=\"1005\" \/>\n\t<meta property=\"og:image:type\" content=\"image\/png\" \/>\n<meta name=\"twitter:card\" content=\"summary_large_image\" \/>\n<meta name=\"twitter:label1\" content=\"Est. reading time\" \/>\n\t<meta name=\"twitter:data1\" content=\"3 minutes\" \/>\n<script type=\"application\/ld+json\" class=\"yoast-schema-graph\">{\"@context\":\"https:\/\/schema.org\",\"@graph\":[{\"@type\":\"WebPage\",\"@id\":\"https:\/\/villa-seligmann.de\/en\/product\/the-music-of-david-eisenstadt\/\",\"url\":\"https:\/\/villa-seligmann.de\/en\/product\/the-music-of-david-eisenstadt\/\",\"name\":\"Revived heritage of synagogal music - Villa Seligmann\",\"isPartOf\":{\"@id\":\"https:\/\/villa-seligmann.de\/en\/#website\"},\"primaryImageOfPage\":{\"@id\":\"https:\/\/villa-seligmann.de\/en\/product\/the-music-of-david-eisenstadt\/#primaryimage\"},\"image\":{\"@id\":\"https:\/\/villa-seligmann.de\/en\/product\/the-music-of-david-eisenstadt\/#primaryimage\"},\"thumbnailUrl\":\"https:\/\/villa-seligmann.de\/wp-content\/uploads\/2025\/03\/Konzert_1200x628_hannover.png\",\"datePublished\":\"2025-03-18T09:34:15+00:00\",\"dateModified\":\"2025-11-19T11:53:12+00:00\",\"description\":\"Heritage reawakened: Warsaw artists present the rediscovered music of Dawid Eisenstadt from the Great Synagogue in Warsaw\",\"breadcrumb\":{\"@id\":\"https:\/\/villa-seligmann.de\/en\/product\/the-music-of-david-eisenstadt\/#breadcrumb\"},\"inLanguage\":\"en-US\",\"potentialAction\":[{\"@type\":\"ReadAction\",\"target\":[\"https:\/\/villa-seligmann.de\/en\/product\/the-music-of-david-eisenstadt\/\"]}]},{\"@type\":\"ImageObject\",\"inLanguage\":\"en-US\",\"@id\":\"https:\/\/villa-seligmann.de\/en\/product\/the-music-of-david-eisenstadt\/#primaryimage\",\"url\":\"https:\/\/villa-seligmann.de\/wp-content\/uploads\/2025\/03\/Konzert_1200x628_hannover.png\",\"contentUrl\":\"https:\/\/villa-seligmann.de\/wp-content\/uploads\/2025\/03\/Konzert_1200x628_hannover.png\",\"width\":1920,\"height\":1005},{\"@type\":\"BreadcrumbList\",\"@id\":\"https:\/\/villa-seligmann.de\/en\/product\/the-music-of-david-eisenstadt\/#breadcrumb\",\"itemListElement\":[{\"@type\":\"ListItem\",\"position\":1,\"name\":\"Startseite\",\"item\":\"https:\/\/villa-seligmann.de\/en\/your-address-for-living-jewish-culture-in-hanover\/\"},{\"@type\":\"ListItem\",\"position\":2,\"name\":\"Store\",\"item\":\"https:\/\/villa-seligmann.de\/en\/store\/\"},{\"@type\":\"ListItem\",\"position\":3,\"name\":\"Revived heritage of synagogal music\"}]},{\"@type\":\"WebSite\",\"@id\":\"https:\/\/villa-seligmann.de\/en\/#website\",\"url\":\"https:\/\/villa-seligmann.de\/en\/\",\"name\":\"Villa Seligmann\",\"description\":\"\",\"publisher\":{\"@id\":\"https:\/\/villa-seligmann.de\/en\/#organization\"},\"potentialAction\":[{\"@type\":\"SearchAction\",\"target\":{\"@type\":\"EntryPoint\",\"urlTemplate\":\"https:\/\/villa-seligmann.de\/en\/?s={search_term_string}\"},\"query-input\":{\"@type\":\"PropertyValueSpecification\",\"valueRequired\":true,\"valueName\":\"search_term_string\"}}],\"inLanguage\":\"en-US\"},{\"@type\":\"Organization\",\"@id\":\"https:\/\/villa-seligmann.de\/en\/#organization\",\"name\":\"Siegmund Seligmann Gesellschaft e.V.\",\"url\":\"https:\/\/villa-seligmann.de\/en\/\",\"logo\":{\"@type\":\"ImageObject\",\"inLanguage\":\"en-US\",\"@id\":\"https:\/\/villa-seligmann.de\/en\/#\/schema\/logo\/image\/\",\"url\":\"http:\/\/villa-seligmann.com\/wp-content\/uploads\/2023\/09\/Logo-Villa-Seligmann.svg\",\"contentUrl\":\"http:\/\/villa-seligmann.com\/wp-content\/uploads\/2023\/09\/Logo-Villa-Seligmann.svg\",\"width\":1278,\"height\":902,\"caption\":\"Siegmund Seligmann Gesellschaft e.V.\"},\"image\":{\"@id\":\"https:\/\/villa-seligmann.de\/en\/#\/schema\/logo\/image\/\"},\"sameAs\":[\"https:\/\/www.facebook.com\/villa.seligmann\/\",\"https:\/\/www.youtube.com\/channel\/UCv0CtyCbwPHMOb-cmdsXcjw\",\"https:\/\/www.instagram.com\/villaseligmann\/\"]}]}<\/script>\n<!-- \/ Yoast SEO plugin. -->","yoast_head_json":{"title":"Revived heritage of synagogal music - Villa Seligmann","description":"Heritage reawakened: Warsaw artists present the rediscovered music of Dawid Eisenstadt from the Great Synagogue in Warsaw","robots":{"index":"index","follow":"follow","max-snippet":"max-snippet:-1","max-image-preview":"max-image-preview:large","max-video-preview":"max-video-preview:-1"},"canonical":"https:\/\/villa-seligmann.de\/en\/product\/the-music-of-david-eisenstadt\/","og_locale":"en_US","og_type":"article","og_title":"Revived heritage of synagogal music - Villa Seligmann","og_description":"Heritage reawakened: Warsaw artists present the rediscovered music of Dawid Eisenstadt from the Great Synagogue in Warsaw","og_url":"https:\/\/villa-seligmann.de\/en\/product\/the-music-of-david-eisenstadt\/","og_site_name":"Villa Seligmann","article_publisher":"https:\/\/www.facebook.com\/villa.seligmann\/","article_modified_time":"2025-11-19T11:53:12+00:00","og_image":[{"width":1920,"height":1005,"url":"https:\/\/villa-seligmann.de\/wp-content\/uploads\/2025\/03\/Konzert_1200x628_hannover.png","type":"image\/png"}],"twitter_card":"summary_large_image","twitter_misc":{"Est. reading time":"3 minutes"},"schema":{"@context":"https:\/\/schema.org","@graph":[{"@type":"WebPage","@id":"https:\/\/villa-seligmann.de\/en\/product\/the-music-of-david-eisenstadt\/","url":"https:\/\/villa-seligmann.de\/en\/product\/the-music-of-david-eisenstadt\/","name":"Revived heritage of synagogal music - Villa Seligmann","isPartOf":{"@id":"https:\/\/villa-seligmann.de\/en\/#website"},"primaryImageOfPage":{"@id":"https:\/\/villa-seligmann.de\/en\/product\/the-music-of-david-eisenstadt\/#primaryimage"},"image":{"@id":"https:\/\/villa-seligmann.de\/en\/product\/the-music-of-david-eisenstadt\/#primaryimage"},"thumbnailUrl":"https:\/\/villa-seligmann.de\/wp-content\/uploads\/2025\/03\/Konzert_1200x628_hannover.png","datePublished":"2025-03-18T09:34:15+00:00","dateModified":"2025-11-19T11:53:12+00:00","description":"Heritage reawakened: Warsaw artists present the rediscovered music of Dawid Eisenstadt from the Great Synagogue in Warsaw","breadcrumb":{"@id":"https:\/\/villa-seligmann.de\/en\/product\/the-music-of-david-eisenstadt\/#breadcrumb"},"inLanguage":"en-US","potentialAction":[{"@type":"ReadAction","target":["https:\/\/villa-seligmann.de\/en\/product\/the-music-of-david-eisenstadt\/"]}]},{"@type":"ImageObject","inLanguage":"en-US","@id":"https:\/\/villa-seligmann.de\/en\/product\/the-music-of-david-eisenstadt\/#primaryimage","url":"https:\/\/villa-seligmann.de\/wp-content\/uploads\/2025\/03\/Konzert_1200x628_hannover.png","contentUrl":"https:\/\/villa-seligmann.de\/wp-content\/uploads\/2025\/03\/Konzert_1200x628_hannover.png","width":1920,"height":1005},{"@type":"BreadcrumbList","@id":"https:\/\/villa-seligmann.de\/en\/product\/the-music-of-david-eisenstadt\/#breadcrumb","itemListElement":[{"@type":"ListItem","position":1,"name":"Startseite","item":"https:\/\/villa-seligmann.de\/en\/your-address-for-living-jewish-culture-in-hanover\/"},{"@type":"ListItem","position":2,"name":"Store","item":"https:\/\/villa-seligmann.de\/en\/store\/"},{"@type":"ListItem","position":3,"name":"Revived heritage of synagogal music"}]},{"@type":"WebSite","@id":"https:\/\/villa-seligmann.de\/en\/#website","url":"https:\/\/villa-seligmann.de\/en\/","name":"Villa Seligmann","description":"","publisher":{"@id":"https:\/\/villa-seligmann.de\/en\/#organization"},"potentialAction":[{"@type":"SearchAction","target":{"@type":"EntryPoint","urlTemplate":"https:\/\/villa-seligmann.de\/en\/?s={search_term_string}"},"query-input":{"@type":"PropertyValueSpecification","valueRequired":true,"valueName":"search_term_string"}}],"inLanguage":"en-US"},{"@type":"Organization","@id":"https:\/\/villa-seligmann.de\/en\/#organization","name":"Siegmund Seligmann Gesellschaft e.V.","url":"https:\/\/villa-seligmann.de\/en\/","logo":{"@type":"ImageObject","inLanguage":"en-US","@id":"https:\/\/villa-seligmann.de\/en\/#\/schema\/logo\/image\/","url":"http:\/\/villa-seligmann.com\/wp-content\/uploads\/2023\/09\/Logo-Villa-Seligmann.svg","contentUrl":"http:\/\/villa-seligmann.com\/wp-content\/uploads\/2023\/09\/Logo-Villa-Seligmann.svg","width":1278,"height":902,"caption":"Siegmund Seligmann Gesellschaft e.V."},"image":{"@id":"https:\/\/villa-seligmann.de\/en\/#\/schema\/logo\/image\/"},"sameAs":["https:\/\/www.facebook.com\/villa.seligmann\/","https:\/\/www.youtube.com\/channel\/UCv0CtyCbwPHMOb-cmdsXcjw","https:\/\/www.instagram.com\/villaseligmann\/"]}]}},"_links":{"self":[{"href":"https:\/\/villa-seligmann.de\/en\/wp-json\/wp\/v2\/product\/44938","targetHints":{"allow":["GET"]}}],"collection":[{"href":"https:\/\/villa-seligmann.de\/en\/wp-json\/wp\/v2\/product"}],"about":[{"href":"https:\/\/villa-seligmann.de\/en\/wp-json\/wp\/v2\/types\/product"}],"replies":[{"embeddable":true,"href":"https:\/\/villa-seligmann.de\/en\/wp-json\/wp\/v2\/comments?post=44938"}],"wp:featuredmedia":[{"embeddable":true,"href":"https:\/\/villa-seligmann.de\/en\/wp-json\/wp\/v2\/media\/45169"}],"wp:attachment":[{"href":"https:\/\/villa-seligmann.de\/en\/wp-json\/wp\/v2\/media?parent=44938"}],"wp:term":[{"taxonomy":"product_brand","embeddable":true,"href":"https:\/\/villa-seligmann.de\/en\/wp-json\/wp\/v2\/product_brand?post=44938"},{"taxonomy":"product_cat","embeddable":true,"href":"https:\/\/villa-seligmann.de\/en\/wp-json\/wp\/v2\/product_cat?post=44938"},{"taxonomy":"product_tag","embeddable":true,"href":"https:\/\/villa-seligmann.de\/en\/wp-json\/wp\/v2\/product_tag?post=44938"}],"curies":[{"name":"wp","href":"https:\/\/api.w.org\/{rel}","templated":true}]}}