{"id":42421,"date":"2024-09-04T17:01:10","date_gmt":"2024-09-04T15:01:10","guid":{"rendered":"https:\/\/villa-seligmann.de\/?post_type=product&#038;p=42421"},"modified":"2025-10-20T10:59:06","modified_gmt":"2025-10-20T08:59:06","slug":"hannah-arendt-days-2024","status":"publish","type":"product","link":"https:\/\/villa-seligmann.de\/en\/product\/hannah-arendt-days-2024\/","title":{"rendered":"Radically emotional: challenges and perspectives in the culture of debate"},"content":{"rendered":"<div class=\"wpb-content-wrapper\"><p>[vc_row][vc_column][vc_column_text css=&#8221;&#8221;]<strong>The Hannah Arendt Days 2024 in Hanover:  <em>Without ifs and buts? &#8220;What freedom is and can be&#8221; <\/em><\/strong><\/p>\n<p>Hannah Arendt has always dealt with controversial topics &#8211; in her texts and in front of an audience. But the style of public debate has changed profoundly; public discourse has become heated and hurtful. In addition, digital mass communication accelerates and intensifies debates, which become all the more emotionally charged the stronger the calls for more rationality. It seems almost impossible to return to constructive communication and develop solutions to problems.   <\/p>\n<p>How can this dilemma be resolved? For Maren Urner, politics should be understood as a negotiation process about different feelings and can be emotional. People argue about controversial ideas of freedom based on their feelings, e.g. on questions of mobility or nutrition. The neuroscientist analyzes how emotions work in politics and explains tools for dealing with them better. This also requires an update of our understanding of freedom.    <\/p>\n<p><strong>Greetings<\/strong><br \/>\nAnne Remmers, Member of the Board of Villa Seligmann, Advisor in the State Chancellery of Lower Saxony<br \/>\nEva Bender, Head of the Department of Education and Culture, City of Hanover<\/p>\n<p><strong>Salongespr\u00e4ch<\/strong><br \/>\nProf. Dr. Maren Urner, Professor for Sustainable Transformation, M\u00fcnster University of Applied Sciences<br \/>\nDr. Ulrich K\u00fchn<\/p>\n<p>&nbsp;<\/p>\n<blockquote><p><span style=\"color: #993300;\"><strong>A student debate will take place before the salon discussion at 5 pm.  <a href=\"https:\/\/villa-seligmann.de\/product\/miteinander-streiten-kommunikation-im-digitalen-zeitalter\/\">More info and registration<\/a><\/strong><\/span><\/p>\n<p>Admission is free.<br \/>\nRegistration only at: <a href=\"mailto:hat@hannover-stadt.de\">hat@hannover-stadt.de<\/a><\/p>\n<p><span style=\"color: #ff0000;\">The event is fully booked. Seats are still available for the debate at 5 pm.<\/span><\/p><\/blockquote>\n<p>The salon talk as part of the HANNAH ARENDT DAYS is an event organized by the City of Hanover in collaboration with Villa Seligmann.[\/vc_column_text][\/vc_column][\/vc_row][vc_row][vc_column]        <div class=\"accordion-holder\">\r\n            <div class=\"accordion gap\"\r\n                 id=\"accordion-69e0f26f3d65f\">\r\n                        <div class=\"card \">\r\n            <div class=\"card-header\" id=\"heading-69e0f26f3d65f0\" data-toggle=\"collapse\"\r\n                 data-target=\"#collapse-69e0f26f3d65f0\" aria-expanded=\"false\"\r\n                 aria-controls=\"collapse-69e0f26f3d65f0\">\r\n                <h4>Podiumsg\u00e4ste<\/h4>\r\n                <div class=\"arrow\"><\/div>\r\n            <\/div>\r\n            <div id=\"collapse-69e0f26f3d65f0\" class=\"collapse\" aria-labelledby=\"heading-69e0f26f3d65f0\"\r\n                 data-parent=\"#accordion-69e0f26f3d65f\">\r\n                <div class=\"card-body\"><p><strong>Prof. Dr. Maren Urner<\/strong>\u00a0ist Neurowissenschaftlerin und seit September 2024 Professorin f\u00fcr Nachhaltige Transformation an der FH M\u00fcnster. Sie studierte Kognitions- und Neurowissenschaften u. a. an der McGill University in Montreal, Kanada, und wurde am University College London in Neurowissenschaften promoviert. 2016 Co-Gr\u00fcndung des werbefreien Online-Magazins Perspective Daily f\u00fcr Konstruktiven Journalismus. Sie leitete die Redaktion bis M\u00e4rz 2019 als Chefredakteurin und war Gesch\u00e4ftsf\u00fchrerin. Danach war sie bis August 2024 als Professorin f\u00fcr Medienpsychologie an der Media University of Applied Sciences in K\u00f6ln t\u00e4tig. Seit September 2020 ist sie Kolumnistin bei der Frankfurter Rundschau. Zuletzt erschien ihr Buch \u201eRadikal emotional: Wie Gef\u00fchle Politik machen\u201c (Droemer 2024). Sie ist Preistr\u00e4gerin des B.A.U.M. Umwelt- und Nachhaltigkeitspreises 2023 in der Kategorie Wissenschaft.<\/p>\n<p><strong>Dr. Ulrich K\u00fchn<\/strong>\u00a0studierte Theaterwissenschaft, Neuere deutsche Literatur und Philosophie in Berlin und M\u00fcnchen. Er ist Kulturjournalist und arbeitet seit 2009 als Rundfunkredakteur in leitenden Funktio\u00acnen. Er besch\u00e4ftigt sich u. a. mit der Frage, wie sich eine Gesellschaft in ihren Debatten, ihrer Sprachkultur zeigt und was sie damit \u00fcber ihren Blick auf die Welt offenlegt<\/p>\n                <\/div>\r\n            <\/div>\r\n        <\/div>\r\n                <div class=\"card \">\r\n            <div class=\"card-header\" id=\"heading-69e0f26f3d65f1\" data-toggle=\"collapse\"\r\n                 data-target=\"#collapse-69e0f26f3d65f1\" aria-expanded=\"false\"\r\n                 aria-controls=\"collapse-69e0f26f3d65f1\">\r\n                <h4>Die Hannah-Arendt-Tage<\/h4>\r\n                <div class=\"arrow\"><\/div>\r\n            <\/div>\r\n            <div id=\"collapse-69e0f26f3d65f1\" class=\"collapse\" aria-labelledby=\"heading-69e0f26f3d65f1\"\r\n                 data-parent=\"#accordion-69e0f26f3d65f\">\r\n                <div class=\"card-body\"><p><strong>Wer ist Hannah Arendt?<\/strong><\/p>\n<p>Hannah Arendt, geboren am 14. Oktober 1906 in Hannover-Linden und am 04. Dezember 1975 in New York gestorben, hat als deutsch-amerikanische j\u00fcdische Denkerin politisches Urteilsverm\u00f6gen mit philosophischer Reflexion verkn\u00fcpft und sich in aktuelle gesellschaftliche Debatten leidenschaftlich eingemischt.<\/p>\n<p><strong>Was sind die Hannah Arendt Tage?<\/strong><\/p>\n<p>Mit den HANNAH ARENDT TAGEN erinnert die Landes\u00adhauptstadt Hannover an international bekannte Politik\u00adtheoretikerin, die auch unbequemen Diskussionen nicht aus dem Weg ging. Arendts Werk, vor allem ihre Kernfrage nach dem Sinn politischer Freiheit, bietet vielf\u00e4ltige Impulse f\u00fcr die gegenw\u00e4rtige und zuk\u00fcnftige gesellschaftliche Ausein\u00adandersetzung. Die Veranstaltungsreihe stellt daher j\u00e4hrlich ein aktuelles Thema aus Politik und Gesellschaft zur Debatte, um es im Sinne Arendts zu diskutieren.<\/p>\n<p>Die diesj\u00e4hrigen Hannah Arendt Tage finden vom 22. bis 26. Oktober statt. Mehr Informationen sowie eine Programm\u00fcbersicht finden sie <a href=\"https:\/\/www.hannover.de\/Wirtschaft-Wissenschaft\/Wissenschaft\/Initiative-Wissenschaft-Hannover\/HANNAH-ARENDT-TAGE\">hier<\/a>.<\/p>\n                <\/div>\r\n            <\/div>\r\n        <\/div>\r\n                    <\/div>\r\n                    <\/div>\r\n        [vc_column_text css=&#8221;&#8221;]<span style=\"color: #808080;\"><em>Please note that we will be taking photos and videos during this event. The image material will be published on our website and\/or social media channels and used for press work. By participating, visitors to this event agree to this.<\/em><\/span>[\/vc_column_text][\/vc_column][\/vc_row]<\/p>\n<\/div>","protected":false},"excerpt":{"rendered":"<p><strong>Hannah Arendt Days 2024<\/strong><\/p>\n<p>The HAT salon talk at Villa Seligmann with Prof. Dr. Maren Urner and Dr. Ulrich K\u00fchn<\/p>\n<p><span style=\"color: #ff0000;\">Fully booked<\/span><\/p>\n","protected":false},"featured_media":42663,"comment_status":"open","ping_status":"closed","template":"","meta":{"_acf_changed":false},"product_brand":[],"product_cat":[197,200,178],"product_tag":[],"class_list":{"0":"post-42421","1":"product","2":"type-product","3":"status-publish","4":"has-post-thumbnail","6":"product_cat-readings-lectures","7":"product_cat-salon-talks","8":"product_cat-events","10":"first","11":"instock","12":"taxable","13":"shipping-taxable","14":"product-type-simple"},"acf":[],"yoast_head":"<!-- This site is optimized with the Yoast SEO plugin v27.2 - https:\/\/yoast.com\/product\/yoast-seo-wordpress\/ -->\n<title>Radically emotional: challenges and perspectives in the culture of debate - Villa Seligmann<\/title>\n<meta name=\"description\" content=\"The Hannah Arendt Days Hanover will once again be hosted at Villa Seligmann in 2024.\" \/>\n<meta name=\"robots\" content=\"index, follow, max-snippet:-1, max-image-preview:large, max-video-preview:-1\" \/>\n<link rel=\"canonical\" href=\"https:\/\/villa-seligmann.de\/en\/product\/hannah-arendt-days-2024\/\" \/>\n<meta property=\"og:locale\" content=\"en_US\" \/>\n<meta property=\"og:type\" content=\"article\" \/>\n<meta property=\"og:title\" content=\"Radically emotional: challenges and perspectives in the culture of debate - Villa Seligmann\" \/>\n<meta property=\"og:description\" content=\"The Hannah Arendt Days Hanover will once again be hosted at Villa Seligmann in 2024.\" \/>\n<meta property=\"og:url\" content=\"https:\/\/villa-seligmann.de\/en\/product\/hannah-arendt-days-2024\/\" \/>\n<meta property=\"og:site_name\" content=\"Villa Seligmann\" \/>\n<meta property=\"article:publisher\" content=\"https:\/\/www.facebook.com\/villa.seligmann\/\" \/>\n<meta property=\"article:modified_time\" content=\"2025-10-20T08:59:06+00:00\" \/>\n<meta property=\"og:image\" content=\"https:\/\/villa-seligmann.de\/wp-content\/uploads\/2024\/09\/Hannah_Arendt_Tage_2024_Villa_Seligmann_2_RZ.jpg\" \/>\n\t<meta property=\"og:image:width\" content=\"1600\" \/>\n\t<meta property=\"og:image:height\" content=\"900\" \/>\n\t<meta property=\"og:image:type\" content=\"image\/jpeg\" \/>\n<meta name=\"twitter:card\" content=\"summary_large_image\" \/>\n<meta name=\"twitter:label1\" content=\"Est. reading time\" \/>\n\t<meta name=\"twitter:data1\" content=\"3 minutes\" \/>\n<script type=\"application\/ld+json\" class=\"yoast-schema-graph\">{\"@context\":\"https:\/\/schema.org\",\"@graph\":[{\"@type\":\"WebPage\",\"@id\":\"https:\/\/villa-seligmann.de\/en\/product\/hannah-arendt-days-2024\/\",\"url\":\"https:\/\/villa-seligmann.de\/en\/product\/hannah-arendt-days-2024\/\",\"name\":\"Radically emotional: challenges and perspectives in the culture of debate - Villa Seligmann\",\"isPartOf\":{\"@id\":\"https:\/\/villa-seligmann.de\/en\/#website\"},\"primaryImageOfPage\":{\"@id\":\"https:\/\/villa-seligmann.de\/en\/product\/hannah-arendt-days-2024\/#primaryimage\"},\"image\":{\"@id\":\"https:\/\/villa-seligmann.de\/en\/product\/hannah-arendt-days-2024\/#primaryimage\"},\"thumbnailUrl\":\"https:\/\/villa-seligmann.de\/wp-content\/uploads\/2024\/09\/Hannah_Arendt_Tage_2024_Villa_Seligmann_2_RZ.jpg\",\"datePublished\":\"2024-09-04T15:01:10+00:00\",\"dateModified\":\"2025-10-20T08:59:06+00:00\",\"description\":\"The Hannah Arendt Days Hanover will once again be hosted at Villa Seligmann in 2024.\",\"breadcrumb\":{\"@id\":\"https:\/\/villa-seligmann.de\/en\/product\/hannah-arendt-days-2024\/#breadcrumb\"},\"inLanguage\":\"en-US\",\"potentialAction\":[{\"@type\":\"ReadAction\",\"target\":[\"https:\/\/villa-seligmann.de\/en\/product\/hannah-arendt-days-2024\/\"]}]},{\"@type\":\"ImageObject\",\"inLanguage\":\"en-US\",\"@id\":\"https:\/\/villa-seligmann.de\/en\/product\/hannah-arendt-days-2024\/#primaryimage\",\"url\":\"https:\/\/villa-seligmann.de\/wp-content\/uploads\/2024\/09\/Hannah_Arendt_Tage_2024_Villa_Seligmann_2_RZ.jpg\",\"contentUrl\":\"https:\/\/villa-seligmann.de\/wp-content\/uploads\/2024\/09\/Hannah_Arendt_Tage_2024_Villa_Seligmann_2_RZ.jpg\",\"width\":1600,\"height\":900},{\"@type\":\"BreadcrumbList\",\"@id\":\"https:\/\/villa-seligmann.de\/en\/product\/hannah-arendt-days-2024\/#breadcrumb\",\"itemListElement\":[{\"@type\":\"ListItem\",\"position\":1,\"name\":\"Startseite\",\"item\":\"https:\/\/villa-seligmann.de\/en\/your-address-for-living-jewish-culture-in-hanover\/\"},{\"@type\":\"ListItem\",\"position\":2,\"name\":\"Store\",\"item\":\"https:\/\/villa-seligmann.de\/en\/store\/\"},{\"@type\":\"ListItem\",\"position\":3,\"name\":\"Radically emotional: challenges and perspectives in the culture of debate\"}]},{\"@type\":\"WebSite\",\"@id\":\"https:\/\/villa-seligmann.de\/en\/#website\",\"url\":\"https:\/\/villa-seligmann.de\/en\/\",\"name\":\"Villa Seligmann\",\"description\":\"\",\"publisher\":{\"@id\":\"https:\/\/villa-seligmann.de\/en\/#organization\"},\"potentialAction\":[{\"@type\":\"SearchAction\",\"target\":{\"@type\":\"EntryPoint\",\"urlTemplate\":\"https:\/\/villa-seligmann.de\/en\/?s={search_term_string}\"},\"query-input\":{\"@type\":\"PropertyValueSpecification\",\"valueRequired\":true,\"valueName\":\"search_term_string\"}}],\"inLanguage\":\"en-US\"},{\"@type\":\"Organization\",\"@id\":\"https:\/\/villa-seligmann.de\/en\/#organization\",\"name\":\"Siegmund Seligmann Gesellschaft e.V.\",\"url\":\"https:\/\/villa-seligmann.de\/en\/\",\"logo\":{\"@type\":\"ImageObject\",\"inLanguage\":\"en-US\",\"@id\":\"https:\/\/villa-seligmann.de\/en\/#\/schema\/logo\/image\/\",\"url\":\"http:\/\/villa-seligmann.com\/wp-content\/uploads\/2023\/09\/Logo-Villa-Seligmann.svg\",\"contentUrl\":\"http:\/\/villa-seligmann.com\/wp-content\/uploads\/2023\/09\/Logo-Villa-Seligmann.svg\",\"width\":1278,\"height\":902,\"caption\":\"Siegmund Seligmann Gesellschaft e.V.\"},\"image\":{\"@id\":\"https:\/\/villa-seligmann.de\/en\/#\/schema\/logo\/image\/\"},\"sameAs\":[\"https:\/\/www.facebook.com\/villa.seligmann\/\",\"https:\/\/www.youtube.com\/channel\/UCv0CtyCbwPHMOb-cmdsXcjw\",\"https:\/\/www.instagram.com\/villaseligmann\/\"]}]}<\/script>\n<!-- \/ Yoast SEO plugin. -->","yoast_head_json":{"title":"Radically emotional: challenges and perspectives in the culture of debate - Villa Seligmann","description":"The Hannah Arendt Days Hanover will once again be hosted at Villa Seligmann in 2024.","robots":{"index":"index","follow":"follow","max-snippet":"max-snippet:-1","max-image-preview":"max-image-preview:large","max-video-preview":"max-video-preview:-1"},"canonical":"https:\/\/villa-seligmann.de\/en\/product\/hannah-arendt-days-2024\/","og_locale":"en_US","og_type":"article","og_title":"Radically emotional: challenges and perspectives in the culture of debate - Villa Seligmann","og_description":"The Hannah Arendt Days Hanover will once again be hosted at Villa Seligmann in 2024.","og_url":"https:\/\/villa-seligmann.de\/en\/product\/hannah-arendt-days-2024\/","og_site_name":"Villa Seligmann","article_publisher":"https:\/\/www.facebook.com\/villa.seligmann\/","article_modified_time":"2025-10-20T08:59:06+00:00","og_image":[{"width":1600,"height":900,"url":"https:\/\/villa-seligmann.de\/wp-content\/uploads\/2024\/09\/Hannah_Arendt_Tage_2024_Villa_Seligmann_2_RZ.jpg","type":"image\/jpeg"}],"twitter_card":"summary_large_image","twitter_misc":{"Est. reading time":"3 minutes"},"schema":{"@context":"https:\/\/schema.org","@graph":[{"@type":"WebPage","@id":"https:\/\/villa-seligmann.de\/en\/product\/hannah-arendt-days-2024\/","url":"https:\/\/villa-seligmann.de\/en\/product\/hannah-arendt-days-2024\/","name":"Radically emotional: challenges and perspectives in the culture of debate - Villa Seligmann","isPartOf":{"@id":"https:\/\/villa-seligmann.de\/en\/#website"},"primaryImageOfPage":{"@id":"https:\/\/villa-seligmann.de\/en\/product\/hannah-arendt-days-2024\/#primaryimage"},"image":{"@id":"https:\/\/villa-seligmann.de\/en\/product\/hannah-arendt-days-2024\/#primaryimage"},"thumbnailUrl":"https:\/\/villa-seligmann.de\/wp-content\/uploads\/2024\/09\/Hannah_Arendt_Tage_2024_Villa_Seligmann_2_RZ.jpg","datePublished":"2024-09-04T15:01:10+00:00","dateModified":"2025-10-20T08:59:06+00:00","description":"The Hannah Arendt Days Hanover will once again be hosted at Villa Seligmann in 2024.","breadcrumb":{"@id":"https:\/\/villa-seligmann.de\/en\/product\/hannah-arendt-days-2024\/#breadcrumb"},"inLanguage":"en-US","potentialAction":[{"@type":"ReadAction","target":["https:\/\/villa-seligmann.de\/en\/product\/hannah-arendt-days-2024\/"]}]},{"@type":"ImageObject","inLanguage":"en-US","@id":"https:\/\/villa-seligmann.de\/en\/product\/hannah-arendt-days-2024\/#primaryimage","url":"https:\/\/villa-seligmann.de\/wp-content\/uploads\/2024\/09\/Hannah_Arendt_Tage_2024_Villa_Seligmann_2_RZ.jpg","contentUrl":"https:\/\/villa-seligmann.de\/wp-content\/uploads\/2024\/09\/Hannah_Arendt_Tage_2024_Villa_Seligmann_2_RZ.jpg","width":1600,"height":900},{"@type":"BreadcrumbList","@id":"https:\/\/villa-seligmann.de\/en\/product\/hannah-arendt-days-2024\/#breadcrumb","itemListElement":[{"@type":"ListItem","position":1,"name":"Startseite","item":"https:\/\/villa-seligmann.de\/en\/your-address-for-living-jewish-culture-in-hanover\/"},{"@type":"ListItem","position":2,"name":"Store","item":"https:\/\/villa-seligmann.de\/en\/store\/"},{"@type":"ListItem","position":3,"name":"Radically emotional: challenges and perspectives in the culture of debate"}]},{"@type":"WebSite","@id":"https:\/\/villa-seligmann.de\/en\/#website","url":"https:\/\/villa-seligmann.de\/en\/","name":"Villa Seligmann","description":"","publisher":{"@id":"https:\/\/villa-seligmann.de\/en\/#organization"},"potentialAction":[{"@type":"SearchAction","target":{"@type":"EntryPoint","urlTemplate":"https:\/\/villa-seligmann.de\/en\/?s={search_term_string}"},"query-input":{"@type":"PropertyValueSpecification","valueRequired":true,"valueName":"search_term_string"}}],"inLanguage":"en-US"},{"@type":"Organization","@id":"https:\/\/villa-seligmann.de\/en\/#organization","name":"Siegmund Seligmann Gesellschaft e.V.","url":"https:\/\/villa-seligmann.de\/en\/","logo":{"@type":"ImageObject","inLanguage":"en-US","@id":"https:\/\/villa-seligmann.de\/en\/#\/schema\/logo\/image\/","url":"http:\/\/villa-seligmann.com\/wp-content\/uploads\/2023\/09\/Logo-Villa-Seligmann.svg","contentUrl":"http:\/\/villa-seligmann.com\/wp-content\/uploads\/2023\/09\/Logo-Villa-Seligmann.svg","width":1278,"height":902,"caption":"Siegmund Seligmann Gesellschaft e.V."},"image":{"@id":"https:\/\/villa-seligmann.de\/en\/#\/schema\/logo\/image\/"},"sameAs":["https:\/\/www.facebook.com\/villa.seligmann\/","https:\/\/www.youtube.com\/channel\/UCv0CtyCbwPHMOb-cmdsXcjw","https:\/\/www.instagram.com\/villaseligmann\/"]}]}},"_links":{"self":[{"href":"https:\/\/villa-seligmann.de\/en\/wp-json\/wp\/v2\/product\/42421","targetHints":{"allow":["GET"]}}],"collection":[{"href":"https:\/\/villa-seligmann.de\/en\/wp-json\/wp\/v2\/product"}],"about":[{"href":"https:\/\/villa-seligmann.de\/en\/wp-json\/wp\/v2\/types\/product"}],"replies":[{"embeddable":true,"href":"https:\/\/villa-seligmann.de\/en\/wp-json\/wp\/v2\/comments?post=42421"}],"wp:featuredmedia":[{"embeddable":true,"href":"https:\/\/villa-seligmann.de\/en\/wp-json\/wp\/v2\/media\/42663"}],"wp:attachment":[{"href":"https:\/\/villa-seligmann.de\/en\/wp-json\/wp\/v2\/media?parent=42421"}],"wp:term":[{"taxonomy":"product_brand","embeddable":true,"href":"https:\/\/villa-seligmann.de\/en\/wp-json\/wp\/v2\/product_brand?post=42421"},{"taxonomy":"product_cat","embeddable":true,"href":"https:\/\/villa-seligmann.de\/en\/wp-json\/wp\/v2\/product_cat?post=42421"},{"taxonomy":"product_tag","embeddable":true,"href":"https:\/\/villa-seligmann.de\/en\/wp-json\/wp\/v2\/product_tag?post=42421"}],"curies":[{"name":"wp","href":"https:\/\/api.w.org\/{rel}","templated":true}]}}