{"id":41743,"date":"2024-07-16T14:30:00","date_gmt":"2024-07-16T12:30:00","guid":{"rendered":"https:\/\/villa-seligmann.de\/?post_type=product&#038;p=41743"},"modified":"2024-09-11T15:26:09","modified_gmt":"2024-09-11T13:26:09","slug":"masterpieces-by-jewish-composers-from-three-centuries","status":"publish","type":"product","link":"https:\/\/villa-seligmann.de\/en\/product\/masterpieces-by-jewish-composers-from-three-centuries\/","title":{"rendered":"Masterpieces by Jewish composers from three centuries"},"content":{"rendered":"<div class=\"wpb-content-wrapper\"><p>[vc_row][vc_column][vc_column_text css=&#8221;&#8221;]The <em>Trio Accento<\/em> presents a varied program with works by Jewish composers from three centuries. With the 1st Piano Trio by <strong>Felix Mendelssohn Bartholdy<\/strong>  is one of the best-known and most popular compositions for this genre. Robert Schumann described it as &#8220;The master trio of the present day. A truly beautiful composition that will continue to delight grandchildren and great-grandchildren for years to come.&#8221; It is complemented by the &#8220;3 Nocturnes&#8221; by Ernest Bloch, the only work he wrote for piano trio. In these three movements from 1924, the Geneva-born composer described nocturnal moods. Not only in the sense of the romantic, rapturous Nocturne alla Chopin, but also dark, gloomy and threatening, as the political circumstances of the 1920s might suggest for a Jewish emigrant in the USA.  <strong>Don Jaff\u00e9<\/strong>, the father of the trio cellist who lives in Bremen, is the creator of the contemplative composition &#8220;Serafina&#8217;s Dreams&#8221;, set for cello and piano. Three character pieces by the famous Viennese musician <strong>Fritz Kreisler<\/strong>, who celebrated worldwide success as a violin virtuoso and composer in the 20th century, round off the concert &#8220;Masterpieces by Jewish composers from three centuries&#8221;.[\/vc_column_text][vc_column_text css=&#8221;&#8221;]Tickets are available in the webshop, at <a href=\"mailto:karten@villa-seligmann.de\">karten@villa-seligmann.de<\/a> or 0511 844887-200.[\/vc_column_text][\/vc_column][\/vc_row][vc_row][vc_column]        <div class=\"accordion-holder\">\r\n            <div class=\"accordion gap\"\r\n                 id=\"accordion-69d376c6b20a9\">\r\n                        <div class=\"card \">\r\n            <div class=\"card-header\" id=\"heading-69d376c6b20a90\" data-toggle=\"collapse\"\r\n                 data-target=\"#collapse-69d376c6b20a90\" aria-expanded=\"false\"\r\n                 aria-controls=\"collapse-69d376c6b20a90\">\r\n                <h4>Trio Accento: Besetzung<\/h4>\r\n                <div class=\"arrow\"><\/div>\r\n            <\/div>\r\n            <div id=\"collapse-69d376c6b20a90\" class=\"collapse\" aria-labelledby=\"heading-69d376c6b20a90\"\r\n                 data-parent=\"#accordion-69d376c6b20a9\">\r\n                <div class=\"card-body\"><p><strong><span style=\"color: #000000;\"><a style=\"color: #000000;\" href=\"https:\/\/heidemarie-wiesner.com\/\">Heidemarie Wiesner,<\/a> <\/span>Klavier<\/strong>\u00a0in Bautzen geboren, studierte in Leipzig an der Hochschule f\u00fcr Musik &#8220;Felix Mendelssohn Bartholdy&#8221;. Nach ihrem Diplom 1991 schloss sie ihr Aufbaustudium am Sweelinck Conservatorium Amsterdam mit dem Solistendiplom ab. 2010 zog sie nach Berlin, wo sie seitdem ihre k\u00fcnstlerische und didaktische T\u00e4tigkeit fortsetzt, nun mit Schwerpunkt auf internationaler Konzertt\u00e4tigkeit, Kammermusik und Improvisation. 2017 gr\u00fcndete sie die <em>MittagsMusik<\/em>, kleine Konzerte zur Mittagszeit, die seither an verschiedenen Orten in Berlin stattfinden. Sie widmet sich seit einigen Jahren der Interpretation sorbischer klassischer und zeitgen\u00f6ssischer Musik.<\/p>\n<p><strong><span style=\"color: #000000;\"><a style=\"color: #000000;\" href=\"https:\/\/de.wikipedia.org\/wiki\/Felix_Klein_(Diplomat)\">Felix Klein<\/a>,<\/span> Violine<\/strong>\u00a0begann seine musikalische Ausbildung mit Violinunterricht im Alter von sechs Jahren. Er absolvierte ein umfangreiches Privatstudium und wirkte in verschiedenen kammermusikalischen Ensembles und Orchestern mit, u.a. dem RIAS-Jugendorchester sowie der Deutsch-Franz\u00f6sischen Jugendphilharmonie. Er ist Gr\u00fcndungsmitglied des Diplomatischen Streichquartetts Berlin, das sich die Erarbeitung und Auff\u00fchrung von Werken j\u00fcdischer Komponisten zum Schwerpunkt seiner T\u00e4tigkeit gemacht hat. Klein studierte Rechtswissenschaften und trat 1994 in den Ausw\u00e4rtigen Dienst ein, wo er verschiedene Funktionen innehatte. Seit Mai 2018 ist er Beauftragter der Bundesregierung f\u00fcr j\u00fcdisches Leben und den Kampf gegen Antisemitismus.<\/p>\n<p><strong><span style=\"color: #000000;\"><a style=\"color: #000000;\" href=\"https:\/\/www.hfmdd.de\/personen\/person\/237-ramon-jaffe\">Ram\u00f3n Jaff\u00e9<\/a>,<\/span> Violoncello <\/strong>geboren in Riga, setzte sein Leben in Israel und sp\u00e4ter in Deutschland fort. Zahlreiche Wettbewerbspreise waren die Basis f\u00fcr seine daraufhin einsetzende Solistenlaufbahn, welche ihn in u.a. die gro\u00dfen Konzerth\u00e4user von Berlin, Wien, Amsterdam, M\u00fcnchen, St. Petersburg, K\u00f6ln, Leipzig und Salzburg und grossen internationalen Festivals f\u00fchrte. Feinste K\u00fcnstler z\u00e4hlen zu seinen Kammermusikpartnern &amp; Co-Solisten. Auch die Lehrt\u00e4tigkeit an der Musikhochschule in Dresden und bei zahlreichen Kursen ist ihm ein gro\u00dfes Anliegen. Mit seinem Flamenco-Ensemble lebt Jaff\u00e9 seine gro\u00dfe musikalische Leidenschaft. Auch Begegnungen mit indischer Musik sowie dem Tango bereichern sein musikalisches Spektrum.<\/p>\n                <\/div>\r\n            <\/div>\r\n        <\/div>\r\n                    <\/div>\r\n                    <\/div>\r\n        [vc_single_image image=&#8221;42060&#8243; css=&#8221;&#8221;][\/vc_column][\/vc_row][vc_row][vc_column][vc_separator css=&#8221;&#8221;][vc_column_text css=&#8221;&#8221;]<span style=\"color: #999999;\"><em>Please note that we will be taking photos and videos during this event. The image material is used for our <a style=\"color: #999999;\" href=\"https:\/\/villa-seligmann.de\/en\/galleries\/\">website<\/a> and\/or social media channels as well as for press work. By participating, visitors to this event agree to this.<\/em><\/span>[\/vc_column_text][\/vc_column][\/vc_row]<\/p>\n<\/div>","protected":false},"excerpt":{"rendered":"<p><strong>Chamber concert<\/strong> Felix Klein, violin Ramon Jaff\u00e9, cello Heidemarie Wiesner, piano<\/p>\n","protected":false},"featured_media":41754,"comment_status":"open","ping_status":"closed","template":"","meta":{"_acf_changed":false},"product_brand":[],"product_cat":[178,186],"product_tag":[],"class_list":{"0":"post-41743","1":"product","2":"type-product","3":"status-publish","4":"has-post-thumbnail","6":"product_cat-events","7":"product_cat-concerts","9":"first","10":"instock","11":"sale","12":"taxable","13":"shipping-taxable","14":"purchasable","15":"product-type-variable"},"acf":[],"yoast_head":"<!-- This site is optimized with the Yoast SEO plugin v27.2 - https:\/\/yoast.com\/product\/yoast-seo-wordpress\/ -->\n<title>Masterpieces by Jewish composers from three centuries - Villa Seligmann<\/title>\n<meta name=\"description\" content=\"The Trio Accento presents a very varied program with masterpieces by Jewish composers from three centuries\" \/>\n<meta name=\"robots\" content=\"index, follow, max-snippet:-1, max-image-preview:large, max-video-preview:-1\" \/>\n<link rel=\"canonical\" href=\"https:\/\/villa-seligmann.de\/en\/product\/masterpieces-by-jewish-composers-from-three-centuries\/\" \/>\n<meta property=\"og:locale\" content=\"en_US\" \/>\n<meta property=\"og:type\" content=\"article\" \/>\n<meta property=\"og:title\" content=\"Masterpieces by Jewish composers from three centuries - Villa Seligmann\" \/>\n<meta property=\"og:description\" content=\"The Trio Accento presents a very varied program with masterpieces by Jewish composers from three centuries\" \/>\n<meta property=\"og:url\" content=\"https:\/\/villa-seligmann.de\/en\/product\/masterpieces-by-jewish-composers-from-three-centuries\/\" \/>\n<meta property=\"og:site_name\" content=\"Villa Seligmann\" \/>\n<meta property=\"article:publisher\" content=\"https:\/\/www.facebook.com\/villa.seligmann\/\" \/>\n<meta property=\"article:modified_time\" content=\"2024-09-11T13:26:09+00:00\" \/>\n<meta property=\"og:image\" content=\"https:\/\/villa-seligmann.de\/wp-content\/uploads\/2024\/07\/75.jpg\" \/>\n\t<meta property=\"og:image:width\" content=\"1600\" \/>\n\t<meta property=\"og:image:height\" content=\"900\" \/>\n\t<meta property=\"og:image:type\" content=\"image\/jpeg\" \/>\n<meta name=\"twitter:card\" content=\"summary_large_image\" \/>\n<meta name=\"twitter:label1\" content=\"Est. reading time\" \/>\n\t<meta name=\"twitter:data1\" content=\"3 minutes\" \/>\n<script type=\"application\/ld+json\" class=\"yoast-schema-graph\">{\"@context\":\"https:\/\/schema.org\",\"@graph\":[{\"@type\":\"WebPage\",\"@id\":\"https:\/\/villa-seligmann.de\/en\/product\/masterpieces-by-jewish-composers-from-three-centuries\/\",\"url\":\"https:\/\/villa-seligmann.de\/en\/product\/masterpieces-by-jewish-composers-from-three-centuries\/\",\"name\":\"Masterpieces by Jewish composers from three centuries - Villa Seligmann\",\"isPartOf\":{\"@id\":\"https:\/\/villa-seligmann.de\/en\/#website\"},\"primaryImageOfPage\":{\"@id\":\"https:\/\/villa-seligmann.de\/en\/product\/masterpieces-by-jewish-composers-from-three-centuries\/#primaryimage\"},\"image\":{\"@id\":\"https:\/\/villa-seligmann.de\/en\/product\/masterpieces-by-jewish-composers-from-three-centuries\/#primaryimage\"},\"thumbnailUrl\":\"https:\/\/villa-seligmann.de\/wp-content\/uploads\/2024\/07\/75.jpg\",\"datePublished\":\"2024-07-16T12:30:00+00:00\",\"dateModified\":\"2024-09-11T13:26:09+00:00\",\"description\":\"The Trio Accento presents a very varied program with masterpieces by Jewish composers from three centuries\",\"breadcrumb\":{\"@id\":\"https:\/\/villa-seligmann.de\/en\/product\/masterpieces-by-jewish-composers-from-three-centuries\/#breadcrumb\"},\"inLanguage\":\"en-US\",\"potentialAction\":[{\"@type\":\"ReadAction\",\"target\":[\"https:\/\/villa-seligmann.de\/en\/product\/masterpieces-by-jewish-composers-from-three-centuries\/\"]}]},{\"@type\":\"ImageObject\",\"inLanguage\":\"en-US\",\"@id\":\"https:\/\/villa-seligmann.de\/en\/product\/masterpieces-by-jewish-composers-from-three-centuries\/#primaryimage\",\"url\":\"https:\/\/villa-seligmann.de\/wp-content\/uploads\/2024\/07\/75.jpg\",\"contentUrl\":\"https:\/\/villa-seligmann.de\/wp-content\/uploads\/2024\/07\/75.jpg\",\"width\":1600,\"height\":900},{\"@type\":\"BreadcrumbList\",\"@id\":\"https:\/\/villa-seligmann.de\/en\/product\/masterpieces-by-jewish-composers-from-three-centuries\/#breadcrumb\",\"itemListElement\":[{\"@type\":\"ListItem\",\"position\":1,\"name\":\"Startseite\",\"item\":\"https:\/\/villa-seligmann.de\/en\/your-address-for-living-jewish-culture-in-hanover\/\"},{\"@type\":\"ListItem\",\"position\":2,\"name\":\"Store\",\"item\":\"https:\/\/villa-seligmann.de\/en\/store\/\"},{\"@type\":\"ListItem\",\"position\":3,\"name\":\"Masterpieces by Jewish composers from three centuries\"}]},{\"@type\":\"WebSite\",\"@id\":\"https:\/\/villa-seligmann.de\/en\/#website\",\"url\":\"https:\/\/villa-seligmann.de\/en\/\",\"name\":\"Villa Seligmann\",\"description\":\"\",\"publisher\":{\"@id\":\"https:\/\/villa-seligmann.de\/en\/#organization\"},\"potentialAction\":[{\"@type\":\"SearchAction\",\"target\":{\"@type\":\"EntryPoint\",\"urlTemplate\":\"https:\/\/villa-seligmann.de\/en\/?s={search_term_string}\"},\"query-input\":{\"@type\":\"PropertyValueSpecification\",\"valueRequired\":true,\"valueName\":\"search_term_string\"}}],\"inLanguage\":\"en-US\"},{\"@type\":\"Organization\",\"@id\":\"https:\/\/villa-seligmann.de\/en\/#organization\",\"name\":\"Siegmund Seligmann Gesellschaft e.V.\",\"url\":\"https:\/\/villa-seligmann.de\/en\/\",\"logo\":{\"@type\":\"ImageObject\",\"inLanguage\":\"en-US\",\"@id\":\"https:\/\/villa-seligmann.de\/en\/#\/schema\/logo\/image\/\",\"url\":\"http:\/\/villa-seligmann.com\/wp-content\/uploads\/2023\/09\/Logo-Villa-Seligmann.svg\",\"contentUrl\":\"http:\/\/villa-seligmann.com\/wp-content\/uploads\/2023\/09\/Logo-Villa-Seligmann.svg\",\"width\":1278,\"height\":902,\"caption\":\"Siegmund Seligmann Gesellschaft e.V.\"},\"image\":{\"@id\":\"https:\/\/villa-seligmann.de\/en\/#\/schema\/logo\/image\/\"},\"sameAs\":[\"https:\/\/www.facebook.com\/villa.seligmann\/\",\"https:\/\/www.youtube.com\/channel\/UCv0CtyCbwPHMOb-cmdsXcjw\",\"https:\/\/www.instagram.com\/villaseligmann\/\"]}]}<\/script>\n<!-- \/ Yoast SEO plugin. -->","yoast_head_json":{"title":"Masterpieces by Jewish composers from three centuries - Villa Seligmann","description":"The Trio Accento presents a very varied program with masterpieces by Jewish composers from three centuries","robots":{"index":"index","follow":"follow","max-snippet":"max-snippet:-1","max-image-preview":"max-image-preview:large","max-video-preview":"max-video-preview:-1"},"canonical":"https:\/\/villa-seligmann.de\/en\/product\/masterpieces-by-jewish-composers-from-three-centuries\/","og_locale":"en_US","og_type":"article","og_title":"Masterpieces by Jewish composers from three centuries - Villa Seligmann","og_description":"The Trio Accento presents a very varied program with masterpieces by Jewish composers from three centuries","og_url":"https:\/\/villa-seligmann.de\/en\/product\/masterpieces-by-jewish-composers-from-three-centuries\/","og_site_name":"Villa Seligmann","article_publisher":"https:\/\/www.facebook.com\/villa.seligmann\/","article_modified_time":"2024-09-11T13:26:09+00:00","og_image":[{"width":1600,"height":900,"url":"https:\/\/villa-seligmann.de\/wp-content\/uploads\/2024\/07\/75.jpg","type":"image\/jpeg"}],"twitter_card":"summary_large_image","twitter_misc":{"Est. reading time":"3 minutes"},"schema":{"@context":"https:\/\/schema.org","@graph":[{"@type":"WebPage","@id":"https:\/\/villa-seligmann.de\/en\/product\/masterpieces-by-jewish-composers-from-three-centuries\/","url":"https:\/\/villa-seligmann.de\/en\/product\/masterpieces-by-jewish-composers-from-three-centuries\/","name":"Masterpieces by Jewish composers from three centuries - Villa Seligmann","isPartOf":{"@id":"https:\/\/villa-seligmann.de\/en\/#website"},"primaryImageOfPage":{"@id":"https:\/\/villa-seligmann.de\/en\/product\/masterpieces-by-jewish-composers-from-three-centuries\/#primaryimage"},"image":{"@id":"https:\/\/villa-seligmann.de\/en\/product\/masterpieces-by-jewish-composers-from-three-centuries\/#primaryimage"},"thumbnailUrl":"https:\/\/villa-seligmann.de\/wp-content\/uploads\/2024\/07\/75.jpg","datePublished":"2024-07-16T12:30:00+00:00","dateModified":"2024-09-11T13:26:09+00:00","description":"The Trio Accento presents a very varied program with masterpieces by Jewish composers from three centuries","breadcrumb":{"@id":"https:\/\/villa-seligmann.de\/en\/product\/masterpieces-by-jewish-composers-from-three-centuries\/#breadcrumb"},"inLanguage":"en-US","potentialAction":[{"@type":"ReadAction","target":["https:\/\/villa-seligmann.de\/en\/product\/masterpieces-by-jewish-composers-from-three-centuries\/"]}]},{"@type":"ImageObject","inLanguage":"en-US","@id":"https:\/\/villa-seligmann.de\/en\/product\/masterpieces-by-jewish-composers-from-three-centuries\/#primaryimage","url":"https:\/\/villa-seligmann.de\/wp-content\/uploads\/2024\/07\/75.jpg","contentUrl":"https:\/\/villa-seligmann.de\/wp-content\/uploads\/2024\/07\/75.jpg","width":1600,"height":900},{"@type":"BreadcrumbList","@id":"https:\/\/villa-seligmann.de\/en\/product\/masterpieces-by-jewish-composers-from-three-centuries\/#breadcrumb","itemListElement":[{"@type":"ListItem","position":1,"name":"Startseite","item":"https:\/\/villa-seligmann.de\/en\/your-address-for-living-jewish-culture-in-hanover\/"},{"@type":"ListItem","position":2,"name":"Store","item":"https:\/\/villa-seligmann.de\/en\/store\/"},{"@type":"ListItem","position":3,"name":"Masterpieces by Jewish composers from three centuries"}]},{"@type":"WebSite","@id":"https:\/\/villa-seligmann.de\/en\/#website","url":"https:\/\/villa-seligmann.de\/en\/","name":"Villa Seligmann","description":"","publisher":{"@id":"https:\/\/villa-seligmann.de\/en\/#organization"},"potentialAction":[{"@type":"SearchAction","target":{"@type":"EntryPoint","urlTemplate":"https:\/\/villa-seligmann.de\/en\/?s={search_term_string}"},"query-input":{"@type":"PropertyValueSpecification","valueRequired":true,"valueName":"search_term_string"}}],"inLanguage":"en-US"},{"@type":"Organization","@id":"https:\/\/villa-seligmann.de\/en\/#organization","name":"Siegmund Seligmann Gesellschaft e.V.","url":"https:\/\/villa-seligmann.de\/en\/","logo":{"@type":"ImageObject","inLanguage":"en-US","@id":"https:\/\/villa-seligmann.de\/en\/#\/schema\/logo\/image\/","url":"http:\/\/villa-seligmann.com\/wp-content\/uploads\/2023\/09\/Logo-Villa-Seligmann.svg","contentUrl":"http:\/\/villa-seligmann.com\/wp-content\/uploads\/2023\/09\/Logo-Villa-Seligmann.svg","width":1278,"height":902,"caption":"Siegmund Seligmann Gesellschaft e.V."},"image":{"@id":"https:\/\/villa-seligmann.de\/en\/#\/schema\/logo\/image\/"},"sameAs":["https:\/\/www.facebook.com\/villa.seligmann\/","https:\/\/www.youtube.com\/channel\/UCv0CtyCbwPHMOb-cmdsXcjw","https:\/\/www.instagram.com\/villaseligmann\/"]}]}},"_links":{"self":[{"href":"https:\/\/villa-seligmann.de\/en\/wp-json\/wp\/v2\/product\/41743","targetHints":{"allow":["GET"]}}],"collection":[{"href":"https:\/\/villa-seligmann.de\/en\/wp-json\/wp\/v2\/product"}],"about":[{"href":"https:\/\/villa-seligmann.de\/en\/wp-json\/wp\/v2\/types\/product"}],"replies":[{"embeddable":true,"href":"https:\/\/villa-seligmann.de\/en\/wp-json\/wp\/v2\/comments?post=41743"}],"wp:featuredmedia":[{"embeddable":true,"href":"https:\/\/villa-seligmann.de\/en\/wp-json\/wp\/v2\/media\/41754"}],"wp:attachment":[{"href":"https:\/\/villa-seligmann.de\/en\/wp-json\/wp\/v2\/media?parent=41743"}],"wp:term":[{"taxonomy":"product_brand","embeddable":true,"href":"https:\/\/villa-seligmann.de\/en\/wp-json\/wp\/v2\/product_brand?post=41743"},{"taxonomy":"product_cat","embeddable":true,"href":"https:\/\/villa-seligmann.de\/en\/wp-json\/wp\/v2\/product_cat?post=41743"},{"taxonomy":"product_tag","embeddable":true,"href":"https:\/\/villa-seligmann.de\/en\/wp-json\/wp\/v2\/product_tag?post=41743"}],"curies":[{"name":"wp","href":"https:\/\/api.w.org\/{rel}","templated":true}]}}