{"id":41655,"date":"2023-06-27T13:27:22","date_gmt":"2023-06-27T11:27:22","guid":{"rendered":"https:\/\/villa-seligmann.de\/product\/no-crying-here\/"},"modified":"2024-07-12T12:32:07","modified_gmt":"2024-07-12T10:32:07","slug":"no-crying-here","status":"publish","type":"product","link":"https:\/\/villa-seligmann.de\/en\/product\/no-crying-here\/","title":{"rendered":"No crying here"},"content":{"rendered":"<div class=\"wpb-content-wrapper\"><p>[vc_row][vc_column][vc_column_text]The central content of the event is the memory of the life story of Rachela Zelmanowicz Olewski, which was published in the autobiographical book:  <em>&#8220;Weinen hier verboten&#8221; &#8211; A Jewish girl in Bendzin, Poland, in the Bendzin ghetto and in hiding, in the women&#8217;s orchestra at Auschwitz, in Bergen-Belsen and Israel. 1921-1987<\/em><\/p>\n<hr>\n<p><strong>Rachela Zelmanowicz<\/strong> was born in early October 1921 in the Polish town of B\u0119dzin\/Bendzin &#8211; in the &#8220;Jerusalem of the Zaglembie&#8221; &#8211; into a well-situated traditional Jewish family after her brother Zalman Dov (Ber, Beniek &#8211; Dov &#8220;Ben Barak&#8221;), who was four years older, attended the F\u00fcrstenberg Jewish Grammar School in Bendzin and was a member of the Zionist Hano\u00e1r Hazi\u00f3ni movement. After the beginning of the Second World War, the Zelmanowicz family lived in the Bendzin ghetto, where their mother died. The ghetto was evacuated in the summer of 1943 and the family was deported to the Auschwitz-Birkenau concentration camp at the beginning of August 1943. The father was killed immediately by gas on the day of his arrival &#8211; his 53rd birthday; the brother was murdered after taking part in the Sonderkommando revolt in Birkenau.<\/p>\n<p>Rachela played the <strong>mandolin<\/strong> and became an amateur musician in the <strong>girls&#8217; orchestra (women&#8217;s orchestra)<\/strong> led by Alma Ros\u00e9 <strong>in Birkenau<\/strong>. In the end, she owed her survival to her mandolin playing, to Rozka Rembiszewska, who persuaded her to join the orchestra, and to the girls&#8217;\/women&#8217;s orchestra itself. On November 1, 1944, she was taken to the <strong>Bergen-Belsen concentration camp<\/strong> near Celle with the other surviving members of the orchestra and liberated there by the British army on April 15, 1945.<\/p>\n<hr>\n<p><strong>PROGRAM<\/strong><\/p>\n<p><strong>Musical opening on the mandolin<\/strong> | <a href=\"https:\/\/www.alon-sariel.com\/\">Alon Sariel<\/a><br \/>\n<strong>Welcome and opening<\/strong> | Christoph Bors, State Representative Konrad-Adenauer-Stiftung. e.V.<br \/>\n<strong>Greeting<\/strong> | Eliah Sakakushev-von Bismarck, Managing Director Villa Seligmann<br \/>\n<strong>Guest Lecture \/ Introduction<\/strong> | Arie Olewski, son of Rachela Zelmanowicz Olewski and representative of the second generation of the Bergen-Belsen Survivors Organization (English with translation)<br \/>\n<strong>Interlude<\/strong> | Alon Sariel<br \/>\n<strong>Book reading<\/strong> | <a href=\"http:\/\/www.corinnaluedtke.de\/\">Corinna Luedtke<\/a><br \/>\n<strong>Q&amp;A session with the audience<\/strong><br \/>\n<strong>Musical finale<\/strong> | Alon Sariel<br \/>\n<strong>Exchange of ideas and drinks reception<\/strong><\/p>\n<hr>\n<p><strong>Admission free only after registration<\/strong><br \/>\nAdmission is from 5.30 pm.<br \/>\nThe current corona regulations of the state of Lower Saxony apply.<\/p>\n<p>An event organized by the Konrad Adenauer Foundation<br \/>\nPolitical Education Center Lower Saxony, Head: <a href=\"mailto:christoph.bors@kas.de\">Christoph Bors<\/a><\/p>\n<p><img loading=\"lazy\" decoding=\"async\" class=\"alignleft wp-image-33997\" src=\"https:\/\/kunden.aksechsundachtzig.eu\/villaseligmann-alt\/wp-content\/uploads\/2022\/08\/logo-300x92.png\" alt=\"\" width=\"202\" height=\"62\"><\/p>\n<p>&nbsp;<\/p>\n<p>[\/vc_column_text][\/vc_column][\/vc_row][vc_row][vc_column][vc_gallery interval=&#8221;3&#8243; images=&#8221;42013,42016,42020,42023&#8243; img_size=&#8221;large&#8221; css=&#8221;&#8221;][vc_column_text css=&#8221;&#8221;]\u00a9 KAS[\/vc_column_text][\/vc_column][\/vc_row]<\/p>\n<\/div>","protected":false},"excerpt":{"rendered":"<p><strong>Book presentation and discussion<\/strong><\/p>\n<p>With musical accompaniment on the mandolin<\/p>\n<p>&nbsp;<\/p>\n","protected":false},"featured_media":41657,"comment_status":"open","ping_status":"closed","template":"","meta":{"_acf_changed":false},"product_brand":[],"product_cat":[197,178,186],"product_tag":[],"class_list":{"0":"post-41655","1":"product","2":"type-product","3":"status-publish","4":"has-post-thumbnail","6":"product_cat-readings-lectures","7":"product_cat-events","8":"product_cat-concerts","10":"first","11":"outofstock","12":"taxable","13":"shipping-taxable","14":"product-type-variable"},"acf":[],"yoast_head":"<!-- This site is optimized with the Yoast SEO plugin v27.2 - https:\/\/yoast.com\/product\/yoast-seo-wordpress\/ -->\n<title>No crying here - Villa Seligmann<\/title>\n<meta name=\"description\" content=\"The central content of the event is the memory of the life story of Rachela Zelmanowicz Olewski, which was published in the autobiographical book: &quot;Weinen hier verboten&quot; (Crying here is forbidden)\" \/>\n<meta name=\"robots\" content=\"index, follow, max-snippet:-1, max-image-preview:large, max-video-preview:-1\" \/>\n<link rel=\"canonical\" href=\"https:\/\/villa-seligmann.de\/en\/product\/no-crying-here\/\" \/>\n<meta property=\"og:locale\" content=\"en_US\" \/>\n<meta property=\"og:type\" content=\"article\" \/>\n<meta property=\"og:title\" content=\"No crying here - Villa Seligmann\" \/>\n<meta property=\"og:description\" content=\"The central content of the event is the memory of the life story of Rachela Zelmanowicz Olewski, which was published in the autobiographical book: &quot;Weinen hier verboten&quot; (Crying here is forbidden)\" \/>\n<meta property=\"og:url\" content=\"https:\/\/villa-seligmann.de\/en\/product\/no-crying-here\/\" \/>\n<meta property=\"og:site_name\" content=\"Villa Seligmann\" \/>\n<meta property=\"article:publisher\" content=\"https:\/\/www.facebook.com\/villa.seligmann\/\" \/>\n<meta property=\"article:modified_time\" content=\"2024-07-12T10:32:07+00:00\" \/>\n<meta property=\"og:image\" content=\"https:\/\/villa-seligmann.de\/wp-content\/uploads\/2024\/06\/Titelbild_Weinen-hier-verboten-e1660558777260-1536x1023-1.jpg\" \/>\n\t<meta property=\"og:image:width\" content=\"1536\" \/>\n\t<meta property=\"og:image:height\" content=\"1023\" \/>\n\t<meta property=\"og:image:type\" content=\"image\/jpeg\" \/>\n<meta name=\"twitter:card\" content=\"summary_large_image\" \/>\n<meta name=\"twitter:label1\" content=\"Est. reading time\" \/>\n\t<meta name=\"twitter:data1\" content=\"2 minutes\" \/>\n<script type=\"application\/ld+json\" class=\"yoast-schema-graph\">{\"@context\":\"https:\/\/schema.org\",\"@graph\":[{\"@type\":\"WebPage\",\"@id\":\"https:\/\/villa-seligmann.de\/en\/product\/no-crying-here\/\",\"url\":\"https:\/\/villa-seligmann.de\/en\/product\/no-crying-here\/\",\"name\":\"No crying here - Villa Seligmann\",\"isPartOf\":{\"@id\":\"https:\/\/villa-seligmann.de\/en\/#website\"},\"primaryImageOfPage\":{\"@id\":\"https:\/\/villa-seligmann.de\/en\/product\/no-crying-here\/#primaryimage\"},\"image\":{\"@id\":\"https:\/\/villa-seligmann.de\/en\/product\/no-crying-here\/#primaryimage\"},\"thumbnailUrl\":\"https:\/\/villa-seligmann.de\/wp-content\/uploads\/2024\/06\/Titelbild_Weinen-hier-verboten-e1660558777260-1536x1023-1.jpg\",\"datePublished\":\"2023-06-27T11:27:22+00:00\",\"dateModified\":\"2024-07-12T10:32:07+00:00\",\"description\":\"The central content of the event is the memory of the life story of Rachela Zelmanowicz Olewski, which was published in the autobiographical book: \\\"Weinen hier verboten\\\" (Crying here is forbidden)\",\"breadcrumb\":{\"@id\":\"https:\/\/villa-seligmann.de\/en\/product\/no-crying-here\/#breadcrumb\"},\"inLanguage\":\"en-US\",\"potentialAction\":[{\"@type\":\"ReadAction\",\"target\":[\"https:\/\/villa-seligmann.de\/en\/product\/no-crying-here\/\"]}]},{\"@type\":\"ImageObject\",\"inLanguage\":\"en-US\",\"@id\":\"https:\/\/villa-seligmann.de\/en\/product\/no-crying-here\/#primaryimage\",\"url\":\"https:\/\/villa-seligmann.de\/wp-content\/uploads\/2024\/06\/Titelbild_Weinen-hier-verboten-e1660558777260-1536x1023-1.jpg\",\"contentUrl\":\"https:\/\/villa-seligmann.de\/wp-content\/uploads\/2024\/06\/Titelbild_Weinen-hier-verboten-e1660558777260-1536x1023-1.jpg\",\"width\":1536,\"height\":1023},{\"@type\":\"BreadcrumbList\",\"@id\":\"https:\/\/villa-seligmann.de\/en\/product\/no-crying-here\/#breadcrumb\",\"itemListElement\":[{\"@type\":\"ListItem\",\"position\":1,\"name\":\"Startseite\",\"item\":\"https:\/\/villa-seligmann.de\/en\/your-address-for-living-jewish-culture-in-hanover\/\"},{\"@type\":\"ListItem\",\"position\":2,\"name\":\"Store\",\"item\":\"https:\/\/villa-seligmann.de\/en\/store\/\"},{\"@type\":\"ListItem\",\"position\":3,\"name\":\"No crying here\"}]},{\"@type\":\"WebSite\",\"@id\":\"https:\/\/villa-seligmann.de\/en\/#website\",\"url\":\"https:\/\/villa-seligmann.de\/en\/\",\"name\":\"Villa Seligmann\",\"description\":\"\",\"publisher\":{\"@id\":\"https:\/\/villa-seligmann.de\/en\/#organization\"},\"potentialAction\":[{\"@type\":\"SearchAction\",\"target\":{\"@type\":\"EntryPoint\",\"urlTemplate\":\"https:\/\/villa-seligmann.de\/en\/?s={search_term_string}\"},\"query-input\":{\"@type\":\"PropertyValueSpecification\",\"valueRequired\":true,\"valueName\":\"search_term_string\"}}],\"inLanguage\":\"en-US\"},{\"@type\":\"Organization\",\"@id\":\"https:\/\/villa-seligmann.de\/en\/#organization\",\"name\":\"Siegmund Seligmann Gesellschaft e.V.\",\"url\":\"https:\/\/villa-seligmann.de\/en\/\",\"logo\":{\"@type\":\"ImageObject\",\"inLanguage\":\"en-US\",\"@id\":\"https:\/\/villa-seligmann.de\/en\/#\/schema\/logo\/image\/\",\"url\":\"http:\/\/villa-seligmann.com\/wp-content\/uploads\/2023\/09\/Logo-Villa-Seligmann.svg\",\"contentUrl\":\"http:\/\/villa-seligmann.com\/wp-content\/uploads\/2023\/09\/Logo-Villa-Seligmann.svg\",\"width\":1278,\"height\":902,\"caption\":\"Siegmund Seligmann Gesellschaft e.V.\"},\"image\":{\"@id\":\"https:\/\/villa-seligmann.de\/en\/#\/schema\/logo\/image\/\"},\"sameAs\":[\"https:\/\/www.facebook.com\/villa.seligmann\/\",\"https:\/\/www.youtube.com\/channel\/UCv0CtyCbwPHMOb-cmdsXcjw\",\"https:\/\/www.instagram.com\/villaseligmann\/\"]}]}<\/script>\n<!-- \/ Yoast SEO plugin. -->","yoast_head_json":{"title":"No crying here - Villa Seligmann","description":"The central content of the event is the memory of the life story of Rachela Zelmanowicz Olewski, which was published in the autobiographical book: \"Weinen hier verboten\" (Crying here is forbidden)","robots":{"index":"index","follow":"follow","max-snippet":"max-snippet:-1","max-image-preview":"max-image-preview:large","max-video-preview":"max-video-preview:-1"},"canonical":"https:\/\/villa-seligmann.de\/en\/product\/no-crying-here\/","og_locale":"en_US","og_type":"article","og_title":"No crying here - Villa Seligmann","og_description":"The central content of the event is the memory of the life story of Rachela Zelmanowicz Olewski, which was published in the autobiographical book: \"Weinen hier verboten\" (Crying here is forbidden)","og_url":"https:\/\/villa-seligmann.de\/en\/product\/no-crying-here\/","og_site_name":"Villa Seligmann","article_publisher":"https:\/\/www.facebook.com\/villa.seligmann\/","article_modified_time":"2024-07-12T10:32:07+00:00","og_image":[{"width":1536,"height":1023,"url":"https:\/\/villa-seligmann.de\/wp-content\/uploads\/2024\/06\/Titelbild_Weinen-hier-verboten-e1660558777260-1536x1023-1.jpg","type":"image\/jpeg"}],"twitter_card":"summary_large_image","twitter_misc":{"Est. reading time":"2 minutes"},"schema":{"@context":"https:\/\/schema.org","@graph":[{"@type":"WebPage","@id":"https:\/\/villa-seligmann.de\/en\/product\/no-crying-here\/","url":"https:\/\/villa-seligmann.de\/en\/product\/no-crying-here\/","name":"No crying here - Villa Seligmann","isPartOf":{"@id":"https:\/\/villa-seligmann.de\/en\/#website"},"primaryImageOfPage":{"@id":"https:\/\/villa-seligmann.de\/en\/product\/no-crying-here\/#primaryimage"},"image":{"@id":"https:\/\/villa-seligmann.de\/en\/product\/no-crying-here\/#primaryimage"},"thumbnailUrl":"https:\/\/villa-seligmann.de\/wp-content\/uploads\/2024\/06\/Titelbild_Weinen-hier-verboten-e1660558777260-1536x1023-1.jpg","datePublished":"2023-06-27T11:27:22+00:00","dateModified":"2024-07-12T10:32:07+00:00","description":"The central content of the event is the memory of the life story of Rachela Zelmanowicz Olewski, which was published in the autobiographical book: \"Weinen hier verboten\" (Crying here is forbidden)","breadcrumb":{"@id":"https:\/\/villa-seligmann.de\/en\/product\/no-crying-here\/#breadcrumb"},"inLanguage":"en-US","potentialAction":[{"@type":"ReadAction","target":["https:\/\/villa-seligmann.de\/en\/product\/no-crying-here\/"]}]},{"@type":"ImageObject","inLanguage":"en-US","@id":"https:\/\/villa-seligmann.de\/en\/product\/no-crying-here\/#primaryimage","url":"https:\/\/villa-seligmann.de\/wp-content\/uploads\/2024\/06\/Titelbild_Weinen-hier-verboten-e1660558777260-1536x1023-1.jpg","contentUrl":"https:\/\/villa-seligmann.de\/wp-content\/uploads\/2024\/06\/Titelbild_Weinen-hier-verboten-e1660558777260-1536x1023-1.jpg","width":1536,"height":1023},{"@type":"BreadcrumbList","@id":"https:\/\/villa-seligmann.de\/en\/product\/no-crying-here\/#breadcrumb","itemListElement":[{"@type":"ListItem","position":1,"name":"Startseite","item":"https:\/\/villa-seligmann.de\/en\/your-address-for-living-jewish-culture-in-hanover\/"},{"@type":"ListItem","position":2,"name":"Store","item":"https:\/\/villa-seligmann.de\/en\/store\/"},{"@type":"ListItem","position":3,"name":"No crying here"}]},{"@type":"WebSite","@id":"https:\/\/villa-seligmann.de\/en\/#website","url":"https:\/\/villa-seligmann.de\/en\/","name":"Villa Seligmann","description":"","publisher":{"@id":"https:\/\/villa-seligmann.de\/en\/#organization"},"potentialAction":[{"@type":"SearchAction","target":{"@type":"EntryPoint","urlTemplate":"https:\/\/villa-seligmann.de\/en\/?s={search_term_string}"},"query-input":{"@type":"PropertyValueSpecification","valueRequired":true,"valueName":"search_term_string"}}],"inLanguage":"en-US"},{"@type":"Organization","@id":"https:\/\/villa-seligmann.de\/en\/#organization","name":"Siegmund Seligmann Gesellschaft e.V.","url":"https:\/\/villa-seligmann.de\/en\/","logo":{"@type":"ImageObject","inLanguage":"en-US","@id":"https:\/\/villa-seligmann.de\/en\/#\/schema\/logo\/image\/","url":"http:\/\/villa-seligmann.com\/wp-content\/uploads\/2023\/09\/Logo-Villa-Seligmann.svg","contentUrl":"http:\/\/villa-seligmann.com\/wp-content\/uploads\/2023\/09\/Logo-Villa-Seligmann.svg","width":1278,"height":902,"caption":"Siegmund Seligmann Gesellschaft e.V."},"image":{"@id":"https:\/\/villa-seligmann.de\/en\/#\/schema\/logo\/image\/"},"sameAs":["https:\/\/www.facebook.com\/villa.seligmann\/","https:\/\/www.youtube.com\/channel\/UCv0CtyCbwPHMOb-cmdsXcjw","https:\/\/www.instagram.com\/villaseligmann\/"]}]}},"_links":{"self":[{"href":"https:\/\/villa-seligmann.de\/en\/wp-json\/wp\/v2\/product\/41655","targetHints":{"allow":["GET"]}}],"collection":[{"href":"https:\/\/villa-seligmann.de\/en\/wp-json\/wp\/v2\/product"}],"about":[{"href":"https:\/\/villa-seligmann.de\/en\/wp-json\/wp\/v2\/types\/product"}],"replies":[{"embeddable":true,"href":"https:\/\/villa-seligmann.de\/en\/wp-json\/wp\/v2\/comments?post=41655"}],"wp:featuredmedia":[{"embeddable":true,"href":"https:\/\/villa-seligmann.de\/en\/wp-json\/wp\/v2\/media\/41657"}],"wp:attachment":[{"href":"https:\/\/villa-seligmann.de\/en\/wp-json\/wp\/v2\/media?parent=41655"}],"wp:term":[{"taxonomy":"product_brand","embeddable":true,"href":"https:\/\/villa-seligmann.de\/en\/wp-json\/wp\/v2\/product_brand?post=41655"},{"taxonomy":"product_cat","embeddable":true,"href":"https:\/\/villa-seligmann.de\/en\/wp-json\/wp\/v2\/product_cat?post=41655"},{"taxonomy":"product_tag","embeddable":true,"href":"https:\/\/villa-seligmann.de\/en\/wp-json\/wp\/v2\/product_tag?post=41655"}],"curies":[{"name":"wp","href":"https:\/\/api.w.org\/{rel}","templated":true}]}}