{"id":41530,"date":"2023-06-19T16:26:19","date_gmt":"2023-06-19T14:26:19","guid":{"rendered":"https:\/\/villa-seligmann.de\/product\/the-poet-rose-auslander\/"},"modified":"2024-06-19T16:26:19","modified_gmt":"2024-06-19T14:26:19","slug":"the-poet-rose-auslander","status":"publish","type":"product","link":"https:\/\/villa-seligmann.de\/en\/product\/the-poet-rose-auslander\/","title":{"rendered":"The poet Rose Ausl\u00e4nder"},"content":{"rendered":"<p>+++ postponed from May 3, 2020 +++<\/p>\n<p><strong>Helmut Braun, <\/strong>reading and concept<br \/>\n<strong>Marko \u0160evarli\u0107, <\/strong>accordion<\/p>\n<div class=\"page\" title=\"Page 2\">\n<div class=\"layoutArea\">\n<div class=\"column\">\n<p><strong>Rose Ausl\u00e4nder<\/strong> (1901-1988) is one of the great poets of the 20th century. Her poems are perfect craftsmanship &#8211; she can do everything poets can learn. Her poems are perfect brainwork &#8211; highly reflective and integrated into her poetic cosmos. And they are perfect works of art &#8211; full of emotion and triggering emotions. This triad creates the fascination that still inspires readers today. Rose Ausl\u00e4nder&#8217;s life and work are exceptionally closely linked.<\/p>\n<p>All stages of her life can be found in her poems: from childhood and youth to the Shoah and exile in New York to old age and the expectation of death. They tell of love, fear, mortal distress, but also of happiness: &#8220;don&#8217;t forget \/ happiness was there too&#8221; &#8211; and of the never-lost hope &#8220;that poetry is still possible&#8221;. Rose Ausl\u00e4nder left behind a complete oeuvre of over 3,000 poems, numerous book editions and publications in anthologies, newspapers and magazines. In the 1980s, the well-known poet became a famous poetess. Rose Ausl\u00e4nder receives the Ida Dehmel Prize, the Andreas Gryphius Prize and the Literature Prize of the Bavarian Academy of Fine Arts, among others. In 1984, she was awarded the Grand Cross of the Order of Merit of the Federal Republic of Germany. Her estate is in the Heinrich Heine Institute in D\u00fcsseldorf.<\/p>\n<hr>\n<p><strong>Helmut Braun<\/strong> talks about the poet&#8217;s life and reads Rose Ausl\u00e4nder&#8217;s poems. The author, literary historian and editor of her complete works looked after the poet for the last 13 years until her death. There is probably no more competent expert than him to provide information on the life and work of Rose Ausl\u00e4nder.<\/p>\n<\/div>\n<\/div>\n<\/div>\n<p>The Serbian master accordionist <strong>Marko \u0160evarli\u0107<\/strong> will play compositions by J. N. P. Royer. Marko \u0160evarli\u0107 began playing the accordion at the age of eight. During his studies, Marko \u0160evarli\u0107 already received over 48 awards at national and international competitions as well as several first prizes at the world&#8217;s most important accordion competitions. This was followed by concert tours in Russia, Italy, Japan, Spain, Germany and Switzerland. He has performed with the Bamberg and Berlin Symphony Orchestras, at the Davos Festival and on Radio France Musique.<\/p>\n<hr>\n<p>Tickets<br \/>\nLarge hall 26 Euro (reduced 16 Euro)<br \/>\nSalon 18 Euro (reduced 8 Euro)<br \/>\nRegistrations at: <a href=\"mailto:karten@villa-seligmann.de\">karten@villa-seligmann.de<\/a> or by telephone on: 0511-844 887 200<br \/>\nAdmission is from one hour before the start of the event.<\/p>\n<p>Subject to change without notice.<\/p>\n","protected":false},"excerpt":{"rendered":"<p><strong>Nomad of the 20th century<\/strong><\/p>\n<p>Musical reading<\/p>\n","protected":false},"featured_media":41527,"comment_status":"open","ping_status":"closed","template":"","meta":{"_acf_changed":false},"product_brand":[],"product_cat":[178,186,197],"product_tag":[],"class_list":{"0":"post-41530","1":"product","2":"type-product","3":"status-publish","4":"has-post-thumbnail","6":"product_cat-events","7":"product_cat-concerts","8":"product_cat-readings-lectures","10":"first","11":"outofstock","12":"taxable","13":"shipping-taxable","14":"product-type-variable"},"acf":[],"yoast_head":"<!-- This site is optimized with the Yoast SEO plugin v27.2 - https:\/\/yoast.com\/product\/yoast-seo-wordpress\/ -->\n<title>The poet Rose Ausl\u00e4nder - Villa Seligmann<\/title>\n<meta name=\"robots\" content=\"index, follow, max-snippet:-1, max-image-preview:large, max-video-preview:-1\" \/>\n<link rel=\"canonical\" href=\"https:\/\/villa-seligmann.de\/en\/product\/the-poet-rose-auslander\/\" \/>\n<meta property=\"og:locale\" content=\"en_US\" \/>\n<meta property=\"og:type\" content=\"article\" \/>\n<meta property=\"og:title\" content=\"The poet Rose Ausl\u00e4nder - Villa Seligmann\" \/>\n<meta property=\"og:description\" content=\"Nomad of the 20th century Musical reading\" \/>\n<meta property=\"og:url\" content=\"https:\/\/villa-seligmann.de\/en\/product\/the-poet-rose-auslander\/\" \/>\n<meta property=\"og:site_name\" content=\"Villa Seligmann\" \/>\n<meta property=\"article:publisher\" content=\"https:\/\/www.facebook.com\/villa.seligmann\/\" \/>\n<meta property=\"article:modified_time\" content=\"2024-06-19T14:26:19+00:00\" \/>\n<meta property=\"og:image\" content=\"https:\/\/villa-seligmann.de\/wp-content\/uploads\/2024\/06\/Bildschirmfoto-2024-06-19-um-16.23.11.jpg\" \/>\n\t<meta property=\"og:image:width\" content=\"784\" \/>\n\t<meta property=\"og:image:height\" content=\"506\" \/>\n\t<meta property=\"og:image:type\" content=\"image\/jpeg\" \/>\n<meta name=\"twitter:card\" content=\"summary_large_image\" \/>\n<meta name=\"twitter:label1\" content=\"Est. reading time\" \/>\n\t<meta name=\"twitter:data1\" content=\"2 minutes\" \/>\n<script type=\"application\/ld+json\" class=\"yoast-schema-graph\">{\"@context\":\"https:\/\/schema.org\",\"@graph\":[{\"@type\":\"WebPage\",\"@id\":\"https:\/\/villa-seligmann.de\/en\/product\/the-poet-rose-auslander\/\",\"url\":\"https:\/\/villa-seligmann.de\/en\/product\/the-poet-rose-auslander\/\",\"name\":\"The poet Rose Ausl\u00e4nder - Villa Seligmann\",\"isPartOf\":{\"@id\":\"https:\/\/villa-seligmann.de\/en\/#website\"},\"primaryImageOfPage\":{\"@id\":\"https:\/\/villa-seligmann.de\/en\/product\/the-poet-rose-auslander\/#primaryimage\"},\"image\":{\"@id\":\"https:\/\/villa-seligmann.de\/en\/product\/the-poet-rose-auslander\/#primaryimage\"},\"thumbnailUrl\":\"https:\/\/villa-seligmann.de\/wp-content\/uploads\/2024\/06\/Bildschirmfoto-2024-06-19-um-16.23.11.jpg\",\"datePublished\":\"2023-06-19T14:26:19+00:00\",\"dateModified\":\"2024-06-19T14:26:19+00:00\",\"breadcrumb\":{\"@id\":\"https:\/\/villa-seligmann.de\/en\/product\/the-poet-rose-auslander\/#breadcrumb\"},\"inLanguage\":\"en-US\",\"potentialAction\":[{\"@type\":\"ReadAction\",\"target\":[\"https:\/\/villa-seligmann.de\/en\/product\/the-poet-rose-auslander\/\"]}]},{\"@type\":\"ImageObject\",\"inLanguage\":\"en-US\",\"@id\":\"https:\/\/villa-seligmann.de\/en\/product\/the-poet-rose-auslander\/#primaryimage\",\"url\":\"https:\/\/villa-seligmann.de\/wp-content\/uploads\/2024\/06\/Bildschirmfoto-2024-06-19-um-16.23.11.jpg\",\"contentUrl\":\"https:\/\/villa-seligmann.de\/wp-content\/uploads\/2024\/06\/Bildschirmfoto-2024-06-19-um-16.23.11.jpg\",\"width\":784,\"height\":506},{\"@type\":\"BreadcrumbList\",\"@id\":\"https:\/\/villa-seligmann.de\/en\/product\/the-poet-rose-auslander\/#breadcrumb\",\"itemListElement\":[{\"@type\":\"ListItem\",\"position\":1,\"name\":\"Startseite\",\"item\":\"https:\/\/villa-seligmann.de\/en\/your-address-for-living-jewish-culture-in-hanover\/\"},{\"@type\":\"ListItem\",\"position\":2,\"name\":\"Store\",\"item\":\"https:\/\/villa-seligmann.de\/en\/store\/\"},{\"@type\":\"ListItem\",\"position\":3,\"name\":\"The poet Rose Ausl\u00e4nder\"}]},{\"@type\":\"WebSite\",\"@id\":\"https:\/\/villa-seligmann.de\/en\/#website\",\"url\":\"https:\/\/villa-seligmann.de\/en\/\",\"name\":\"Villa Seligmann\",\"description\":\"\",\"publisher\":{\"@id\":\"https:\/\/villa-seligmann.de\/en\/#organization\"},\"potentialAction\":[{\"@type\":\"SearchAction\",\"target\":{\"@type\":\"EntryPoint\",\"urlTemplate\":\"https:\/\/villa-seligmann.de\/en\/?s={search_term_string}\"},\"query-input\":{\"@type\":\"PropertyValueSpecification\",\"valueRequired\":true,\"valueName\":\"search_term_string\"}}],\"inLanguage\":\"en-US\"},{\"@type\":\"Organization\",\"@id\":\"https:\/\/villa-seligmann.de\/en\/#organization\",\"name\":\"Siegmund Seligmann Gesellschaft e.V.\",\"url\":\"https:\/\/villa-seligmann.de\/en\/\",\"logo\":{\"@type\":\"ImageObject\",\"inLanguage\":\"en-US\",\"@id\":\"https:\/\/villa-seligmann.de\/en\/#\/schema\/logo\/image\/\",\"url\":\"http:\/\/villa-seligmann.com\/wp-content\/uploads\/2023\/09\/Logo-Villa-Seligmann.svg\",\"contentUrl\":\"http:\/\/villa-seligmann.com\/wp-content\/uploads\/2023\/09\/Logo-Villa-Seligmann.svg\",\"width\":1278,\"height\":902,\"caption\":\"Siegmund Seligmann Gesellschaft e.V.\"},\"image\":{\"@id\":\"https:\/\/villa-seligmann.de\/en\/#\/schema\/logo\/image\/\"},\"sameAs\":[\"https:\/\/www.facebook.com\/villa.seligmann\/\",\"https:\/\/www.youtube.com\/channel\/UCv0CtyCbwPHMOb-cmdsXcjw\",\"https:\/\/www.instagram.com\/villaseligmann\/\"]}]}<\/script>\n<!-- \/ Yoast SEO plugin. -->","yoast_head_json":{"title":"The poet Rose Ausl\u00e4nder - Villa Seligmann","robots":{"index":"index","follow":"follow","max-snippet":"max-snippet:-1","max-image-preview":"max-image-preview:large","max-video-preview":"max-video-preview:-1"},"canonical":"https:\/\/villa-seligmann.de\/en\/product\/the-poet-rose-auslander\/","og_locale":"en_US","og_type":"article","og_title":"The poet Rose Ausl\u00e4nder - Villa Seligmann","og_description":"Nomad of the 20th century Musical reading","og_url":"https:\/\/villa-seligmann.de\/en\/product\/the-poet-rose-auslander\/","og_site_name":"Villa Seligmann","article_publisher":"https:\/\/www.facebook.com\/villa.seligmann\/","article_modified_time":"2024-06-19T14:26:19+00:00","og_image":[{"width":784,"height":506,"url":"https:\/\/villa-seligmann.de\/wp-content\/uploads\/2024\/06\/Bildschirmfoto-2024-06-19-um-16.23.11.jpg","type":"image\/jpeg"}],"twitter_card":"summary_large_image","twitter_misc":{"Est. reading time":"2 minutes"},"schema":{"@context":"https:\/\/schema.org","@graph":[{"@type":"WebPage","@id":"https:\/\/villa-seligmann.de\/en\/product\/the-poet-rose-auslander\/","url":"https:\/\/villa-seligmann.de\/en\/product\/the-poet-rose-auslander\/","name":"The poet Rose Ausl\u00e4nder - Villa Seligmann","isPartOf":{"@id":"https:\/\/villa-seligmann.de\/en\/#website"},"primaryImageOfPage":{"@id":"https:\/\/villa-seligmann.de\/en\/product\/the-poet-rose-auslander\/#primaryimage"},"image":{"@id":"https:\/\/villa-seligmann.de\/en\/product\/the-poet-rose-auslander\/#primaryimage"},"thumbnailUrl":"https:\/\/villa-seligmann.de\/wp-content\/uploads\/2024\/06\/Bildschirmfoto-2024-06-19-um-16.23.11.jpg","datePublished":"2023-06-19T14:26:19+00:00","dateModified":"2024-06-19T14:26:19+00:00","breadcrumb":{"@id":"https:\/\/villa-seligmann.de\/en\/product\/the-poet-rose-auslander\/#breadcrumb"},"inLanguage":"en-US","potentialAction":[{"@type":"ReadAction","target":["https:\/\/villa-seligmann.de\/en\/product\/the-poet-rose-auslander\/"]}]},{"@type":"ImageObject","inLanguage":"en-US","@id":"https:\/\/villa-seligmann.de\/en\/product\/the-poet-rose-auslander\/#primaryimage","url":"https:\/\/villa-seligmann.de\/wp-content\/uploads\/2024\/06\/Bildschirmfoto-2024-06-19-um-16.23.11.jpg","contentUrl":"https:\/\/villa-seligmann.de\/wp-content\/uploads\/2024\/06\/Bildschirmfoto-2024-06-19-um-16.23.11.jpg","width":784,"height":506},{"@type":"BreadcrumbList","@id":"https:\/\/villa-seligmann.de\/en\/product\/the-poet-rose-auslander\/#breadcrumb","itemListElement":[{"@type":"ListItem","position":1,"name":"Startseite","item":"https:\/\/villa-seligmann.de\/en\/your-address-for-living-jewish-culture-in-hanover\/"},{"@type":"ListItem","position":2,"name":"Store","item":"https:\/\/villa-seligmann.de\/en\/store\/"},{"@type":"ListItem","position":3,"name":"The poet Rose Ausl\u00e4nder"}]},{"@type":"WebSite","@id":"https:\/\/villa-seligmann.de\/en\/#website","url":"https:\/\/villa-seligmann.de\/en\/","name":"Villa Seligmann","description":"","publisher":{"@id":"https:\/\/villa-seligmann.de\/en\/#organization"},"potentialAction":[{"@type":"SearchAction","target":{"@type":"EntryPoint","urlTemplate":"https:\/\/villa-seligmann.de\/en\/?s={search_term_string}"},"query-input":{"@type":"PropertyValueSpecification","valueRequired":true,"valueName":"search_term_string"}}],"inLanguage":"en-US"},{"@type":"Organization","@id":"https:\/\/villa-seligmann.de\/en\/#organization","name":"Siegmund Seligmann Gesellschaft e.V.","url":"https:\/\/villa-seligmann.de\/en\/","logo":{"@type":"ImageObject","inLanguage":"en-US","@id":"https:\/\/villa-seligmann.de\/en\/#\/schema\/logo\/image\/","url":"http:\/\/villa-seligmann.com\/wp-content\/uploads\/2023\/09\/Logo-Villa-Seligmann.svg","contentUrl":"http:\/\/villa-seligmann.com\/wp-content\/uploads\/2023\/09\/Logo-Villa-Seligmann.svg","width":1278,"height":902,"caption":"Siegmund Seligmann Gesellschaft e.V."},"image":{"@id":"https:\/\/villa-seligmann.de\/en\/#\/schema\/logo\/image\/"},"sameAs":["https:\/\/www.facebook.com\/villa.seligmann\/","https:\/\/www.youtube.com\/channel\/UCv0CtyCbwPHMOb-cmdsXcjw","https:\/\/www.instagram.com\/villaseligmann\/"]}]}},"_links":{"self":[{"href":"https:\/\/villa-seligmann.de\/en\/wp-json\/wp\/v2\/product\/41530","targetHints":{"allow":["GET"]}}],"collection":[{"href":"https:\/\/villa-seligmann.de\/en\/wp-json\/wp\/v2\/product"}],"about":[{"href":"https:\/\/villa-seligmann.de\/en\/wp-json\/wp\/v2\/types\/product"}],"replies":[{"embeddable":true,"href":"https:\/\/villa-seligmann.de\/en\/wp-json\/wp\/v2\/comments?post=41530"}],"wp:featuredmedia":[{"embeddable":true,"href":"https:\/\/villa-seligmann.de\/en\/wp-json\/wp\/v2\/media\/41527"}],"wp:attachment":[{"href":"https:\/\/villa-seligmann.de\/en\/wp-json\/wp\/v2\/media?parent=41530"}],"wp:term":[{"taxonomy":"product_brand","embeddable":true,"href":"https:\/\/villa-seligmann.de\/en\/wp-json\/wp\/v2\/product_brand?post=41530"},{"taxonomy":"product_cat","embeddable":true,"href":"https:\/\/villa-seligmann.de\/en\/wp-json\/wp\/v2\/product_cat?post=41530"},{"taxonomy":"product_tag","embeddable":true,"href":"https:\/\/villa-seligmann.de\/en\/wp-json\/wp\/v2\/product_tag?post=41530"}],"curies":[{"name":"wp","href":"https:\/\/api.w.org\/{rel}","templated":true}]}}