{"id":41237,"date":"2023-06-12T13:10:17","date_gmt":"2023-06-12T11:10:17","guid":{"rendered":"https:\/\/villa-seligmann.de\/?post_type=product&#038;p=41237"},"modified":"2025-10-20T10:58:06","modified_gmt":"2025-10-20T08:58:06","slug":"soundscapes-of-israel","status":"publish","type":"product","link":"https:\/\/villa-seligmann.de\/en\/product\/soundscapes-of-israel\/","title":{"rendered":"Soundscapes of Israel"},"content":{"rendered":"<div class=\"wpb-content-wrapper\"><p>[vc_row][vc_column][vc_column_text]<\/p>\n<h4>Concert with works for oboe and piano by German-Jewish and Arab composers from Israel and salon talk<\/h4>\n<p><span style=\"color: #000000;\"><strong><br \/>\n  <a style=\"color: #000000;\" href=\"https:\/\/www.jurivallentin.de\/\" target=\"_blank\" rel=\"noopener\">Juri Vallentin<\/a><br \/>\n<\/strong>, oboe<\/span><br \/>\n<span style=\"color: #000000;\"><a style=\"color: #000000;\" href=\"http:\/\/www.musica-judaica.com\/jascha_nemtsov_e.htm\" target=\"_blank\" rel=\"noopener\"><strong>Prof. Jascha Nemtsov<\/strong><\/a>, piano<\/span>and moderation<\/p>\n<p>To mark the 75th anniversary of the founding of the State of Israel, Jascha Nemtsov and Juri Vallentin present a program of works by Israeli composers for oboe and piano. It is a repertoire that is hardly known to the German public.<\/p>\n<p>Most of the authors, including <strong>Paul Ben-Haim,<\/strong> <strong>Josef Tal, Karel Salmon<\/strong> and <strong>Haim Alexander<\/strong>, came from Germany and had to flee to Palestine after 1933. The works she created there document her search for a special soundscape in the land of Israel. Many of them tried to combine oriental elements &#8211; especially from Arabic and Jewish-Yemeni music folklore &#8211; with European musical forms.<\/p>\n<p>The Arab-Israeli composer<strong> Habib Hassan Touma <\/strong>was also internationally renowned as an ethnomusicologist and author of the standard work &#8220;The Music of the Arabs&#8221;. His composition &#8220;Samai&#8221; is inspired by traditional genres of classical Arabic music.[\/vc_column_text][\/vc_column][\/vc_row][vc_row][vc_column]        <div class=\"accordion-holder\">\r\n            <div class=\"accordion gap\"\r\n                 id=\"accordion-69e2378b19341\">\r\n                        <div class=\"card \">\r\n            <div class=\"card-header\" id=\"heading-69e2378b193410\" data-toggle=\"collapse\"\r\n                 data-target=\"#collapse-69e2378b193410\" aria-expanded=\"false\"\r\n                 aria-controls=\"collapse-69e2378b193410\">\r\n                <h4>Artists<\/h4>\r\n                <div class=\"arrow\"><\/div>\r\n            <\/div>\r\n            <div id=\"collapse-69e2378b193410\" class=\"collapse\" aria-labelledby=\"heading-69e2378b193410\"\r\n                 data-parent=\"#accordion-69e2378b19341\">\r\n                <div class=\"card-body\"><p><strong>Juri Vallentin <\/strong>studied at the Conservatoire national sup\u00e9rieur de musique et de danse de Paris with Jacques Tys and at the Hochschule f\u00fcr Musik N\u00fcrnberg with Clara Dent-Boganyi. As a prizewinner of the most prestigious competitions, he has performed as a soloist with the MDR Symphony Orchestra, the Mariinsky Orchestra St. Petersburg, the Lower Saxony State Orchestra Hanover and the Munich Chamber Orchestra, among others. In 2021, he won the Berlin Prize for Young Artists and was appointed professor of oboe at the Karlsruhe University of Music.<\/p>\n<div>\n<p class=\"Quake-Standard\"><b>Jascha Nemtsov<\/b> is a pianist, musicologist and professor of the history of Jewish music at the Franz Liszt University of Music Weimar. He was born in Russia, studied at the St. Petersburg State Conservatory and has lived in Germany since 1992. Jascha Nemtsov gives concerts as a soloist and in various chamber music formations worldwide. He has recorded more than 40 CDs to date. He was awarded the &#8220;OPUS KLASSIK &#8211; the German Classical Music Prize&#8221; in 2018 for his anthology of five CDs with piano works by the composer Vsevolod Zaderatsky. <\/p>\n<\/div>\n<p>\n                <\/div>\r\n            <\/div>\r\n        <\/div>\r\n                    <\/div>\r\n                    <\/div>\r\n        [\/vc_column][\/vc_row]<\/p>\n<\/div>","protected":false},"excerpt":{"rendered":"<p class=\"fusion-responsive-typography-calculated\" data-fontsize=\"24\" data-lineheight=\"28.799999237060547px\">Concert with works for oboe and piano by German-Jewish and Arab composers from Israel and salon talk<\/p>\n","protected":false},"featured_media":41240,"comment_status":"open","ping_status":"closed","template":"","meta":{"_acf_changed":false},"product_brand":[],"product_cat":[178,186],"product_tag":[],"class_list":{"0":"post-41237","1":"product","2":"type-product","3":"status-publish","4":"has-post-thumbnail","6":"product_cat-events","7":"product_cat-concerts","9":"first","10":"instock","11":"downloadable","12":"virtual","13":"taxable","14":"product-type-simple"},"acf":[],"yoast_head":"<!-- This site is optimized with the Yoast SEO plugin v27.2 - https:\/\/yoast.com\/product\/yoast-seo-wordpress\/ -->\n<title>Soundscapes of Israel - Villa Seligmann<\/title>\n<meta name=\"description\" content=\"Soundscapes of Israel: Concert with works for oboe and piano by German-Jewish and Arab composers from Israel and salon talk\" \/>\n<meta name=\"robots\" content=\"index, follow, max-snippet:-1, max-image-preview:large, max-video-preview:-1\" \/>\n<link rel=\"canonical\" href=\"https:\/\/villa-seligmann.de\/en\/product\/soundscapes-of-israel\/\" \/>\n<meta property=\"og:locale\" content=\"en_US\" \/>\n<meta property=\"og:type\" content=\"article\" \/>\n<meta property=\"og:title\" content=\"Soundscapes of Israel - Villa Seligmann\" \/>\n<meta property=\"og:description\" content=\"Soundscapes of Israel: Concert with works for oboe and piano by German-Jewish and Arab composers from Israel and salon talk\" \/>\n<meta property=\"og:url\" content=\"https:\/\/villa-seligmann.de\/en\/product\/soundscapes-of-israel\/\" \/>\n<meta property=\"og:site_name\" content=\"Villa Seligmann\" \/>\n<meta property=\"article:publisher\" content=\"https:\/\/www.facebook.com\/villa.seligmann\/\" \/>\n<meta property=\"article:modified_time\" content=\"2025-10-20T08:58:06+00:00\" \/>\n<meta property=\"og:image\" content=\"https:\/\/villa-seligmann.de\/wp-content\/uploads\/2024\/06\/Klangbilder-Israels_Villa-Seligmann-1536x1027-1.jpg\" \/>\n\t<meta property=\"og:image:width\" content=\"1536\" \/>\n\t<meta property=\"og:image:height\" content=\"1027\" \/>\n\t<meta property=\"og:image:type\" content=\"image\/jpeg\" \/>\n<meta name=\"twitter:card\" content=\"summary_large_image\" \/>\n<meta name=\"twitter:label1\" content=\"Est. reading time\" \/>\n\t<meta name=\"twitter:data1\" content=\"2 minutes\" \/>\n<script type=\"application\/ld+json\" class=\"yoast-schema-graph\">{\"@context\":\"https:\/\/schema.org\",\"@graph\":[{\"@type\":\"WebPage\",\"@id\":\"https:\/\/villa-seligmann.de\/en\/product\/soundscapes-of-israel\/\",\"url\":\"https:\/\/villa-seligmann.de\/en\/product\/soundscapes-of-israel\/\",\"name\":\"Soundscapes of Israel - Villa Seligmann\",\"isPartOf\":{\"@id\":\"https:\/\/villa-seligmann.de\/en\/#website\"},\"primaryImageOfPage\":{\"@id\":\"https:\/\/villa-seligmann.de\/en\/product\/soundscapes-of-israel\/#primaryimage\"},\"image\":{\"@id\":\"https:\/\/villa-seligmann.de\/en\/product\/soundscapes-of-israel\/#primaryimage\"},\"thumbnailUrl\":\"https:\/\/villa-seligmann.de\/wp-content\/uploads\/2024\/06\/Klangbilder-Israels_Villa-Seligmann-1536x1027-1.jpg\",\"datePublished\":\"2023-06-12T11:10:17+00:00\",\"dateModified\":\"2025-10-20T08:58:06+00:00\",\"description\":\"Soundscapes of Israel: Concert with works for oboe and piano by German-Jewish and Arab composers from Israel and salon talk\",\"breadcrumb\":{\"@id\":\"https:\/\/villa-seligmann.de\/en\/product\/soundscapes-of-israel\/#breadcrumb\"},\"inLanguage\":\"en-US\",\"potentialAction\":[{\"@type\":\"ReadAction\",\"target\":[\"https:\/\/villa-seligmann.de\/en\/product\/soundscapes-of-israel\/\"]}]},{\"@type\":\"ImageObject\",\"inLanguage\":\"en-US\",\"@id\":\"https:\/\/villa-seligmann.de\/en\/product\/soundscapes-of-israel\/#primaryimage\",\"url\":\"https:\/\/villa-seligmann.de\/wp-content\/uploads\/2024\/06\/Klangbilder-Israels_Villa-Seligmann-1536x1027-1.jpg\",\"contentUrl\":\"https:\/\/villa-seligmann.de\/wp-content\/uploads\/2024\/06\/Klangbilder-Israels_Villa-Seligmann-1536x1027-1.jpg\",\"width\":1536,\"height\":1027},{\"@type\":\"BreadcrumbList\",\"@id\":\"https:\/\/villa-seligmann.de\/en\/product\/soundscapes-of-israel\/#breadcrumb\",\"itemListElement\":[{\"@type\":\"ListItem\",\"position\":1,\"name\":\"Startseite\",\"item\":\"https:\/\/villa-seligmann.de\/en\/your-address-for-living-jewish-culture-in-hanover\/\"},{\"@type\":\"ListItem\",\"position\":2,\"name\":\"Store\",\"item\":\"https:\/\/villa-seligmann.de\/en\/store\/\"},{\"@type\":\"ListItem\",\"position\":3,\"name\":\"Soundscapes of Israel\"}]},{\"@type\":\"WebSite\",\"@id\":\"https:\/\/villa-seligmann.de\/en\/#website\",\"url\":\"https:\/\/villa-seligmann.de\/en\/\",\"name\":\"Villa Seligmann\",\"description\":\"\",\"publisher\":{\"@id\":\"https:\/\/villa-seligmann.de\/en\/#organization\"},\"potentialAction\":[{\"@type\":\"SearchAction\",\"target\":{\"@type\":\"EntryPoint\",\"urlTemplate\":\"https:\/\/villa-seligmann.de\/en\/?s={search_term_string}\"},\"query-input\":{\"@type\":\"PropertyValueSpecification\",\"valueRequired\":true,\"valueName\":\"search_term_string\"}}],\"inLanguage\":\"en-US\"},{\"@type\":\"Organization\",\"@id\":\"https:\/\/villa-seligmann.de\/en\/#organization\",\"name\":\"Siegmund Seligmann Gesellschaft e.V.\",\"url\":\"https:\/\/villa-seligmann.de\/en\/\",\"logo\":{\"@type\":\"ImageObject\",\"inLanguage\":\"en-US\",\"@id\":\"https:\/\/villa-seligmann.de\/en\/#\/schema\/logo\/image\/\",\"url\":\"http:\/\/villa-seligmann.com\/wp-content\/uploads\/2023\/09\/Logo-Villa-Seligmann.svg\",\"contentUrl\":\"http:\/\/villa-seligmann.com\/wp-content\/uploads\/2023\/09\/Logo-Villa-Seligmann.svg\",\"width\":1278,\"height\":902,\"caption\":\"Siegmund Seligmann Gesellschaft e.V.\"},\"image\":{\"@id\":\"https:\/\/villa-seligmann.de\/en\/#\/schema\/logo\/image\/\"},\"sameAs\":[\"https:\/\/www.facebook.com\/villa.seligmann\/\",\"https:\/\/www.youtube.com\/channel\/UCv0CtyCbwPHMOb-cmdsXcjw\",\"https:\/\/www.instagram.com\/villaseligmann\/\"]}]}<\/script>\n<!-- \/ Yoast SEO plugin. -->","yoast_head_json":{"title":"Soundscapes of Israel - Villa Seligmann","description":"Soundscapes of Israel: Concert with works for oboe and piano by German-Jewish and Arab composers from Israel and salon talk","robots":{"index":"index","follow":"follow","max-snippet":"max-snippet:-1","max-image-preview":"max-image-preview:large","max-video-preview":"max-video-preview:-1"},"canonical":"https:\/\/villa-seligmann.de\/en\/product\/soundscapes-of-israel\/","og_locale":"en_US","og_type":"article","og_title":"Soundscapes of Israel - Villa Seligmann","og_description":"Soundscapes of Israel: Concert with works for oboe and piano by German-Jewish and Arab composers from Israel and salon talk","og_url":"https:\/\/villa-seligmann.de\/en\/product\/soundscapes-of-israel\/","og_site_name":"Villa Seligmann","article_publisher":"https:\/\/www.facebook.com\/villa.seligmann\/","article_modified_time":"2025-10-20T08:58:06+00:00","og_image":[{"width":1536,"height":1027,"url":"https:\/\/villa-seligmann.de\/wp-content\/uploads\/2024\/06\/Klangbilder-Israels_Villa-Seligmann-1536x1027-1.jpg","type":"image\/jpeg"}],"twitter_card":"summary_large_image","twitter_misc":{"Est. reading time":"2 minutes"},"schema":{"@context":"https:\/\/schema.org","@graph":[{"@type":"WebPage","@id":"https:\/\/villa-seligmann.de\/en\/product\/soundscapes-of-israel\/","url":"https:\/\/villa-seligmann.de\/en\/product\/soundscapes-of-israel\/","name":"Soundscapes of Israel - Villa Seligmann","isPartOf":{"@id":"https:\/\/villa-seligmann.de\/en\/#website"},"primaryImageOfPage":{"@id":"https:\/\/villa-seligmann.de\/en\/product\/soundscapes-of-israel\/#primaryimage"},"image":{"@id":"https:\/\/villa-seligmann.de\/en\/product\/soundscapes-of-israel\/#primaryimage"},"thumbnailUrl":"https:\/\/villa-seligmann.de\/wp-content\/uploads\/2024\/06\/Klangbilder-Israels_Villa-Seligmann-1536x1027-1.jpg","datePublished":"2023-06-12T11:10:17+00:00","dateModified":"2025-10-20T08:58:06+00:00","description":"Soundscapes of Israel: Concert with works for oboe and piano by German-Jewish and Arab composers from Israel and salon talk","breadcrumb":{"@id":"https:\/\/villa-seligmann.de\/en\/product\/soundscapes-of-israel\/#breadcrumb"},"inLanguage":"en-US","potentialAction":[{"@type":"ReadAction","target":["https:\/\/villa-seligmann.de\/en\/product\/soundscapes-of-israel\/"]}]},{"@type":"ImageObject","inLanguage":"en-US","@id":"https:\/\/villa-seligmann.de\/en\/product\/soundscapes-of-israel\/#primaryimage","url":"https:\/\/villa-seligmann.de\/wp-content\/uploads\/2024\/06\/Klangbilder-Israels_Villa-Seligmann-1536x1027-1.jpg","contentUrl":"https:\/\/villa-seligmann.de\/wp-content\/uploads\/2024\/06\/Klangbilder-Israels_Villa-Seligmann-1536x1027-1.jpg","width":1536,"height":1027},{"@type":"BreadcrumbList","@id":"https:\/\/villa-seligmann.de\/en\/product\/soundscapes-of-israel\/#breadcrumb","itemListElement":[{"@type":"ListItem","position":1,"name":"Startseite","item":"https:\/\/villa-seligmann.de\/en\/your-address-for-living-jewish-culture-in-hanover\/"},{"@type":"ListItem","position":2,"name":"Store","item":"https:\/\/villa-seligmann.de\/en\/store\/"},{"@type":"ListItem","position":3,"name":"Soundscapes of Israel"}]},{"@type":"WebSite","@id":"https:\/\/villa-seligmann.de\/en\/#website","url":"https:\/\/villa-seligmann.de\/en\/","name":"Villa Seligmann","description":"","publisher":{"@id":"https:\/\/villa-seligmann.de\/en\/#organization"},"potentialAction":[{"@type":"SearchAction","target":{"@type":"EntryPoint","urlTemplate":"https:\/\/villa-seligmann.de\/en\/?s={search_term_string}"},"query-input":{"@type":"PropertyValueSpecification","valueRequired":true,"valueName":"search_term_string"}}],"inLanguage":"en-US"},{"@type":"Organization","@id":"https:\/\/villa-seligmann.de\/en\/#organization","name":"Siegmund Seligmann Gesellschaft e.V.","url":"https:\/\/villa-seligmann.de\/en\/","logo":{"@type":"ImageObject","inLanguage":"en-US","@id":"https:\/\/villa-seligmann.de\/en\/#\/schema\/logo\/image\/","url":"http:\/\/villa-seligmann.com\/wp-content\/uploads\/2023\/09\/Logo-Villa-Seligmann.svg","contentUrl":"http:\/\/villa-seligmann.com\/wp-content\/uploads\/2023\/09\/Logo-Villa-Seligmann.svg","width":1278,"height":902,"caption":"Siegmund Seligmann Gesellschaft e.V."},"image":{"@id":"https:\/\/villa-seligmann.de\/en\/#\/schema\/logo\/image\/"},"sameAs":["https:\/\/www.facebook.com\/villa.seligmann\/","https:\/\/www.youtube.com\/channel\/UCv0CtyCbwPHMOb-cmdsXcjw","https:\/\/www.instagram.com\/villaseligmann\/"]}]}},"_links":{"self":[{"href":"https:\/\/villa-seligmann.de\/en\/wp-json\/wp\/v2\/product\/41237","targetHints":{"allow":["GET"]}}],"collection":[{"href":"https:\/\/villa-seligmann.de\/en\/wp-json\/wp\/v2\/product"}],"about":[{"href":"https:\/\/villa-seligmann.de\/en\/wp-json\/wp\/v2\/types\/product"}],"replies":[{"embeddable":true,"href":"https:\/\/villa-seligmann.de\/en\/wp-json\/wp\/v2\/comments?post=41237"}],"wp:featuredmedia":[{"embeddable":true,"href":"https:\/\/villa-seligmann.de\/en\/wp-json\/wp\/v2\/media\/41240"}],"wp:attachment":[{"href":"https:\/\/villa-seligmann.de\/en\/wp-json\/wp\/v2\/media?parent=41237"}],"wp:term":[{"taxonomy":"product_brand","embeddable":true,"href":"https:\/\/villa-seligmann.de\/en\/wp-json\/wp\/v2\/product_brand?post=41237"},{"taxonomy":"product_cat","embeddable":true,"href":"https:\/\/villa-seligmann.de\/en\/wp-json\/wp\/v2\/product_cat?post=41237"},{"taxonomy":"product_tag","embeddable":true,"href":"https:\/\/villa-seligmann.de\/en\/wp-json\/wp\/v2\/product_tag?post=41237"}],"curies":[{"name":"wp","href":"https:\/\/api.w.org\/{rel}","templated":true}]}}