{"id":40148,"date":"2024-03-11T09:18:21","date_gmt":"2024-03-11T08:18:21","guid":{"rendered":"https:\/\/villa-seligmann.de\/?post_type=product&#038;p=40148"},"modified":"2025-10-20T10:59:09","modified_gmt":"2025-10-20T08:59:09","slug":"bridge","status":"publish","type":"product","link":"https:\/\/villa-seligmann.de\/en\/product\/bridge\/","title":{"rendered":"Bridges"},"content":{"rendered":"<div class=\"wpb-content-wrapper\"><p>[vc_row][vc_column][vc_column_text]With the program &#8220;Bridges&#8221;, <a href=\"https:\/\/lucjamadziar.com\/de\/lebenslauf\">Lucja Madziar<\/a> fulfills her long-cherished dream of performing an extraordinary concert program for the Hanoverian audience in the Villa Seligmann all by herself, without the accompaniment of other instruments. On the one hand, the often-performed standard works of the violin literature can be heard, as well as one sonata each by J.S. Bach and Eug\u00e8ne Ysa\u00ffe. They form a framework around lesser-known pieces for solo violin &#8211; by Lera Auerbach, Gra\u017cyna Bacewicz and Erwin Schulhoff.<\/p>\n<p>In this way, bridges are built between different styles, old and new music and composers. Just like in real life, you experience the unknown, the familiar, tensions, similarities and differences in the course of a musical evening.<\/p>\n<p><strong>The event is part of the exhibition <a href=\"https:\/\/villa-seligmann.de\/en\/product\/guide-rubinstein\/\">&#8220;Rubinstein as a guest of Seligmann&#8221;<\/a>. The exhibition can be viewed before the event from 6 pm.<\/strong><\/p>\n<hr>\n<h5><strong>\u0141ucja Madziar<\/strong><\/h5>\n<p>The violinist is a soloist, chamber musician and 1st concertmaster of the ORF Vienna Radio Symphony Orchestra. She was born in Poland and received her first musical impressions through the music of her home country from composers such as Fr\u00e9d\u00e9ric Chopin and Karol Szymanowski. The Polish composer Gra\u017cyna Bacewicz will receive special attention in various projects in the coming years. She is a winner and prizewinner of the international competitions &#8220;Fritz Kreisler&#8221; in Vienna, &#8220;Vaclav Huml&#8221; in Zagreb and &#8220;Andrea Postacchini&#8221; in Fermo. She also received the DAAD Prize for outstanding achievements and was awarded the Aalto Prize for Young Artists.<\/p>\n<p>She has performed as a soloist and chamber musician at the Elbphilharmonie, the Konzerthaus Vienna, the Moscow Conservatory, the Beethovenfest Bonn and the Mecklenburg-Vorpommern Festival. Since her debut with Johannes Brahms&#8217; Violin Concerto in Hamburg&#8217;s Laeiszhalle, \u0141ucja Madziar has performed regularly as a soloist with orchestras. In recent years, \u0141ucja Madziar&#8217;s concertmaster duties with renowned orchestras in Germany and abroad have become a major part of her musical activity.<span class=\"Apple-converted-space\"> <\/span><\/p>\n<div class=\"woocommerce-tabs wc-tabs-wrapper\">\n<div class=\"wpb-content-wrapper\">\n<hr>\n<p>Admission 26\/18 (reduced 8) euros. Tickets are available in the webshop, by e-mail to <a href=\"mailto:karten@villa-seligmann.de\">karten@villa-seligmann.de<\/a> or by telephone on 0511 844887-200.<\/p>\n<p><span style=\"color: #999999;\"><em>Please note that we will be taking photos and videos during this event. The image material will be published on our <a href=\"https:\/\/villa-seligmann.de\/en\/galleries\/\">website<\/a> and\/or social media channels and used for press work. By participating, visitors to this event agree to this.<\/em><\/span><\/p>\n<p>[vc_row][vc_column width=&#8221;1\/1&#8243;][vc_column_text]<\/p>\n<\/div>\n<p>[\/vc_column_text][\/vc_column][\/vc_row][vc_row][vc_column width=&#8221;1\/2&#8243;]        <div class=\"row\">\r\n            <div class=\"col-12 \">\r\n                                <a\r\n                                            href=\"https:\/\/villa-seligmann.de\/en\/product\/international-childrens-and-youth-choir-festival-hanover\/\"\r\n                        target=\"\"\r\n                        rel=\"\"\r\n                        aria-label=\"Link zu https:\/\/villa-seligmann.de\/en\/product\/international-childrens-and-youth-choir-festival-hanover\/ \u00f6ffnen\"\r\n                        class=\"btn btn-default btn-  btn-69d5d5b85fda7\"\r\n                >\r\n                    Zur vorherigen Veranstaltung                <\/a>\r\n            <\/div>\r\n        <\/div>\r\n        [\/vc_column][vc_column width=&#8221;1\/2&#8243;]        <div class=\"row\">\r\n            <div class=\"col-12 text-right\">\r\n                                <a\r\n                                            href=\"https:\/\/villa-seligmann.de\/en\/product\/israel-day-2024\/\"\r\n                        target=\"\"\r\n                        rel=\"\"\r\n                        aria-label=\"Link zu https:\/\/villa-seligmann.de\/en\/product\/israel-day-2024\/ \u00f6ffnen\"\r\n                        class=\"btn btn-default btn-  btn-69d5d5b85fddc\"\r\n                >\r\n                    Zur n\u00e4chsten Veranstaltung                <\/a>\r\n            <\/div>\r\n        <\/div>\r\n        [\/vc_column][\/vc_row][vc_row][vc_column][vc_empty_space][vc_gallery interval=&#8221;3&#8243; images=&#8221;41816,41819,41825&#8243; img_size=&#8221;medium&#8221; css=&#8221;&#8221;][vc_column_text css=&#8221;&#8221;]\u00a9 Heiner Schlote[\/vc_column_text][\/vc_column][\/vc_row][vc_row][vc_column][vc_column_text]<\/p>\n<\/div>\n<p>[\/vc_column_text][\/vc_column][\/vc_row]<\/p>\n<\/div>","protected":false},"excerpt":{"rendered":"<p><strong>Recital with star violinist Lucja Madziar<\/strong><\/p>\n<p>With works by Bach, Ysa\u00ffe, Auerbach, Bacewicz and Schulhoff<\/p>\n","protected":false},"featured_media":40329,"comment_status":"open","ping_status":"closed","template":"","meta":{"_acf_changed":false},"product_brand":[],"product_cat":[186,178],"product_tag":[187,384,432,433,434,183],"class_list":{"0":"post-40148","1":"product","2":"type-product","3":"status-publish","4":"has-post-thumbnail","6":"product_cat-concerts","7":"product_cat-events","8":"product_tag-concert","9":"product_tag-violin","10":"product_tag-violin-recital","11":"product_tag-lucja-madziar-en","12":"product_tag-classical-music","13":"product_tag-music","15":"first","16":"instock","17":"taxable","18":"shipping-taxable","19":"purchasable","20":"product-type-variable"},"acf":[],"yoast_head":"<!-- This site is optimized with the Yoast SEO plugin v27.2 - https:\/\/yoast.com\/product\/yoast-seo-wordpress\/ -->\n<title>Bridges - Villa Seligmann<\/title>\n<meta name=\"description\" content=\"With the program &quot;Bridges&quot;, Lucja Madziar fulfills her long-cherished dream of performing an extraordinary concert program for the Hanoverian audience in the Villa Seligmann all by herself, without the accompaniment of other instruments.\" \/>\n<meta name=\"robots\" content=\"index, follow, max-snippet:-1, max-image-preview:large, max-video-preview:-1\" \/>\n<link rel=\"canonical\" href=\"https:\/\/villa-seligmann.de\/en\/product\/bridge\/\" \/>\n<meta property=\"og:locale\" content=\"en_US\" \/>\n<meta property=\"og:type\" content=\"article\" \/>\n<meta property=\"og:title\" content=\"Bridges - Villa Seligmann\" \/>\n<meta property=\"og:description\" content=\"With the program &quot;Bridges&quot;, Lucja Madziar fulfills her long-cherished dream of performing an extraordinary concert program for the Hanoverian audience in the Villa Seligmann all by herself, without the accompaniment of other instruments.\" \/>\n<meta property=\"og:url\" content=\"https:\/\/villa-seligmann.de\/en\/product\/bridge\/\" \/>\n<meta property=\"og:site_name\" content=\"Villa Seligmann\" \/>\n<meta property=\"article:publisher\" content=\"https:\/\/www.facebook.com\/villa.seligmann\/\" \/>\n<meta property=\"article:modified_time\" content=\"2025-10-20T08:59:09+00:00\" \/>\n<meta property=\"og:image\" content=\"https:\/\/villa-seligmann.de\/wp-content\/uploads\/2024\/03\/Header-Startseite-neue-Website-2-1.jpg\" \/>\n\t<meta property=\"og:image:width\" content=\"1600\" \/>\n\t<meta property=\"og:image:height\" content=\"900\" \/>\n\t<meta property=\"og:image:type\" content=\"image\/jpeg\" \/>\n<meta name=\"twitter:card\" content=\"summary_large_image\" \/>\n<meta name=\"twitter:label1\" content=\"Est. reading time\" \/>\n\t<meta name=\"twitter:data1\" content=\"3 minutes\" \/>\n<script type=\"application\/ld+json\" class=\"yoast-schema-graph\">{\"@context\":\"https:\/\/schema.org\",\"@graph\":[{\"@type\":\"WebPage\",\"@id\":\"https:\/\/villa-seligmann.de\/en\/product\/bridge\/\",\"url\":\"https:\/\/villa-seligmann.de\/en\/product\/bridge\/\",\"name\":\"Bridges - Villa Seligmann\",\"isPartOf\":{\"@id\":\"https:\/\/villa-seligmann.de\/en\/#website\"},\"primaryImageOfPage\":{\"@id\":\"https:\/\/villa-seligmann.de\/en\/product\/bridge\/#primaryimage\"},\"image\":{\"@id\":\"https:\/\/villa-seligmann.de\/en\/product\/bridge\/#primaryimage\"},\"thumbnailUrl\":\"https:\/\/villa-seligmann.de\/wp-content\/uploads\/2024\/03\/Header-Startseite-neue-Website-2-1.jpg\",\"datePublished\":\"2024-03-11T08:18:21+00:00\",\"dateModified\":\"2025-10-20T08:59:09+00:00\",\"description\":\"With the program \\\"Bridges\\\", Lucja Madziar fulfills her long-cherished dream of performing an extraordinary concert program for the Hanoverian audience in the Villa Seligmann all by herself, without the accompaniment of other instruments.\",\"breadcrumb\":{\"@id\":\"https:\/\/villa-seligmann.de\/en\/product\/bridge\/#breadcrumb\"},\"inLanguage\":\"en-US\",\"potentialAction\":[{\"@type\":\"ReadAction\",\"target\":[\"https:\/\/villa-seligmann.de\/en\/product\/bridge\/\"]}]},{\"@type\":\"ImageObject\",\"inLanguage\":\"en-US\",\"@id\":\"https:\/\/villa-seligmann.de\/en\/product\/bridge\/#primaryimage\",\"url\":\"https:\/\/villa-seligmann.de\/wp-content\/uploads\/2024\/03\/Header-Startseite-neue-Website-2-1.jpg\",\"contentUrl\":\"https:\/\/villa-seligmann.de\/wp-content\/uploads\/2024\/03\/Header-Startseite-neue-Website-2-1.jpg\",\"width\":1600,\"height\":900},{\"@type\":\"BreadcrumbList\",\"@id\":\"https:\/\/villa-seligmann.de\/en\/product\/bridge\/#breadcrumb\",\"itemListElement\":[{\"@type\":\"ListItem\",\"position\":1,\"name\":\"Startseite\",\"item\":\"https:\/\/villa-seligmann.de\/en\/your-address-for-living-jewish-culture-in-hanover\/\"},{\"@type\":\"ListItem\",\"position\":2,\"name\":\"Store\",\"item\":\"https:\/\/villa-seligmann.de\/en\/store\/\"},{\"@type\":\"ListItem\",\"position\":3,\"name\":\"Bridges\"}]},{\"@type\":\"WebSite\",\"@id\":\"https:\/\/villa-seligmann.de\/en\/#website\",\"url\":\"https:\/\/villa-seligmann.de\/en\/\",\"name\":\"Villa Seligmann\",\"description\":\"\",\"publisher\":{\"@id\":\"https:\/\/villa-seligmann.de\/en\/#organization\"},\"potentialAction\":[{\"@type\":\"SearchAction\",\"target\":{\"@type\":\"EntryPoint\",\"urlTemplate\":\"https:\/\/villa-seligmann.de\/en\/?s={search_term_string}\"},\"query-input\":{\"@type\":\"PropertyValueSpecification\",\"valueRequired\":true,\"valueName\":\"search_term_string\"}}],\"inLanguage\":\"en-US\"},{\"@type\":\"Organization\",\"@id\":\"https:\/\/villa-seligmann.de\/en\/#organization\",\"name\":\"Siegmund Seligmann Gesellschaft e.V.\",\"url\":\"https:\/\/villa-seligmann.de\/en\/\",\"logo\":{\"@type\":\"ImageObject\",\"inLanguage\":\"en-US\",\"@id\":\"https:\/\/villa-seligmann.de\/en\/#\/schema\/logo\/image\/\",\"url\":\"http:\/\/villa-seligmann.com\/wp-content\/uploads\/2023\/09\/Logo-Villa-Seligmann.svg\",\"contentUrl\":\"http:\/\/villa-seligmann.com\/wp-content\/uploads\/2023\/09\/Logo-Villa-Seligmann.svg\",\"width\":1278,\"height\":902,\"caption\":\"Siegmund Seligmann Gesellschaft e.V.\"},\"image\":{\"@id\":\"https:\/\/villa-seligmann.de\/en\/#\/schema\/logo\/image\/\"},\"sameAs\":[\"https:\/\/www.facebook.com\/villa.seligmann\/\",\"https:\/\/www.youtube.com\/channel\/UCv0CtyCbwPHMOb-cmdsXcjw\",\"https:\/\/www.instagram.com\/villaseligmann\/\"]}]}<\/script>\n<!-- \/ Yoast SEO plugin. -->","yoast_head_json":{"title":"Bridges - Villa Seligmann","description":"With the program \"Bridges\", Lucja Madziar fulfills her long-cherished dream of performing an extraordinary concert program for the Hanoverian audience in the Villa Seligmann all by herself, without the accompaniment of other instruments.","robots":{"index":"index","follow":"follow","max-snippet":"max-snippet:-1","max-image-preview":"max-image-preview:large","max-video-preview":"max-video-preview:-1"},"canonical":"https:\/\/villa-seligmann.de\/en\/product\/bridge\/","og_locale":"en_US","og_type":"article","og_title":"Bridges - Villa Seligmann","og_description":"With the program \"Bridges\", Lucja Madziar fulfills her long-cherished dream of performing an extraordinary concert program for the Hanoverian audience in the Villa Seligmann all by herself, without the accompaniment of other instruments.","og_url":"https:\/\/villa-seligmann.de\/en\/product\/bridge\/","og_site_name":"Villa Seligmann","article_publisher":"https:\/\/www.facebook.com\/villa.seligmann\/","article_modified_time":"2025-10-20T08:59:09+00:00","og_image":[{"width":1600,"height":900,"url":"https:\/\/villa-seligmann.de\/wp-content\/uploads\/2024\/03\/Header-Startseite-neue-Website-2-1.jpg","type":"image\/jpeg"}],"twitter_card":"summary_large_image","twitter_misc":{"Est. reading time":"3 minutes"},"schema":{"@context":"https:\/\/schema.org","@graph":[{"@type":"WebPage","@id":"https:\/\/villa-seligmann.de\/en\/product\/bridge\/","url":"https:\/\/villa-seligmann.de\/en\/product\/bridge\/","name":"Bridges - Villa Seligmann","isPartOf":{"@id":"https:\/\/villa-seligmann.de\/en\/#website"},"primaryImageOfPage":{"@id":"https:\/\/villa-seligmann.de\/en\/product\/bridge\/#primaryimage"},"image":{"@id":"https:\/\/villa-seligmann.de\/en\/product\/bridge\/#primaryimage"},"thumbnailUrl":"https:\/\/villa-seligmann.de\/wp-content\/uploads\/2024\/03\/Header-Startseite-neue-Website-2-1.jpg","datePublished":"2024-03-11T08:18:21+00:00","dateModified":"2025-10-20T08:59:09+00:00","description":"With the program \"Bridges\", Lucja Madziar fulfills her long-cherished dream of performing an extraordinary concert program for the Hanoverian audience in the Villa Seligmann all by herself, without the accompaniment of other instruments.","breadcrumb":{"@id":"https:\/\/villa-seligmann.de\/en\/product\/bridge\/#breadcrumb"},"inLanguage":"en-US","potentialAction":[{"@type":"ReadAction","target":["https:\/\/villa-seligmann.de\/en\/product\/bridge\/"]}]},{"@type":"ImageObject","inLanguage":"en-US","@id":"https:\/\/villa-seligmann.de\/en\/product\/bridge\/#primaryimage","url":"https:\/\/villa-seligmann.de\/wp-content\/uploads\/2024\/03\/Header-Startseite-neue-Website-2-1.jpg","contentUrl":"https:\/\/villa-seligmann.de\/wp-content\/uploads\/2024\/03\/Header-Startseite-neue-Website-2-1.jpg","width":1600,"height":900},{"@type":"BreadcrumbList","@id":"https:\/\/villa-seligmann.de\/en\/product\/bridge\/#breadcrumb","itemListElement":[{"@type":"ListItem","position":1,"name":"Startseite","item":"https:\/\/villa-seligmann.de\/en\/your-address-for-living-jewish-culture-in-hanover\/"},{"@type":"ListItem","position":2,"name":"Store","item":"https:\/\/villa-seligmann.de\/en\/store\/"},{"@type":"ListItem","position":3,"name":"Bridges"}]},{"@type":"WebSite","@id":"https:\/\/villa-seligmann.de\/en\/#website","url":"https:\/\/villa-seligmann.de\/en\/","name":"Villa Seligmann","description":"","publisher":{"@id":"https:\/\/villa-seligmann.de\/en\/#organization"},"potentialAction":[{"@type":"SearchAction","target":{"@type":"EntryPoint","urlTemplate":"https:\/\/villa-seligmann.de\/en\/?s={search_term_string}"},"query-input":{"@type":"PropertyValueSpecification","valueRequired":true,"valueName":"search_term_string"}}],"inLanguage":"en-US"},{"@type":"Organization","@id":"https:\/\/villa-seligmann.de\/en\/#organization","name":"Siegmund Seligmann Gesellschaft e.V.","url":"https:\/\/villa-seligmann.de\/en\/","logo":{"@type":"ImageObject","inLanguage":"en-US","@id":"https:\/\/villa-seligmann.de\/en\/#\/schema\/logo\/image\/","url":"http:\/\/villa-seligmann.com\/wp-content\/uploads\/2023\/09\/Logo-Villa-Seligmann.svg","contentUrl":"http:\/\/villa-seligmann.com\/wp-content\/uploads\/2023\/09\/Logo-Villa-Seligmann.svg","width":1278,"height":902,"caption":"Siegmund Seligmann Gesellschaft e.V."},"image":{"@id":"https:\/\/villa-seligmann.de\/en\/#\/schema\/logo\/image\/"},"sameAs":["https:\/\/www.facebook.com\/villa.seligmann\/","https:\/\/www.youtube.com\/channel\/UCv0CtyCbwPHMOb-cmdsXcjw","https:\/\/www.instagram.com\/villaseligmann\/"]}]}},"_links":{"self":[{"href":"https:\/\/villa-seligmann.de\/en\/wp-json\/wp\/v2\/product\/40148","targetHints":{"allow":["GET"]}}],"collection":[{"href":"https:\/\/villa-seligmann.de\/en\/wp-json\/wp\/v2\/product"}],"about":[{"href":"https:\/\/villa-seligmann.de\/en\/wp-json\/wp\/v2\/types\/product"}],"replies":[{"embeddable":true,"href":"https:\/\/villa-seligmann.de\/en\/wp-json\/wp\/v2\/comments?post=40148"}],"wp:featuredmedia":[{"embeddable":true,"href":"https:\/\/villa-seligmann.de\/en\/wp-json\/wp\/v2\/media\/40329"}],"wp:attachment":[{"href":"https:\/\/villa-seligmann.de\/en\/wp-json\/wp\/v2\/media?parent=40148"}],"wp:term":[{"taxonomy":"product_brand","embeddable":true,"href":"https:\/\/villa-seligmann.de\/en\/wp-json\/wp\/v2\/product_brand?post=40148"},{"taxonomy":"product_cat","embeddable":true,"href":"https:\/\/villa-seligmann.de\/en\/wp-json\/wp\/v2\/product_cat?post=40148"},{"taxonomy":"product_tag","embeddable":true,"href":"https:\/\/villa-seligmann.de\/en\/wp-json\/wp\/v2\/product_tag?post=40148"}],"curies":[{"name":"wp","href":"https:\/\/api.w.org\/{rel}","templated":true}]}}