{"id":39299,"date":"2023-11-30T14:32:41","date_gmt":"2023-11-30T13:32:41","guid":{"rendered":"https:\/\/villa-seligmann.de\/?post_type=product&#038;p=39299"},"modified":"2024-02-15T11:30:06","modified_gmt":"2024-02-15T10:30:06","slug":"melodies-of-life-kopie-kopie-kopie-2","status":"publish","type":"product","link":"https:\/\/villa-seligmann.de\/en\/product\/melodies-of-life-kopie-kopie-kopie-2\/","title":{"rendered":"Jewish now!"},"content":{"rendered":"<div class=\"wpb-content-wrapper\"><p>In cooperation with the <strong>Friedrich Naumann Foundation for Freedom<\/strong> and the <strong>Rudolf von Bennigsen Foundation<\/strong>, Villa Seligmann cordially invites you to a reading and discussion with the author Andrea von Treuenfeld (&#8220;J\u00fcdisch jetzt&#8221;) and Esther Belgorodski. Author and publicist Christoph Giesa will moderate the event.<\/p>\n<p>Lebensbilder j\u00fcdischer Gegenwart &#8211; Most non-Jews in Germany have never, or at least not consciously, met a Jewish person. Accordingly, in the non-Jewish majority society, age-old clich\u00e9s often persist or undifferentiated new attributions determine the image. But what does Jewish life in today&#8217;s Germany really look like? How do Jews feel in this country? And what does Jewish actually mean when you ask them about it?<\/p>\n<p>In conversation with the author <b>Andrea von Treuenfeld<\/b>  the following people have provided insights into their biographies: Noam Brusilovsky, Sveta Kundish, Garry Fischmann, Lena Gorelik, Dr. Sergey Lagodinsky, Shelly Kupferberg, Daniel Grossmann, Anna Staroselski, Daniel Kahn, Helene Shani Braun, Prof. Michael Barenboim, Deborah Hartmann, Jonathan Kalmanovich (Ben Salomo), Anna Nero, Philipp Peyman Engel, Nelly Kranz, Dr. Roman Salyutov, Sharon Ryba-Kahn, Leon Kahane, Gila Baum\u00f6hl, Zsolt Balla, Dr. Anastassia Pletoukhina, Leonard Kaminski, Ren\u00e9e R\u00f6ske, Monty Ott and Sharon Suliman (Sharon).[vc_row][vc_column][vc_column_text]<\/p>\n<hr>\n<p><em><span style=\"color: #000000;\">Admission is free. Prior registration via the <a href=\"https:\/\/shop.freiheit.org\/#!\/Veranstaltung\/tfiyi\">Friedrich Naumann Foundation website<\/a> is required. If the security situation requires it, there may be security and bag checks at the entrance.<br \/>\n<\/span><\/em><\/p>\n<p><strong><span style=\"color: #003366;\">Note on visiting the exhibition: The reading will take place as a supporting event to the exhibition  <a href=\"https:\/\/villa-seligmann.de\/en\/product\/annefrank\/\">&#8220;Your Anne. A girl writes history&#8221;<\/a>  which will be shown at the Villa Seligmann from 07.02.-07.03.2024. The opportunity to view the exhibition individually from 6-7 p.m. is exclusively for participants of the subsequent reading.  <\/span><\/strong>[\/vc_column_text]        <div class=\"row\">\r\n            <div class=\"col-12 text-center\">\r\n                                <a\r\n                                            href=\"https:\/\/shop.freiheit.org\/#Buchung\/TFIYI\"\r\n                        target=\"\"\r\n                        rel=\"\"\r\n                        aria-label=\"Link zu https:\/\/shop.freiheit.org\/#Buchung\/TFIYI \u00f6ffnen\"\r\n                        class=\"btn btn-default btn-  btn-69dec042cb846\"\r\n                >\r\n                    Anmelden                <\/a>\r\n            <\/div>\r\n        <\/div>\r\n        [vc_column_text]<\/p>\n<hr>\n<p class=\"p2b contact-event\"><strong>Andrea von Treuenfeld <\/strong>studied journalism and German studies and, after a traineeship at a national daily newspaper, worked for many years as a columnist, correspondent and managing editor for well-known print media, including Welt am Sonntag and Wirtschaftswoche. Today she lives as a freelance journalist and author in Berlin. G\u00fctersloher Verlagshaus has already published her books &#8220;In Deutschland eine J\u00fcdin, eine Jeckete in Israel&#8221;, &#8220;Zur\u00fcck in das Land, das uns t\u00f6ten wollte&#8221;, &#8220;Erben des Holocaust&#8221;, &#8220;Israel. Moments from his biography&#8221; and &#8220;Living with Auschwitz&#8221;.<\/p>\n<p class=\"p2b contact-event\"><strong>Esther Belgorodski <\/strong>belongs to the young Jewish generation and has been active in the Jewish community since her youth. She was involved as a madricha in the youth center and later as president of the Association of Jewish Students North (VJSNord), a regional subgroup of the Jewish Student Union Germany (JSUD).<\/p>\n<p class=\"p2b contact-event\"><strong>Christoph Giesa <\/strong>deals with socially relevant topics of the future. In his texts and at political education events for adults, students and schoolchildren, he regularly addresses the challenges facing democracy in times of the rise of radical attitudes. His book &#8220;Echte Helden, falsche Helden&#8221; was published by Droemer Knaur in 2020.<\/p>\n<p>[\/vc_column_text][\/vc_column][\/vc_row][vc_row][vc_column][vc_column_text]<\/p>\n<hr>\n<p><strong><span style=\"color: #003366;\">Program<\/span><\/strong><\/p>\n<p><span style=\"color: #003366;\">6:00 pm<\/span><br \/>\nIndividual tour of the exhibition  <em>&#8220;Your Anne. A girl writes history&#8221;<\/em>  (exclusively for participants of the reading, binding registration required)<\/p>\n<p><span style=\"color: #003366;\">7:00 p.m.<\/span><br \/>\n<span style=\"color: #003366;\">Greetings<\/span><br \/>\n<em>Christoph Giesa (Friedrich Naumann Foundation for Freedom)<\/em><br \/>\n<em>Eliah Sakakushev-von Bismarck (Managing Director of Villa Seligmann)<\/em><br \/>\n<em>Walter Hirche (former State Minister and Chairman of the Board of Trustees of the Rudolf-von-Bennigsen Foundation)<\/em><\/p>\n<p><span style=\"color: #003366;\">Subsequently:<\/span><br \/>\nReading: Jewish now! &#8211; Young Jews on their lives in Germany with <em>Andrea von Treuenfeld (author and publicist)<\/em><\/p>\n<p>Talk with <em>Andrea von Treuenfeld and Esther Belgorodski (former president of the Association of Jewish Students North) Moderation: Christoph Giesa<\/em><\/p>\n<p><span style=\"color: #003366;\">8:30 pm<\/span><br \/>\nEnd of the event<\/p>\n<p><img loading=\"lazy\" decoding=\"async\" class=\"alignnone wp-image-40000 size-medium\" src=\"https:\/\/villa-seligmann.de\/wp-content\/uploads\/2023\/11\/Bildschirmfoto-2024-02-12-um-14.35.14-e1707745166784-768x96.png\" alt=\"\" width=\"768\" height=\"96\" srcset=\"https:\/\/villa-seligmann.de\/wp-content\/uploads\/2023\/11\/Bildschirmfoto-2024-02-12-um-14.35.14-e1707745166784-768x96.png 768w, https:\/\/villa-seligmann.de\/wp-content\/uploads\/2023\/11\/Bildschirmfoto-2024-02-12-um-14.35.14-e1707745166784-400x50.png 400w, https:\/\/villa-seligmann.de\/wp-content\/uploads\/2023\/11\/Bildschirmfoto-2024-02-12-um-14.35.14-e1707745166784-46x6.png 46w, https:\/\/villa-seligmann.de\/wp-content\/uploads\/2023\/11\/Bildschirmfoto-2024-02-12-um-14.35.14-e1707745166784-250x31.png 250w, https:\/\/villa-seligmann.de\/wp-content\/uploads\/2023\/11\/Bildschirmfoto-2024-02-12-um-14.35.14-e1707745166784-550x69.png 550w, https:\/\/villa-seligmann.de\/wp-content\/uploads\/2023\/11\/Bildschirmfoto-2024-02-12-um-14.35.14-e1707745166784-600x75.png 600w, https:\/\/villa-seligmann.de\/wp-content\/uploads\/2023\/11\/Bildschirmfoto-2024-02-12-um-14.35.14-e1707745166784.png 1061w\" sizes=\"auto, (max-width: 768px) 100vw, 768px\" \/>[\/vc_column_text][\/vc_column][\/vc_row]<\/p>\n<p>&nbsp;<\/p>\n<p><span style=\"color: #999999;\"><em>Please note that we will be taking photos and videos during this event. The image material will be published on our website and\/or social media channels and used for press work. By participating, visitors to this event agree to this.<\/em><\/span><\/p>\n<\/div>","protected":false},"excerpt":{"rendered":"<p><strong>Young Jews about their lives in Germany<\/strong><\/p>\n<p class=\"center event-details-subtitle\">Reading and discussion with Andrea von Treuenfeld and Esther Belgorodski. Moderation: Christoph Giesa<\/p>\n","protected":false},"featured_media":39895,"comment_status":"open","ping_status":"closed","template":"","meta":{"_acf_changed":false},"product_brand":[],"product_cat":[222,178,197],"product_tag":[332,342,343,344,188,345,346,214,216,217],"class_list":{"0":"post-39299","1":"product","2":"type-product","3":"status-publish","4":"has-post-thumbnail","6":"product_cat-exhibitions","7":"product_cat-events","8":"product_cat-readings-lectures","9":"product_tag-lecture","10":"product_tag-germany","11":"product_tag-jewish-culture","12":"product_tag-reading","13":"product_tag-culture","14":"product_tag-exhibition","15":"product_tag-conversation","16":"product_tag-judaism","17":"product_tag-discussion","18":"product_tag-religion-en","20":"first","21":"instock","22":"taxable","23":"shipping-taxable","24":"product-type-simple"},"acf":[],"yoast_head":"<!-- This site is optimized with the Yoast SEO plugin v27.2 - https:\/\/yoast.com\/product\/yoast-seo-wordpress\/ -->\n<title>Jewish now! - Villa Seligmann<\/title>\n<meta name=\"description\" content=\"Reading: &quot;Jewish now!&quot; - Young Jews about their lives in Germany\" \/>\n<meta name=\"robots\" content=\"index, follow, max-snippet:-1, max-image-preview:large, max-video-preview:-1\" \/>\n<link rel=\"canonical\" href=\"https:\/\/villa-seligmann.de\/en\/product\/melodies-of-life-kopie-kopie-kopie-2\/\" \/>\n<meta property=\"og:locale\" content=\"en_US\" \/>\n<meta property=\"og:type\" content=\"article\" \/>\n<meta property=\"og:title\" content=\"Jewish now! - Villa Seligmann\" \/>\n<meta property=\"og:description\" content=\"Reading: &quot;Jewish now!&quot; - Young Jews about their lives in Germany\" \/>\n<meta property=\"og:url\" content=\"https:\/\/villa-seligmann.de\/en\/product\/melodies-of-life-kopie-kopie-kopie-2\/\" \/>\n<meta property=\"og:site_name\" content=\"Villa Seligmann\" \/>\n<meta property=\"article:publisher\" content=\"https:\/\/www.facebook.com\/villa.seligmann\/\" \/>\n<meta property=\"article:modified_time\" content=\"2024-02-15T10:30:06+00:00\" \/>\n<meta property=\"og:image\" content=\"https:\/\/villa-seligmann.de\/wp-content\/uploads\/2023\/11\/Juedisch-jetzt-1.jpg\" \/>\n\t<meta property=\"og:image:width\" content=\"1600\" \/>\n\t<meta property=\"og:image:height\" content=\"900\" \/>\n\t<meta property=\"og:image:type\" content=\"image\/jpeg\" \/>\n<meta name=\"twitter:card\" content=\"summary_large_image\" \/>\n<meta name=\"twitter:label1\" content=\"Est. reading time\" \/>\n\t<meta name=\"twitter:data1\" content=\"2 minutes\" \/>\n<script type=\"application\/ld+json\" class=\"yoast-schema-graph\">{\"@context\":\"https:\/\/schema.org\",\"@graph\":[{\"@type\":\"WebPage\",\"@id\":\"https:\/\/villa-seligmann.de\/en\/product\/melodies-of-life-kopie-kopie-kopie-2\/\",\"url\":\"https:\/\/villa-seligmann.de\/en\/product\/melodies-of-life-kopie-kopie-kopie-2\/\",\"name\":\"Jewish now! - Villa Seligmann\",\"isPartOf\":{\"@id\":\"https:\/\/villa-seligmann.de\/en\/#website\"},\"primaryImageOfPage\":{\"@id\":\"https:\/\/villa-seligmann.de\/en\/product\/melodies-of-life-kopie-kopie-kopie-2\/#primaryimage\"},\"image\":{\"@id\":\"https:\/\/villa-seligmann.de\/en\/product\/melodies-of-life-kopie-kopie-kopie-2\/#primaryimage\"},\"thumbnailUrl\":\"https:\/\/villa-seligmann.de\/wp-content\/uploads\/2023\/11\/Juedisch-jetzt-1.jpg\",\"datePublished\":\"2023-11-30T13:32:41+00:00\",\"dateModified\":\"2024-02-15T10:30:06+00:00\",\"description\":\"Reading: \\\"Jewish now!\\\" - Young Jews about their lives in Germany\",\"breadcrumb\":{\"@id\":\"https:\/\/villa-seligmann.de\/en\/product\/melodies-of-life-kopie-kopie-kopie-2\/#breadcrumb\"},\"inLanguage\":\"en-US\",\"potentialAction\":[{\"@type\":\"ReadAction\",\"target\":[\"https:\/\/villa-seligmann.de\/en\/product\/melodies-of-life-kopie-kopie-kopie-2\/\"]}]},{\"@type\":\"ImageObject\",\"inLanguage\":\"en-US\",\"@id\":\"https:\/\/villa-seligmann.de\/en\/product\/melodies-of-life-kopie-kopie-kopie-2\/#primaryimage\",\"url\":\"https:\/\/villa-seligmann.de\/wp-content\/uploads\/2023\/11\/Juedisch-jetzt-1.jpg\",\"contentUrl\":\"https:\/\/villa-seligmann.de\/wp-content\/uploads\/2023\/11\/Juedisch-jetzt-1.jpg\",\"width\":1600,\"height\":900},{\"@type\":\"BreadcrumbList\",\"@id\":\"https:\/\/villa-seligmann.de\/en\/product\/melodies-of-life-kopie-kopie-kopie-2\/#breadcrumb\",\"itemListElement\":[{\"@type\":\"ListItem\",\"position\":1,\"name\":\"Startseite\",\"item\":\"https:\/\/villa-seligmann.de\/en\/your-address-for-living-jewish-culture-in-hanover\/\"},{\"@type\":\"ListItem\",\"position\":2,\"name\":\"Store\",\"item\":\"https:\/\/villa-seligmann.de\/en\/store\/\"},{\"@type\":\"ListItem\",\"position\":3,\"name\":\"Jewish now!\"}]},{\"@type\":\"WebSite\",\"@id\":\"https:\/\/villa-seligmann.de\/en\/#website\",\"url\":\"https:\/\/villa-seligmann.de\/en\/\",\"name\":\"Villa Seligmann\",\"description\":\"\",\"publisher\":{\"@id\":\"https:\/\/villa-seligmann.de\/en\/#organization\"},\"potentialAction\":[{\"@type\":\"SearchAction\",\"target\":{\"@type\":\"EntryPoint\",\"urlTemplate\":\"https:\/\/villa-seligmann.de\/en\/?s={search_term_string}\"},\"query-input\":{\"@type\":\"PropertyValueSpecification\",\"valueRequired\":true,\"valueName\":\"search_term_string\"}}],\"inLanguage\":\"en-US\"},{\"@type\":\"Organization\",\"@id\":\"https:\/\/villa-seligmann.de\/en\/#organization\",\"name\":\"Siegmund Seligmann Gesellschaft e.V.\",\"url\":\"https:\/\/villa-seligmann.de\/en\/\",\"logo\":{\"@type\":\"ImageObject\",\"inLanguage\":\"en-US\",\"@id\":\"https:\/\/villa-seligmann.de\/en\/#\/schema\/logo\/image\/\",\"url\":\"http:\/\/villa-seligmann.com\/wp-content\/uploads\/2023\/09\/Logo-Villa-Seligmann.svg\",\"contentUrl\":\"http:\/\/villa-seligmann.com\/wp-content\/uploads\/2023\/09\/Logo-Villa-Seligmann.svg\",\"width\":1278,\"height\":902,\"caption\":\"Siegmund Seligmann Gesellschaft e.V.\"},\"image\":{\"@id\":\"https:\/\/villa-seligmann.de\/en\/#\/schema\/logo\/image\/\"},\"sameAs\":[\"https:\/\/www.facebook.com\/villa.seligmann\/\",\"https:\/\/www.youtube.com\/channel\/UCv0CtyCbwPHMOb-cmdsXcjw\",\"https:\/\/www.instagram.com\/villaseligmann\/\"]}]}<\/script>\n<!-- \/ Yoast SEO plugin. -->","yoast_head_json":{"title":"Jewish now! - Villa Seligmann","description":"Reading: \"Jewish now!\" - Young Jews about their lives in Germany","robots":{"index":"index","follow":"follow","max-snippet":"max-snippet:-1","max-image-preview":"max-image-preview:large","max-video-preview":"max-video-preview:-1"},"canonical":"https:\/\/villa-seligmann.de\/en\/product\/melodies-of-life-kopie-kopie-kopie-2\/","og_locale":"en_US","og_type":"article","og_title":"Jewish now! - Villa Seligmann","og_description":"Reading: \"Jewish now!\" - Young Jews about their lives in Germany","og_url":"https:\/\/villa-seligmann.de\/en\/product\/melodies-of-life-kopie-kopie-kopie-2\/","og_site_name":"Villa Seligmann","article_publisher":"https:\/\/www.facebook.com\/villa.seligmann\/","article_modified_time":"2024-02-15T10:30:06+00:00","og_image":[{"width":1600,"height":900,"url":"https:\/\/villa-seligmann.de\/wp-content\/uploads\/2023\/11\/Juedisch-jetzt-1.jpg","type":"image\/jpeg"}],"twitter_card":"summary_large_image","twitter_misc":{"Est. reading time":"2 minutes"},"schema":{"@context":"https:\/\/schema.org","@graph":[{"@type":"WebPage","@id":"https:\/\/villa-seligmann.de\/en\/product\/melodies-of-life-kopie-kopie-kopie-2\/","url":"https:\/\/villa-seligmann.de\/en\/product\/melodies-of-life-kopie-kopie-kopie-2\/","name":"Jewish now! - Villa Seligmann","isPartOf":{"@id":"https:\/\/villa-seligmann.de\/en\/#website"},"primaryImageOfPage":{"@id":"https:\/\/villa-seligmann.de\/en\/product\/melodies-of-life-kopie-kopie-kopie-2\/#primaryimage"},"image":{"@id":"https:\/\/villa-seligmann.de\/en\/product\/melodies-of-life-kopie-kopie-kopie-2\/#primaryimage"},"thumbnailUrl":"https:\/\/villa-seligmann.de\/wp-content\/uploads\/2023\/11\/Juedisch-jetzt-1.jpg","datePublished":"2023-11-30T13:32:41+00:00","dateModified":"2024-02-15T10:30:06+00:00","description":"Reading: \"Jewish now!\" - Young Jews about their lives in Germany","breadcrumb":{"@id":"https:\/\/villa-seligmann.de\/en\/product\/melodies-of-life-kopie-kopie-kopie-2\/#breadcrumb"},"inLanguage":"en-US","potentialAction":[{"@type":"ReadAction","target":["https:\/\/villa-seligmann.de\/en\/product\/melodies-of-life-kopie-kopie-kopie-2\/"]}]},{"@type":"ImageObject","inLanguage":"en-US","@id":"https:\/\/villa-seligmann.de\/en\/product\/melodies-of-life-kopie-kopie-kopie-2\/#primaryimage","url":"https:\/\/villa-seligmann.de\/wp-content\/uploads\/2023\/11\/Juedisch-jetzt-1.jpg","contentUrl":"https:\/\/villa-seligmann.de\/wp-content\/uploads\/2023\/11\/Juedisch-jetzt-1.jpg","width":1600,"height":900},{"@type":"BreadcrumbList","@id":"https:\/\/villa-seligmann.de\/en\/product\/melodies-of-life-kopie-kopie-kopie-2\/#breadcrumb","itemListElement":[{"@type":"ListItem","position":1,"name":"Startseite","item":"https:\/\/villa-seligmann.de\/en\/your-address-for-living-jewish-culture-in-hanover\/"},{"@type":"ListItem","position":2,"name":"Store","item":"https:\/\/villa-seligmann.de\/en\/store\/"},{"@type":"ListItem","position":3,"name":"Jewish now!"}]},{"@type":"WebSite","@id":"https:\/\/villa-seligmann.de\/en\/#website","url":"https:\/\/villa-seligmann.de\/en\/","name":"Villa Seligmann","description":"","publisher":{"@id":"https:\/\/villa-seligmann.de\/en\/#organization"},"potentialAction":[{"@type":"SearchAction","target":{"@type":"EntryPoint","urlTemplate":"https:\/\/villa-seligmann.de\/en\/?s={search_term_string}"},"query-input":{"@type":"PropertyValueSpecification","valueRequired":true,"valueName":"search_term_string"}}],"inLanguage":"en-US"},{"@type":"Organization","@id":"https:\/\/villa-seligmann.de\/en\/#organization","name":"Siegmund Seligmann Gesellschaft e.V.","url":"https:\/\/villa-seligmann.de\/en\/","logo":{"@type":"ImageObject","inLanguage":"en-US","@id":"https:\/\/villa-seligmann.de\/en\/#\/schema\/logo\/image\/","url":"http:\/\/villa-seligmann.com\/wp-content\/uploads\/2023\/09\/Logo-Villa-Seligmann.svg","contentUrl":"http:\/\/villa-seligmann.com\/wp-content\/uploads\/2023\/09\/Logo-Villa-Seligmann.svg","width":1278,"height":902,"caption":"Siegmund Seligmann Gesellschaft e.V."},"image":{"@id":"https:\/\/villa-seligmann.de\/en\/#\/schema\/logo\/image\/"},"sameAs":["https:\/\/www.facebook.com\/villa.seligmann\/","https:\/\/www.youtube.com\/channel\/UCv0CtyCbwPHMOb-cmdsXcjw","https:\/\/www.instagram.com\/villaseligmann\/"]}]}},"_links":{"self":[{"href":"https:\/\/villa-seligmann.de\/en\/wp-json\/wp\/v2\/product\/39299","targetHints":{"allow":["GET"]}}],"collection":[{"href":"https:\/\/villa-seligmann.de\/en\/wp-json\/wp\/v2\/product"}],"about":[{"href":"https:\/\/villa-seligmann.de\/en\/wp-json\/wp\/v2\/types\/product"}],"replies":[{"embeddable":true,"href":"https:\/\/villa-seligmann.de\/en\/wp-json\/wp\/v2\/comments?post=39299"}],"wp:featuredmedia":[{"embeddable":true,"href":"https:\/\/villa-seligmann.de\/en\/wp-json\/wp\/v2\/media\/39895"}],"wp:attachment":[{"href":"https:\/\/villa-seligmann.de\/en\/wp-json\/wp\/v2\/media?parent=39299"}],"wp:term":[{"taxonomy":"product_brand","embeddable":true,"href":"https:\/\/villa-seligmann.de\/en\/wp-json\/wp\/v2\/product_brand?post=39299"},{"taxonomy":"product_cat","embeddable":true,"href":"https:\/\/villa-seligmann.de\/en\/wp-json\/wp\/v2\/product_cat?post=39299"},{"taxonomy":"product_tag","embeddable":true,"href":"https:\/\/villa-seligmann.de\/en\/wp-json\/wp\/v2\/product_tag?post=39299"}],"curies":[{"name":"wp","href":"https:\/\/api.w.org\/{rel}","templated":true}]}}