{"id":37052,"date":"2023-02-24T15:59:54","date_gmt":"2023-02-24T14:59:54","guid":{"rendered":"https:\/\/villa-seligmann.de\/the-villa\/history\/"},"modified":"2026-03-03T14:05:43","modified_gmt":"2026-03-03T13:05:43","slug":"history","status":"publish","type":"page","link":"https:\/\/villa-seligmann.de\/en\/the-villa\/history\/","title":{"rendered":"History"},"content":{"rendered":"<div class=\"wpb-content-wrapper\"><p>[vc_section][vc_row equal_height=&#8221;yes&#8221;][vc_column width=&#8221;2\/3&#8243;][vc_column_text css=&#8221;&#8221;]<\/p>\n<h1>The namesake<\/h1>\n<h2>Siegmund Seligmann<\/h2>\n<p>Siegmund Seligmann, the former owner and namesake of Villa Seligmann, was born in Verden an der Aller on August 19, 1853. After an apprenticeship in a manufactured goods business, he joined Continental-Caoutchouc- &amp; Gutta-Percha-Compagnie AG in Hanover, which had been founded five years earlier, as an authorized signatory in 1876. In 1879, at the age of just 26, he became commercial director and a member of the company&#8217;s management board  <\/p>\n<p>The Seligmann era marked a significant rise for Continental in the German rubber industry. Under his leadership, the company developed into a world-class enterprise. As commercial director, Seligmann made a significant contribution to the growth and diversification of the company.  <\/p>\n<p>Siegmund Seligmann received numerous honors and awards for his services to Continental. Among other things, he was an honorary member of the Chamber of Industry and Commerce and was appointed Privy Councillor of Commerce, a title awarded to successful business personalities. He was not only an important industrialist, but also a generous patron of the arts who supported foundations in Hanover and Verden. In 1923, on the occasion of his 70th birthday, he was made an honorary citizen of the city of Hanover. Siegmund Seligmann died on October 12, 1925 at the age of 72.   <\/p>\n<p>In 1910, Siegmund Seligmann had himself portrayed by the painter Max Liebermann. Today, the portrait is on permanent loan from the descendants of Siegmund Seligmann and can be seen in the Villa Seligmann.[\/vc_column_text][\/vc_column][vc_column width=&#8221;1\/3&#8243;][vc_single_image image=&#8221;430&#8243; img_size=&#8221;500&#215;700&#8243; css=&#8221;&#8221;][\/vc_column][\/vc_row][\/vc_section][vc_section][vc_row][vc_column width=&#8221;2\/3&#8243;][vc_column_text]<\/p>\n<h2>The initiator<\/h2>\n<p>100 years after the completion of Villa Seligmann and Siegmund Seligmann&#8217;s moving into the house, the Siegmund Seligmann Foundation was established in 2006, initiated by Professor Andor Izs\u00e1k. Enabled by a great amount of civic commitment, the foundation for Villa Seligmann, the House of Jewish Music, was laid in order to create a place of encounter and dialogue.<\/p>\n<p>Professor Izs\u00e1k was born in Budapest in 1944 and studied at the Franz Liszt Academy of Music. Already in his student days, he was organist at the Budapest Doh\u00e1ny Synagogue, the largest synagogue in Europe. After many years of teaching at the B\u00e9la Bart\u00f3k Conservatory and the legendary Fodor Music School, as well as choral and opera conductor, Andor Izs\u00e1k moved to Germany.<\/p>\n<p>His intensive involvement with Jewish music (compositional activities, teaching, research and performances with renowned representatives of synagogal music from all over the world) resulted in the founding of the European Center for Jewish Music in 1988. It became an institute of the Hanover University of Music, Drama and Media under his direction in 1992. In 2003 Andor Izs\u00e1k was appointed to the professorship of Synagogal Music.<\/p>\n<p>Today, Professor Izs\u00e1k holds the position of Honorary President of the Siegmund Seligmann Foundation and the Siegmund Seligmann Gesellschaft e.V. as well as of the Friends of Villa Seligmann e.V. Dr. Arno Beyer, former deputy director of the NDR, published a biography about Professor Izs\u00e1k&#8217;s life, titled &#8220;Andor der Spielmann &#8211; Ein j\u00fcdisches Musikerleben&#8221;.[\/vc_column_text][vc_column_text][\/vc_column_text][\/vc_column][vc_column width=&#8221;1\/3&#8243;][vc_single_image image=&#8221;443&#8243; img_size=&#8221;medium&#8221;][\/vc_column][\/vc_row][\/vc_section]<\/p>\n<\/div>","protected":false},"excerpt":{"rendered":"<p>[vc_section][vc_row equal_height=&#8221;yes&#8221;][vc_column width=&#8221;2\/3&#8243;][vc_column_text css=&#8221;&#8221;] The namesake Siegmund Seligmann Siegmund Seligmann, the former owner and namesake of Villa Seligmann, was born in Verden an der Aller on August 19, 1853. After an apprenticeship in a manufactured goods business, he joined Continental-Caoutchouc- &amp; Gutta-Percha-Compagnie AG in Hanover, which had been founded five years earlier, as an authorized<\/p>\n","protected":false},"author":1,"featured_media":0,"parent":37047,"menu_order":0,"comment_status":"closed","ping_status":"closed","template":"","meta":{"_acf_changed":false,"footnotes":""},"class_list":["post-37052","page","type-page","status-publish","hentry"],"acf":[],"yoast_head":"<!-- This site is optimized with the Yoast SEO plugin v27.2 - https:\/\/yoast.com\/product\/yoast-seo-wordpress\/ -->\n<title>History - Villa Seligmann<\/title>\n<meta name=\"description\" content=\"The history of Villa Seligmann - 1906 to the present day\" \/>\n<meta name=\"robots\" content=\"index, follow, max-snippet:-1, max-image-preview:large, max-video-preview:-1\" \/>\n<link rel=\"canonical\" href=\"https:\/\/villa-seligmann.de\/en\/the-villa\/history\/\" \/>\n<meta property=\"og:locale\" content=\"en_US\" \/>\n<meta property=\"og:type\" content=\"article\" \/>\n<meta property=\"og:title\" content=\"History - Villa Seligmann\" \/>\n<meta property=\"og:description\" content=\"The history of Villa Seligmann - 1906 to the present day\" \/>\n<meta property=\"og:url\" content=\"https:\/\/villa-seligmann.de\/en\/the-villa\/history\/\" \/>\n<meta property=\"og:site_name\" content=\"Villa Seligmann\" \/>\n<meta property=\"article:publisher\" content=\"https:\/\/www.facebook.com\/villa.seligmann\/\" \/>\n<meta property=\"article:modified_time\" content=\"2026-03-03T13:05:43+00:00\" \/>\n<meta name=\"twitter:card\" content=\"summary_large_image\" \/>\n<meta name=\"twitter:label1\" content=\"Est. reading time\" \/>\n\t<meta name=\"twitter:data1\" content=\"3 minutes\" \/>\n<script type=\"application\/ld+json\" class=\"yoast-schema-graph\">{\"@context\":\"https:\/\/schema.org\",\"@graph\":[{\"@type\":\"WebPage\",\"@id\":\"https:\/\/villa-seligmann.de\/en\/the-villa\/history\/\",\"url\":\"https:\/\/villa-seligmann.de\/en\/the-villa\/history\/\",\"name\":\"History - Villa Seligmann\",\"isPartOf\":{\"@id\":\"https:\/\/villa-seligmann.de\/en\/#website\"},\"datePublished\":\"2023-02-24T14:59:54+00:00\",\"dateModified\":\"2026-03-03T13:05:43+00:00\",\"description\":\"The history of Villa Seligmann - 1906 to the present day\",\"breadcrumb\":{\"@id\":\"https:\/\/villa-seligmann.de\/en\/the-villa\/history\/#breadcrumb\"},\"inLanguage\":\"en-US\",\"potentialAction\":[{\"@type\":\"ReadAction\",\"target\":[\"https:\/\/villa-seligmann.de\/en\/the-villa\/history\/\"]}]},{\"@type\":\"BreadcrumbList\",\"@id\":\"https:\/\/villa-seligmann.de\/en\/the-villa\/history\/#breadcrumb\",\"itemListElement\":[{\"@type\":\"ListItem\",\"position\":1,\"name\":\"Startseite\",\"item\":\"https:\/\/villa-seligmann.de\/en\/your-address-for-living-jewish-culture-in-hanover\/\"},{\"@type\":\"ListItem\",\"position\":2,\"name\":\"The Villa\",\"item\":\"https:\/\/villa-seligmann.de\/en\/the-villa\/\"},{\"@type\":\"ListItem\",\"position\":3,\"name\":\"History\"}]},{\"@type\":\"WebSite\",\"@id\":\"https:\/\/villa-seligmann.de\/en\/#website\",\"url\":\"https:\/\/villa-seligmann.de\/en\/\",\"name\":\"Villa Seligmann\",\"description\":\"\",\"publisher\":{\"@id\":\"https:\/\/villa-seligmann.de\/en\/#organization\"},\"potentialAction\":[{\"@type\":\"SearchAction\",\"target\":{\"@type\":\"EntryPoint\",\"urlTemplate\":\"https:\/\/villa-seligmann.de\/en\/?s={search_term_string}\"},\"query-input\":{\"@type\":\"PropertyValueSpecification\",\"valueRequired\":true,\"valueName\":\"search_term_string\"}}],\"inLanguage\":\"en-US\"},{\"@type\":\"Organization\",\"@id\":\"https:\/\/villa-seligmann.de\/en\/#organization\",\"name\":\"Siegmund Seligmann Gesellschaft e.V.\",\"url\":\"https:\/\/villa-seligmann.de\/en\/\",\"logo\":{\"@type\":\"ImageObject\",\"inLanguage\":\"en-US\",\"@id\":\"https:\/\/villa-seligmann.de\/en\/#\/schema\/logo\/image\/\",\"url\":\"http:\/\/villa-seligmann.com\/wp-content\/uploads\/2023\/09\/Logo-Villa-Seligmann.svg\",\"contentUrl\":\"http:\/\/villa-seligmann.com\/wp-content\/uploads\/2023\/09\/Logo-Villa-Seligmann.svg\",\"width\":1278,\"height\":902,\"caption\":\"Siegmund Seligmann Gesellschaft e.V.\"},\"image\":{\"@id\":\"https:\/\/villa-seligmann.de\/en\/#\/schema\/logo\/image\/\"},\"sameAs\":[\"https:\/\/www.facebook.com\/villa.seligmann\/\",\"https:\/\/www.youtube.com\/channel\/UCv0CtyCbwPHMOb-cmdsXcjw\",\"https:\/\/www.instagram.com\/villaseligmann\/\"]}]}<\/script>\n<!-- \/ Yoast SEO plugin. -->","yoast_head_json":{"title":"History - Villa Seligmann","description":"The history of Villa Seligmann - 1906 to the present day","robots":{"index":"index","follow":"follow","max-snippet":"max-snippet:-1","max-image-preview":"max-image-preview:large","max-video-preview":"max-video-preview:-1"},"canonical":"https:\/\/villa-seligmann.de\/en\/the-villa\/history\/","og_locale":"en_US","og_type":"article","og_title":"History - Villa Seligmann","og_description":"The history of Villa Seligmann - 1906 to the present day","og_url":"https:\/\/villa-seligmann.de\/en\/the-villa\/history\/","og_site_name":"Villa Seligmann","article_publisher":"https:\/\/www.facebook.com\/villa.seligmann\/","article_modified_time":"2026-03-03T13:05:43+00:00","twitter_card":"summary_large_image","twitter_misc":{"Est. reading time":"3 minutes"},"schema":{"@context":"https:\/\/schema.org","@graph":[{"@type":"WebPage","@id":"https:\/\/villa-seligmann.de\/en\/the-villa\/history\/","url":"https:\/\/villa-seligmann.de\/en\/the-villa\/history\/","name":"History - Villa Seligmann","isPartOf":{"@id":"https:\/\/villa-seligmann.de\/en\/#website"},"datePublished":"2023-02-24T14:59:54+00:00","dateModified":"2026-03-03T13:05:43+00:00","description":"The history of Villa Seligmann - 1906 to the present day","breadcrumb":{"@id":"https:\/\/villa-seligmann.de\/en\/the-villa\/history\/#breadcrumb"},"inLanguage":"en-US","potentialAction":[{"@type":"ReadAction","target":["https:\/\/villa-seligmann.de\/en\/the-villa\/history\/"]}]},{"@type":"BreadcrumbList","@id":"https:\/\/villa-seligmann.de\/en\/the-villa\/history\/#breadcrumb","itemListElement":[{"@type":"ListItem","position":1,"name":"Startseite","item":"https:\/\/villa-seligmann.de\/en\/your-address-for-living-jewish-culture-in-hanover\/"},{"@type":"ListItem","position":2,"name":"The Villa","item":"https:\/\/villa-seligmann.de\/en\/the-villa\/"},{"@type":"ListItem","position":3,"name":"History"}]},{"@type":"WebSite","@id":"https:\/\/villa-seligmann.de\/en\/#website","url":"https:\/\/villa-seligmann.de\/en\/","name":"Villa Seligmann","description":"","publisher":{"@id":"https:\/\/villa-seligmann.de\/en\/#organization"},"potentialAction":[{"@type":"SearchAction","target":{"@type":"EntryPoint","urlTemplate":"https:\/\/villa-seligmann.de\/en\/?s={search_term_string}"},"query-input":{"@type":"PropertyValueSpecification","valueRequired":true,"valueName":"search_term_string"}}],"inLanguage":"en-US"},{"@type":"Organization","@id":"https:\/\/villa-seligmann.de\/en\/#organization","name":"Siegmund Seligmann Gesellschaft e.V.","url":"https:\/\/villa-seligmann.de\/en\/","logo":{"@type":"ImageObject","inLanguage":"en-US","@id":"https:\/\/villa-seligmann.de\/en\/#\/schema\/logo\/image\/","url":"http:\/\/villa-seligmann.com\/wp-content\/uploads\/2023\/09\/Logo-Villa-Seligmann.svg","contentUrl":"http:\/\/villa-seligmann.com\/wp-content\/uploads\/2023\/09\/Logo-Villa-Seligmann.svg","width":1278,"height":902,"caption":"Siegmund Seligmann Gesellschaft e.V."},"image":{"@id":"https:\/\/villa-seligmann.de\/en\/#\/schema\/logo\/image\/"},"sameAs":["https:\/\/www.facebook.com\/villa.seligmann\/","https:\/\/www.youtube.com\/channel\/UCv0CtyCbwPHMOb-cmdsXcjw","https:\/\/www.instagram.com\/villaseligmann\/"]}]}},"_links":{"self":[{"href":"https:\/\/villa-seligmann.de\/en\/wp-json\/wp\/v2\/pages\/37052","targetHints":{"allow":["GET"]}}],"collection":[{"href":"https:\/\/villa-seligmann.de\/en\/wp-json\/wp\/v2\/pages"}],"about":[{"href":"https:\/\/villa-seligmann.de\/en\/wp-json\/wp\/v2\/types\/page"}],"author":[{"embeddable":true,"href":"https:\/\/villa-seligmann.de\/en\/wp-json\/wp\/v2\/users\/1"}],"replies":[{"embeddable":true,"href":"https:\/\/villa-seligmann.de\/en\/wp-json\/wp\/v2\/comments?post=37052"}],"version-history":[{"count":75,"href":"https:\/\/villa-seligmann.de\/en\/wp-json\/wp\/v2\/pages\/37052\/revisions"}],"predecessor-version":[{"id":49966,"href":"https:\/\/villa-seligmann.de\/en\/wp-json\/wp\/v2\/pages\/37052\/revisions\/49966"}],"up":[{"embeddable":true,"href":"https:\/\/villa-seligmann.de\/en\/wp-json\/wp\/v2\/pages\/37047"}],"wp:attachment":[{"href":"https:\/\/villa-seligmann.de\/en\/wp-json\/wp\/v2\/media?parent=37052"}],"curies":[{"name":"wp","href":"https:\/\/api.w.org\/{rel}","templated":true}]}}